{"id":58764,"date":"2022-11-09T16:03:41","date_gmt":"2022-11-09T16:03:41","guid":{"rendered":"https:\/\/www.legal500.com\/events\/?page_id=58764"},"modified":"2022-11-23T13:38:42","modified_gmt":"2022-11-23T13:38:42","slug":"experiencias-presenciales-y-remotas-la-razon-por-la-que-el-modelo-hibrido-es-el-futuro-de-los-profesionales-legales","status":"publish","type":"page","link":"https:\/\/my.legal500.com\/events\/webinars-home\/experiencias-presenciales-y-remotas-la-razon-por-la-que-el-modelo-hibrido-es-el-futuro-de-los-profesionales-legales\/","title":{"rendered":"Experiencias presenciales y remotas: la raz\u00f3n por la que el modelo h\u00edbrido es el futuro de los profesionales legales"},"content":{"rendered":"<p>Hoy en d\u00eda, los profesionales legales buscan modernizar la manera en la que interact\u00faan con los clientes, ya que las reuniones tradicionales en persona se volvieron todo un desaf\u00edo en este mundo cada vez m\u00e1s orientado a lo remoto. Tanto los abogados como sus clientes esperan poder realizar negocios de manera remota, desde el dispositivo que elijan y cuando quieran. Pese a esta ola de digitalizaci\u00f3n, los clientes a\u00fan valoran la conexi\u00f3n humana. Por eso, el modelo h\u00edbrido es una combinaci\u00f3n importante que busca replicar las experiencias presenciales.<\/p>\n<p>\u00danase a esta transmisi\u00f3n para descubrir c\u00f3mo superar los desaf\u00edos a la hora de reproducir las experiencias presenciales en canales remotos y modernizar su forma de interactuar con clientes.<\/p>\n<p>Tambi\u00e9n aprender\u00e1 a hacer lo siguiente:<\/p>\n<ul>\n<li>Desarrollar un modelo h\u00edbrido para abordar las conductas nuevas y cambiantes de los consumidores en un mundo donde lo remoto es la prioridad.<\/li>\n<li>Reproducir las interacciones presenciales a trav\u00e9s de plataformas digitales que integren la firma electr\u00f3nica, las videoconferencias, la validaci\u00f3n de identidad y una rica funcionalidad de colaboraci\u00f3n.<\/li>\n<li>Construir una mayor conexi\u00f3n y lealtad con los clientes a lo largo del tiempo con un modelo h\u00edbrido.<\/li>\n<\/ul>\n<h2>English<\/h2>\n<p>Today, legal professionals are looking to modernize how they interact with clients, as traditional face-to-face meetings have become a challenge in our increasingly remote world. Lawyers and clients both expect the ability to conduct business remotely, with any device they choose, at their own convenience. Despite this surge in all-things digital, clients still value the human connection. That\u2019s why a human-digital hybrid model is an important combination for replicating the in-person experience.<\/p>\n<p>Join this webcast to discover how to overcome the challenges of replicating the in-person experience via remote channels, and modernise how you interact with your clients.<\/p>\n<p>You will also learn how to:<\/p>\n<ul>\n<li>Develop a hybrid model to address new and evolving consumer behaviors in a remote-first world.<\/li>\n<li>Replicate in-person interactions through digital platforms that integrate e-signature, videoconferencing, identity proofing, and rich collaboration capabilities.<\/li>\n<li>Build a stronger connection and loyalty with clients over time with a hybrid model.<\/li>\n<\/ul>\n","protected":false},"excerpt":{"rendered":"<p>Hoy en d\u00eda, los profesionales legales buscan modernizar la manera en la que interact\u00faan con los clientes, ya que las reuniones tradicionales en persona se volvieron todo un desaf\u00edo en este mundo cada vez m\u00e1s orientado a lo remoto. Tanto los abogados como sus clientes esperan poder realizar negocios de manera remota, desde el dispositivo &hellip; <\/p>\n<p class=\"link-more\"><a href=\"https:\/\/my.legal500.com\/events\/webinars-home\/experiencias-presenciales-y-remotas-la-razon-por-la-que-el-modelo-hibrido-es-el-futuro-de-los-profesionales-legales\/\" class=\"more-link\">Continue reading<span class=\"screen-reader-text\"> &#8220;Experiencias presenciales y remotas: la raz\u00f3n por la que el modelo h\u00edbrido es el futuro de los profesionales legales&#8221;<\/span><\/a><\/p>\n","protected":false},"author":27832,"featured_media":59092,"parent":20789,"menu_order":0,"comment_status":"closed","ping_status":"closed","template":"","meta":{"footnotes":""},"class_list":["post-58764","page","type-page","status-publish","has-post-thumbnail","hentry"],"acf":[],"_links":{"self":[{"href":"https:\/\/my.legal500.com\/events\/wp-json\/wp\/v2\/pages\/58764","targetHints":{"allow":["GET"]}}],"collection":[{"href":"https:\/\/my.legal500.com\/events\/wp-json\/wp\/v2\/pages"}],"about":[{"href":"https:\/\/my.legal500.com\/events\/wp-json\/wp\/v2\/types\/page"}],"author":[{"embeddable":true,"href":"https:\/\/my.legal500.com\/events\/wp-json\/wp\/v2\/users\/27832"}],"replies":[{"embeddable":true,"href":"https:\/\/my.legal500.com\/events\/wp-json\/wp\/v2\/comments?post=58764"}],"version-history":[{"count":1,"href":"https:\/\/my.legal500.com\/events\/wp-json\/wp\/v2\/pages\/58764\/revisions"}],"predecessor-version":[{"id":63348,"href":"https:\/\/my.legal500.com\/events\/wp-json\/wp\/v2\/pages\/58764\/revisions\/63348"}],"up":[{"embeddable":true,"href":"https:\/\/my.legal500.com\/events\/wp-json\/wp\/v2\/pages\/20789"}],"wp:featuredmedia":[{"embeddable":true,"href":"https:\/\/my.legal500.com\/events\/wp-json\/wp\/v2\/media\/59092"}],"wp:attachment":[{"href":"https:\/\/my.legal500.com\/events\/wp-json\/wp\/v2\/media?parent=58764"}],"curies":[{"name":"wp","href":"https:\/\/api.w.org\/{rel}","templated":true}]}}