{"id":43082,"date":"2022-09-26T14:13:08","date_gmt":"2022-09-26T14:13:08","guid":{"rendered":"https:\/\/www.legal500.com\/events\/?page_id=43082"},"modified":"2022-10-26T10:35:57","modified_gmt":"2022-10-26T10:35:57","slug":"current-venture-capital-trends-in-the-czech-republic","status":"publish","type":"page","link":"https:\/\/my.legal500.com\/events\/webinars-home\/current-venture-capital-trends-in-the-czech-republic\/","title":{"rendered":"Current Venture Capital Trends in the Czech Republic"},"content":{"rendered":"<p><strong>As venture capital investments have grown increasingly popular in the CEE region in the past couple of years, some not insignificant legal challenges arose.\u00a0<\/strong><\/p>\n<p><strong>This webinar co-hosted by The Legal 500 and Koci\u00e1n \u0160olc Bala\u0161t\u00edk aims to highlight some of those challenges, focusing on the following issues:<\/strong><\/p>\n<ul>\n<li>Latest trends in VC deals and the current mood in the Czech Republic<\/li>\n<li>Valuation and its determination<\/li>\n<li>Application of common law concepts to continental legal systems<\/li>\n<li>Subordination of convertible loans and conversion mechanism<\/li>\n<li>Liability of the company and its corporate consequences<\/li>\n<li>Forms of founder\u2019s engagement and structuring non-compete obligations<\/li>\n<li>ESOP (Employee Stock Ownership Plans) and their different forms<\/li>\n<\/ul>\n","protected":false},"excerpt":{"rendered":"<p>As venture capital investments have grown increasingly popular in the CEE region in the past couple of years, some not insignificant legal challenges arose.\u00a0 This webinar co-hosted by The Legal 500 and Koci\u00e1n \u0160olc Bala\u0161t\u00edk aims to highlight some of those challenges, focusing on the following issues: Latest trends in VC deals and the current &hellip; <\/p>\n<p class=\"link-more\"><a href=\"https:\/\/my.legal500.com\/events\/webinars-home\/current-venture-capital-trends-in-the-czech-republic\/\" class=\"more-link\">Continue reading<span class=\"screen-reader-text\"> &#8220;Current Venture Capital Trends in the Czech Republic&#8221;<\/span><\/a><\/p>\n","protected":false},"author":27832,"featured_media":52164,"parent":20789,"menu_order":0,"comment_status":"closed","ping_status":"closed","template":"","meta":{"footnotes":""},"class_list":["post-43082","page","type-page","status-publish","has-post-thumbnail","hentry"],"acf":[],"_links":{"self":[{"href":"https:\/\/my.legal500.com\/events\/wp-json\/wp\/v2\/pages\/43082","targetHints":{"allow":["GET"]}}],"collection":[{"href":"https:\/\/my.legal500.com\/events\/wp-json\/wp\/v2\/pages"}],"about":[{"href":"https:\/\/my.legal500.com\/events\/wp-json\/wp\/v2\/types\/page"}],"author":[{"embeddable":true,"href":"https:\/\/my.legal500.com\/events\/wp-json\/wp\/v2\/users\/27832"}],"replies":[{"embeddable":true,"href":"https:\/\/my.legal500.com\/events\/wp-json\/wp\/v2\/comments?post=43082"}],"version-history":[{"count":1,"href":"https:\/\/my.legal500.com\/events\/wp-json\/wp\/v2\/pages\/43082\/revisions"}],"predecessor-version":[{"id":56298,"href":"https:\/\/my.legal500.com\/events\/wp-json\/wp\/v2\/pages\/43082\/revisions\/56298"}],"up":[{"embeddable":true,"href":"https:\/\/my.legal500.com\/events\/wp-json\/wp\/v2\/pages\/20789"}],"wp:featuredmedia":[{"embeddable":true,"href":"https:\/\/my.legal500.com\/events\/wp-json\/wp\/v2\/media\/52164"}],"wp:attachment":[{"href":"https:\/\/my.legal500.com\/events\/wp-json\/wp\/v2\/media?parent=43082"}],"curies":[{"name":"wp","href":"https:\/\/api.w.org\/{rel}","templated":true}]}}