{"id":40286,"date":"2022-08-05T15:51:30","date_gmt":"2022-08-05T15:51:30","guid":{"rendered":"https:\/\/www.legal500.com\/events\/?page_id=40286"},"modified":"2022-10-10T13:40:56","modified_gmt":"2022-10-10T13:40:56","slug":"bolivia-employment-webinar-2022","status":"publish","type":"page","link":"https:\/\/my.legal500.com\/events\/webinars-home\/bolivia-employment-webinar-2022\/","title":{"rendered":"Bolivia Employment Webinar &#8211; 2022"},"content":{"rendered":"<p>No sorprende que la pandemia de Covid-19 haya redefinido la relaci\u00f3n de la mayor\u00eda de las personas con su trabajo. Las iniciativas que ofrecen m\u00e1s flexibilidad se est\u00e1n convirtiendo en la norma, en parte gracias a la tecnolog\u00eda, y la interconexi\u00f3n del mundo de hoy significa que cada d\u00eda son posibles nuevas formas de trabajar. Sin embargo, para ciertas jurisdicciones como Bolivia que cuentan con fuertes protecciones para los empleados, esto significa que los inversionistas potenciales deben considerar el panorama laboral local y c\u00f3mo implementar nuevos conceptos. \u00danase a nosotros en la discusi\u00f3n mientras discutimos:<\/p>\n<p>El s\u00f3lido entorno regulatorio laboral en Bolivia y las implicaciones que esto tiene para los empleadores y empleados que desean terminar su situaci\u00f3n laboral.<\/p>\n<p>Econom\u00edas gig: la importancia de que los empleados tengan derechos suficientes en un entorno regulatorio que fomenta el empleo bajo la condici\u00f3n de contratista.<\/p>\n<p>Las empresas sociales en Bolivia y c\u00f3mo tanto los empleadores como los empleados pueden mitigar los riesgos en el complejo panorama legislativo actual.<\/p>\n<p><span style=\"font-size: 1rem;\">&#8212;&#8212;&#8212;-<\/span><\/p>\n<p><span style=\"font-size: 1rem;\">It&#8217;s no surprise that the Covid-19 pandemic has redefined people&#8217;s relationship with their work. Initiatives that offer more flexibility are becoming the norm, thanks, in part, to technology, and today&#8217;s interconnected world, which means that new ways of working are possible every day. However, for certain jurisdictions like Bolivia, that have strong employee protections, this indicates that potential investors need to consider the local labour landscape and how to implement new concepts. Join us in the discussion as we discuss:<\/span><\/p>\n<p>The strong labor regulatory environment in Bolivia and the implications this has for employers and employees who wish to terminate their employment status.<\/p>\n<p>Gig economies: the importance of employees having sufficient rights in a regulatory environment that encourages employment as a contractor.<\/p>\n<p>Social enterprises in Bolivia and how both employers and employees can mitigate risks in today&#8217;s complex legislative landscape.<\/p>\n<p><em>Please note that this webinar will be held in Spanish<\/em><\/p>\n","protected":false},"excerpt":{"rendered":"<p>No sorprende que la pandemia de Covid-19 haya redefinido la relaci\u00f3n de la mayor\u00eda de las personas con su trabajo. Las iniciativas que ofrecen m\u00e1s flexibilidad se est\u00e1n convirtiendo en la norma, en parte gracias a la tecnolog\u00eda, y la interconexi\u00f3n del mundo de hoy significa que cada d\u00eda son posibles nuevas formas de trabajar. &hellip; <\/p>\n<p class=\"link-more\"><a href=\"https:\/\/my.legal500.com\/events\/webinars-home\/bolivia-employment-webinar-2022\/\" class=\"more-link\">Continue reading<span class=\"screen-reader-text\"> &#8220;Bolivia Employment Webinar &#8211; 2022&#8221;<\/span><\/a><\/p>\n","protected":false},"author":20,"featured_media":40294,"parent":20789,"menu_order":0,"comment_status":"closed","ping_status":"closed","template":"","meta":{"footnotes":""},"class_list":["post-40286","page","type-page","status-publish","has-post-thumbnail","hentry"],"acf":[],"_links":{"self":[{"href":"https:\/\/my.legal500.com\/events\/wp-json\/wp\/v2\/pages\/40286","targetHints":{"allow":["GET"]}}],"collection":[{"href":"https:\/\/my.legal500.com\/events\/wp-json\/wp\/v2\/pages"}],"about":[{"href":"https:\/\/my.legal500.com\/events\/wp-json\/wp\/v2\/types\/page"}],"author":[{"embeddable":true,"href":"https:\/\/my.legal500.com\/events\/wp-json\/wp\/v2\/users\/20"}],"replies":[{"embeddable":true,"href":"https:\/\/my.legal500.com\/events\/wp-json\/wp\/v2\/comments?post=40286"}],"version-history":[{"count":1,"href":"https:\/\/my.legal500.com\/events\/wp-json\/wp\/v2\/pages\/40286\/revisions"}],"predecessor-version":[{"id":52086,"href":"https:\/\/my.legal500.com\/events\/wp-json\/wp\/v2\/pages\/40286\/revisions\/52086"}],"up":[{"embeddable":true,"href":"https:\/\/my.legal500.com\/events\/wp-json\/wp\/v2\/pages\/20789"}],"wp:featuredmedia":[{"embeddable":true,"href":"https:\/\/my.legal500.com\/events\/wp-json\/wp\/v2\/media\/40294"}],"wp:attachment":[{"href":"https:\/\/my.legal500.com\/events\/wp-json\/wp\/v2\/media?parent=40286"}],"curies":[{"name":"wp","href":"https:\/\/api.w.org\/{rel}","templated":true}]}}