{"id":39664,"date":"2022-07-27T15:40:38","date_gmt":"2022-07-27T15:40:38","guid":{"rendered":"https:\/\/www.legal500.com\/events\/?page_id=39664"},"modified":"2022-08-25T16:50:24","modified_gmt":"2022-08-25T16:50:24","slug":"novas-diretrizes-do-home-office-e-as-tendencias-para-retencao-de-talentos","status":"publish","type":"page","link":"https:\/\/my.legal500.com\/events\/webinars-home\/novas-diretrizes-do-home-office-e-as-tendencias-para-retencao-de-talentos\/","title":{"rendered":"Novas diretrizes do home office e as tend\u00eancias para reten\u00e7\u00e3o de talentos"},"content":{"rendered":"<p><strong>As novas regras de trabalho remoto (<em>home office<\/em>) e as tend\u00eancias que influenciam a reten\u00e7\u00e3o de funcion\u00e1rios.<\/strong><\/p>\n<p>Em 4 de agosto de 2022, o Congresso aprovou um novo marco regulat\u00f3rio para o trabalho remoto (<em>home office<\/em>).<\/p>\n<p>Trazendo palestrantes especializados no tema, este webinar co-patrocinado por <em>The Legal 500<\/em> e <em>Pinheiro Neto<\/em> abordar\u00e1 os seguintes aspectos:<\/p>\n<ul>\n<li>As novas regras para trabalho remoto (home office);<\/li>\n<li>Remunera\u00e7\u00e3o e benef\u00edcios para empregados que trabalham remotamente;<\/li>\n<li>A sa\u00fade mental durante o trabalho remoto;<\/li>\n<li><span style=\"font-size: 1rem;\">Atra\u00e7\u00e3o e reten\u00e7\u00e3o de talentos p\u00f3s-pandemia<\/span><\/li>\n<\/ul>\n<hr \/>\n<p><strong>The new ruling for home office working and the trends impacting employee retention<\/strong><\/p>\n<p>On 4 August 2022, congress will put forward a new regulatory framework for home office working.<\/p>\n<p>Bringing in expert speakers, this webinar co-hosted by <em>The Legal 500<\/em> and Pinheiro Neto will look to cover:<\/p>\n<ul>\n<li>The home office new rules.<\/li>\n<li>Benefits and remuneration for employees who work from home.<\/li>\n<li>Mental health of the home office worker.<\/li>\n<li>Post-pandemic talent retention and attraction.<\/li>\n<\/ul>\n<p><strong>\u00a0<\/strong><\/p>\n","protected":false},"excerpt":{"rendered":"<p>As novas regras de trabalho remoto (home office) e as tend\u00eancias que influenciam a reten\u00e7\u00e3o de funcion\u00e1rios. Em 4 de agosto de 2022, o Congresso aprovou um novo marco regulat\u00f3rio para o trabalho remoto (home office). Trazendo palestrantes especializados no tema, este webinar co-patrocinado por The Legal 500 e Pinheiro Neto abordar\u00e1 os seguintes aspectos: &hellip; <\/p>\n<p class=\"link-more\"><a href=\"https:\/\/my.legal500.com\/events\/webinars-home\/novas-diretrizes-do-home-office-e-as-tendencias-para-retencao-de-talentos\/\" class=\"more-link\">Continue reading<span class=\"screen-reader-text\"> &#8220;Novas diretrizes do home office e as tend\u00eancias para reten\u00e7\u00e3o de talentos&#8221;<\/span><\/a><\/p>\n","protected":false},"author":20,"featured_media":39676,"parent":20789,"menu_order":0,"comment_status":"closed","ping_status":"closed","template":"","meta":{"footnotes":""},"class_list":["post-39664","page","type-page","status-publish","has-post-thumbnail","hentry"],"acf":[],"_links":{"self":[{"href":"https:\/\/my.legal500.com\/events\/wp-json\/wp\/v2\/pages\/39664","targetHints":{"allow":["GET"]}}],"collection":[{"href":"https:\/\/my.legal500.com\/events\/wp-json\/wp\/v2\/pages"}],"about":[{"href":"https:\/\/my.legal500.com\/events\/wp-json\/wp\/v2\/types\/page"}],"author":[{"embeddable":true,"href":"https:\/\/my.legal500.com\/events\/wp-json\/wp\/v2\/users\/20"}],"replies":[{"embeddable":true,"href":"https:\/\/my.legal500.com\/events\/wp-json\/wp\/v2\/comments?post=39664"}],"version-history":[{"count":1,"href":"https:\/\/my.legal500.com\/events\/wp-json\/wp\/v2\/pages\/39664\/revisions"}],"predecessor-version":[{"id":41302,"href":"https:\/\/my.legal500.com\/events\/wp-json\/wp\/v2\/pages\/39664\/revisions\/41302"}],"up":[{"embeddable":true,"href":"https:\/\/my.legal500.com\/events\/wp-json\/wp\/v2\/pages\/20789"}],"wp:featuredmedia":[{"embeddable":true,"href":"https:\/\/my.legal500.com\/events\/wp-json\/wp\/v2\/media\/39676"}],"wp:attachment":[{"href":"https:\/\/my.legal500.com\/events\/wp-json\/wp\/v2\/media?parent=39664"}],"curies":[{"name":"wp","href":"https:\/\/api.w.org\/{rel}","templated":true}]}}