{"id":38522,"date":"2022-07-11T16:18:44","date_gmt":"2022-07-11T16:18:44","guid":{"rendered":"https:\/\/www.legal500.com\/events\/?page_id=38522"},"modified":"2022-09-29T11:51:07","modified_gmt":"2022-09-29T11:51:07","slug":"a-contemporary-analysis-of-the-prime-objectives-of-competition-law","status":"publish","type":"page","link":"https:\/\/my.legal500.com\/events\/webinars-home\/a-contemporary-analysis-of-the-prime-objectives-of-competition-law\/","title":{"rendered":"A contemporary analysis of the prime objective(s) of competition law"},"content":{"rendered":"<p>Competition law continues to be a core legal issue to both modern-day corporations and states due to the shared interest in avoiding abusive behaviour in the market. Staying informed about developments in and the ever-evolving legal complexities and frameworks relating to competition law is, therefore, of particular importance.<\/p>\n<p>This webinar, brought to you by The Legal 500 and ELIG G\u00fcrkaynak Attorneys-at-Law, will cover a broad range of core legal and theoretical issues regarding competition law in today&#8217;s legal environment, and will be of interest to both GCs and business owners alike.<\/p>\n<p>The discussion will take place with G\u00f6nen\u00e7 G\u00fcrkaynak, founding partner of ELIG; William E. Kovacic, global competition professor of law and policy at George Washington University Law School; and Professor Ionnis Kokkoris, some of the world\u2019s leading experts in competition law. Some of the topics addressed will include:<\/p>\n<ul>\n<li>Competition Law and Innovation<\/li>\n<li>Competition Law and Sustainability<\/li>\n<li>Competition Law and Distributive Efficiency<\/li>\n<li>Competition Law and Other Public Policy Goals<\/li>\n<li>Could Competition Law Withstand Co-Existence of Multiple Targets? Are We Spreading Competition Law Too Thin or Could A Broad Spectrum Holistic Effect Be Meaningfully Targeted?<\/li>\n<\/ul>\n","protected":false},"excerpt":{"rendered":"<p>Competition law continues to be a core legal issue to both modern-day corporations and states due to the shared interest in avoiding abusive behaviour in the market. Staying informed about developments in and the ever-evolving legal complexities and frameworks relating to competition law is, therefore, of particular importance. This webinar, brought to you by The &hellip; <\/p>\n<p class=\"link-more\"><a href=\"https:\/\/my.legal500.com\/events\/webinars-home\/a-contemporary-analysis-of-the-prime-objectives-of-competition-law\/\" class=\"more-link\">Continue reading<span class=\"screen-reader-text\"> &#8220;A contemporary analysis of the prime objective(s) of competition law&#8221;<\/span><\/a><\/p>\n","protected":false},"author":20,"featured_media":26203,"parent":20789,"menu_order":0,"comment_status":"closed","ping_status":"closed","template":"","meta":{"footnotes":""},"class_list":["post-38522","page","type-page","status-publish","has-post-thumbnail","hentry"],"acf":[],"_links":{"self":[{"href":"https:\/\/my.legal500.com\/events\/wp-json\/wp\/v2\/pages\/38522","targetHints":{"allow":["GET"]}}],"collection":[{"href":"https:\/\/my.legal500.com\/events\/wp-json\/wp\/v2\/pages"}],"about":[{"href":"https:\/\/my.legal500.com\/events\/wp-json\/wp\/v2\/types\/page"}],"author":[{"embeddable":true,"href":"https:\/\/my.legal500.com\/events\/wp-json\/wp\/v2\/users\/20"}],"replies":[{"embeddable":true,"href":"https:\/\/my.legal500.com\/events\/wp-json\/wp\/v2\/comments?post=38522"}],"version-history":[{"count":1,"href":"https:\/\/my.legal500.com\/events\/wp-json\/wp\/v2\/pages\/38522\/revisions"}],"predecessor-version":[{"id":43278,"href":"https:\/\/my.legal500.com\/events\/wp-json\/wp\/v2\/pages\/38522\/revisions\/43278"}],"up":[{"embeddable":true,"href":"https:\/\/my.legal500.com\/events\/wp-json\/wp\/v2\/pages\/20789"}],"wp:featuredmedia":[{"embeddable":true,"href":"https:\/\/my.legal500.com\/events\/wp-json\/wp\/v2\/media\/26203"}],"wp:attachment":[{"href":"https:\/\/my.legal500.com\/events\/wp-json\/wp\/v2\/media?parent=38522"}],"curies":[{"name":"wp","href":"https:\/\/api.w.org\/{rel}","templated":true}]}}