{"id":28960,"date":"2021-10-14T15:12:58","date_gmt":"2021-10-14T15:12:58","guid":{"rendered":"https:\/\/www.legal500.com\/events\/?page_id=28960"},"modified":"2023-03-23T14:00:51","modified_gmt":"2023-03-23T14:00:51","slug":"winners","status":"publish","type":"page","link":"https:\/\/my.legal500.com\/events\/brazil-awards\/winners\/","title":{"rendered":"Winners"},"content":{"rendered":"<p>Congratulations to all our winning firms, lawyers, and teams!<\/p>\n<p>If you are a winner, please use the below images in any communications and remember to use the hashtag #L500Awards.<\/p>\n<div id='gallery-1' class='gallery galleryid-28960 gallery-columns-3 gallery-size-large'><figure class='gallery-item'>\n\t\t\t<div class='gallery-icon landscape'>\n\t\t\t\t<a href='https:\/\/my.legal500.com\/events\/wp-content\/uploads\/sites\/5\/2023\/03\/Brazil-Awards-marketing-firm-winner.png'><img loading=\"lazy\" decoding=\"async\" width=\"525\" height=\"524\" src=\"https:\/\/my.legal500.com\/events\/wp-content\/uploads\/sites\/5\/2023\/03\/Brazil-Awards-marketing-firm-winner-1024x1022.png\" class=\"attachment-large size-large\" alt=\"\" srcset=\"https:\/\/my.legal500.com\/events\/wp-content\/uploads\/sites\/5\/2023\/03\/Brazil-Awards-marketing-firm-winner-1024x1022.png 1024w, https:\/\/my.legal500.com\/events\/wp-content\/uploads\/sites\/5\/2023\/03\/Brazil-Awards-marketing-firm-winner-300x300.png 300w, https:\/\/my.legal500.com\/events\/wp-content\/uploads\/sites\/5\/2023\/03\/Brazil-Awards-marketing-firm-winner-150x150.png 150w, https:\/\/my.legal500.com\/events\/wp-content\/uploads\/sites\/5\/2023\/03\/Brazil-Awards-marketing-firm-winner-768x767.png 768w, https:\/\/my.legal500.com\/events\/wp-content\/uploads\/sites\/5\/2023\/03\/Brazil-Awards-marketing-firm-winner-100x100.png 100w, https:\/\/my.legal500.com\/events\/wp-content\/uploads\/sites\/5\/2023\/03\/Brazil-Awards-marketing-firm-winner.png 1080w\" sizes=\"auto, 100vw\" \/><\/a>\n\t\t\t<\/div><\/figure><figure class='gallery-item'>\n\t\t\t<div class='gallery-icon landscape'>\n\t\t\t\t<a href='https:\/\/my.legal500.com\/events\/wp-content\/uploads\/sites\/5\/2023\/03\/Brazil-Awards-marketing-lawyer-winner.png'><img loading=\"lazy\" decoding=\"async\" width=\"525\" height=\"524\" src=\"https:\/\/my.legal500.com\/events\/wp-content\/uploads\/sites\/5\/2023\/03\/Brazil-Awards-marketing-lawyer-winner-1024x1022.png\" class=\"attachment-large size-large\" alt=\"\" srcset=\"https:\/\/my.legal500.com\/events\/wp-content\/uploads\/sites\/5\/2023\/03\/Brazil-Awards-marketing-lawyer-winner-1024x1022.png 1024w, https:\/\/my.legal500.com\/events\/wp-content\/uploads\/sites\/5\/2023\/03\/Brazil-Awards-marketing-lawyer-winner-300x300.png 300w, https:\/\/my.legal500.com\/events\/wp-content\/uploads\/sites\/5\/2023\/03\/Brazil-Awards-marketing-lawyer-winner-150x150.png 150w, https:\/\/my.legal500.com\/events\/wp-content\/uploads\/sites\/5\/2023\/03\/Brazil-Awards-marketing-lawyer-winner-768x767.png 768w, https:\/\/my.legal500.com\/events\/wp-content\/uploads\/sites\/5\/2023\/03\/Brazil-Awards-marketing-lawyer-winner-100x100.png 100w, https:\/\/my.legal500.com\/events\/wp-content\/uploads\/sites\/5\/2023\/03\/Brazil-Awards-marketing-lawyer-winner.png 1080w\" sizes=\"auto, 100vw\" \/><\/a>\n\t\t\t<\/div><\/figure><figure class='gallery-item'>\n\t\t\t<div class='gallery-icon landscape'>\n\t\t\t\t<a href='https:\/\/my.legal500.com\/events\/wp-content\/uploads\/sites\/5\/2023\/03\/Brazil-marketing-team-winner.png'><img loading=\"lazy\" decoding=\"async\" width=\"525\" height=\"524\" src=\"https:\/\/my.legal500.com\/events\/wp-content\/uploads\/sites\/5\/2023\/03\/Brazil-marketing-team-winner-1024x1022.png\" class=\"attachment-large size-large\" alt=\"\" srcset=\"https:\/\/my.legal500.com\/events\/wp-content\/uploads\/sites\/5\/2023\/03\/Brazil-marketing-team-winner-1024x1022.png 1024w, https:\/\/my.legal500.com\/events\/wp-content\/uploads\/sites\/5\/2023\/03\/Brazil-marketing-team-winner-300x300.png 300w, https:\/\/my.legal500.com\/events\/wp-content\/uploads\/sites\/5\/2023\/03\/Brazil-marketing-team-winner-150x150.png 150w, https:\/\/my.legal500.com\/events\/wp-content\/uploads\/sites\/5\/2023\/03\/Brazil-marketing-team-winner-768x767.png 768w, https:\/\/my.legal500.com\/events\/wp-content\/uploads\/sites\/5\/2023\/03\/Brazil-marketing-team-winner-100x100.png 100w, https:\/\/my.legal500.com\/events\/wp-content\/uploads\/sites\/5\/2023\/03\/Brazil-marketing-team-winner.png 1080w\" sizes=\"auto, 100vw\" \/><\/a>\n\t\t\t<\/div><\/figure>\n\t\t<\/div>\n\n<p><strong>Banking<\/strong><\/p>\n<p><em>Law firm of the year<br \/>\n<\/em>Pinheiro Guimar\u00e3es<\/p>\n<p><em>Lawyer of the year<\/em><br \/>\nJos\u00e9 Luiz Homem de Mello, Pinheiro Neto Advogados<\/p>\n<p><em>Rising star of the year<\/em><br \/>\nMarcelo Simon Ikeziri, Demarest Advogados<\/p>\n<p><strong>Corporate and M&amp;A (Mid-market)<\/strong><\/p>\n<p><em>Law firm of the year<\/em><br \/>\nCascione Pulino Boulos Advogados<\/p>\n<p><em>Lawyer of the year<\/em><br \/>\nKarin Alvo, KLA Advogados<\/p>\n<p><em>Rising star of the year<\/em><br \/>\nRicardo Villela Mafra Alves Da Silva, Vieira, Rezende, Barbosa e Guerreiro Advogados<\/p>\n<p><strong>Corporate and M&amp;A (High-end)<\/strong><\/p>\n<p><em>Law firm of the year<\/em><br \/>\nPinheiro Neto Advogados<\/p>\n<p><em>Lawyer of the year<\/em><br \/>\nCarlos Alberto Moreira Lima Jr, Pinheiro Neto Advogados<\/p>\n<p><em>Rising star of the year<\/em><br \/>\nPaula Alonso, Trench Rossi Watanabe<\/p>\n<p><strong>Capital markets<\/strong><\/p>\n<p><em>Law firm of the year<\/em><br \/>\nMattos Filho<\/p>\n<p><em>Lawyer of the year<\/em><br \/>\nVanessa Fiusa, Mattos Filho<\/p>\n<p><em>Rising star of the year<\/em><br \/>\nJ\u00falia Rodrigues, BMA &#8211; Barbosa, M\u00fcssnich, Arag\u00e3o<\/p>\n<p><strong>Competition and antitrust<\/strong><\/p>\n<p><em>Law firm of the year<\/em><br \/>\nBMA &#8211; Barbosa, M\u00fcssnich, Arag\u00e3o<\/p>\n<p><em>Lawyer of the year<\/em><br \/>\nAdemir Antonio Pereira J\u00fanior, Advocacia Del Chiaro<\/p>\n<p><em>Rising star of the year<\/em><br \/>\nAna Paula Paschoalini, Stocche Forbes Advogados<\/p>\n<p><strong>Compliance<\/strong><\/p>\n<p><em>Law firm of the year<\/em><br \/>\nMaeda, Ayres e Sarubbi Advogados<\/p>\n<p><em>Lawyer of the year<\/em><br \/>\nShin Jae Kim, TozziniFreire Advogados<\/p>\n<p><em>Rising star of the year<\/em><br \/>\nAndre Luis Leme, Demarest Advogados<\/p>\n<p><strong>Energy Regulatory<\/strong><\/p>\n<p><em>Law firm of the year<\/em><br \/>\nJuli\u00e3o Coelho Advocacia<\/p>\n<p><em>Lawyer of the year<\/em><br \/>\nIsabel Lustosa, Ulh\u00f4a Canto, Rezende e Guerra Advogados<\/p>\n<p><em>Rising star of the year<\/em><br \/>\nBruno Crispim, Lefosse Advogados<\/p>\n<p><strong><span style=\"font-size: 1rem;\">Insurance<\/span><\/strong><\/p>\n<p><em>Law firm of the year<\/em><br \/>\nDemarest Advogados<\/p>\n<p><em>Lawyer of the year<\/em><br \/>\nJulia Santoro de Camargo Donato, DR&amp;A Advogados<\/p>\n<p><em>Rising star of the year<\/em><br \/>\nLaura Pelegrini, Demarest Advogados<\/p>\n<p><strong>Intellectual Property<\/strong><\/p>\n<p><em>Law firm of the year<\/em><br \/>\nDannemann Siemsen Advogados<\/p>\n<p><em>Lawyer of the year<\/em><br \/>\nPhilippe Bhering, Bhering Advogados<\/p>\n<p><em>Rising star of the year<\/em><br \/>\nLuiza T\u00e2ngari, Madrona Fialho Advogados<\/p>\n<p><strong>Labour<\/strong><\/p>\n<p><em>Law firm of the year<\/em><br \/>\nTozziniFreire Advogados<\/p>\n<p><em>Lawyer of the year<\/em><br \/>\nAndrea Giamondo Massei Rossi, Machado Meyer Sendacz e Opice Advogados<\/p>\n<p><em><span style=\"font-size: 1rem;\">Rising star of the year<br \/>\n<\/span><\/em>Andr\u00e9 Rodrigues Schioser, Veirano Advogados<\/p>\n<p><strong>Litigation<\/strong><\/p>\n<p><em>Law firm of the year<\/em><br \/>\nMattos Filho<\/p>\n<p><em>Lawyer of the year<\/em><br \/>\nJos\u00e9 Roberto de Castro Neves, Ferro, Castro Neves, Daltro &amp; Gomide Advogados<\/p>\n<p><em>Rising star of the year<\/em><br \/>\nTatiana Magalh\u00e3es Florence, Lobo &amp; Lira Advogados<\/p>\n<p><strong>Project finance<\/strong><\/p>\n<p><em>Law firm of the year<\/em><br \/>\nLobo de Rizzo Advogados<\/p>\n<p><em>Lawyer of the year<\/em><br \/>\nAlberto Faro, Machado Meyer Sendacz e Opice Advogados<\/p>\n<p><em>Rising star of the year<\/em><br \/>\nLuana Komatsu Falkenburger, Vieira Rezende Advogados<\/p>\n<p><strong>Public law<\/strong><\/p>\n<p><em>Law firm of the year<\/em><br \/>\nManesco, Ramires, Perez, Azevedo Marques Sociedade de Advogados<\/p>\n<p><em>Lawyer of the year<\/em><br \/>\nLucas Sant&#8217;Anna, Machado Meyer Sendacz e Opice Advogados<\/p>\n<p><em>Rising star of the year<\/em><br \/>\nJuliana Deguirmendjian, Tauil &amp; Chequer Advogados<\/p>\n<p><strong>Real Estate<\/strong><\/p>\n<p><em>Law firm of the year<\/em><br \/>\nCampos Mello Advogados in cooperation with DLA Piper<\/p>\n<p><em>Lawyer of the year<\/em><br \/>\nRafael Gobbi, PMK Advogados<\/p>\n<p><em>Rising star of the year<\/em><br \/>\nBruno Aronne, Veirano Advogados<\/p>\n<p><strong>Restructuring<\/strong><\/p>\n<p><em>Law firm of the year<\/em><br \/>\nMachado Meyer Sendacz e Opice Advogados<\/p>\n<p><em>Lawyer of the year<\/em><br \/>\nEduardo Munhoz, E. Munhoz<\/p>\n<p><em>Rising star of the year<\/em><br \/>\nVictor Clementino, Padis Mattar Advogados<\/p>\n<p><strong>TMT: Cybersecurity and data privacy<\/strong><\/p>\n<p><em>Law firm of the year<\/em><br \/>\nTozziniFreire Advogados<\/p>\n<p><em>Lawyer of the year<\/em><br \/>\nFelipe Palhares, BMA Advogados<\/p>\n<p><em>Rising star of the year<\/em><br \/>\nFelipe Gabriades, B\/Luz<\/p>\n<p><strong>TMT: Telecoms and media<\/strong><\/p>\n<p><em>Law firm of the year<\/em><br \/>\nCQS\/FV \u2013 Cesnik, Quintino, Salinas, Fittipaldi e Valerio Advogados<\/p>\n<p><em>Lawyer of the year<\/em><br \/>\nAna Claudia Beppu, Veirano Advogados<\/p>\n<p><em>Rising star of the year<\/em><br \/>\nMilene Louise Ren\u00e9e Coscione, Manesco, Ramires, Perez, Azevedo Marques Soc. de Advogados<\/p>\n<p><strong>Tax<\/strong><\/p>\n<p><em>Law firm of the year<\/em><br \/>\nLefosse Advogados<\/p>\n<p><em>Lawyer of the year<\/em><br \/>\nGustavo Lian Haddad, Lefosse Advogados<\/p>\n<p><em>Rising star of the year<\/em><br \/>\nFernanda Botinha Nascimento, Ara\u00fajo e Policastro Advogados<\/p>\n<p><strong>International firm of the year<\/strong><br \/>\nWhite &amp; Case<\/p>\n<p><strong>In-house M&amp;A team of the year<\/strong><br \/>\nPetrobras<\/p>\n<p><strong>Marketing team of the year<\/strong><br \/>\nDemarest Advogados<\/p>\n<p><strong>In-house best use of technology <\/strong><br \/>\nMeta<\/p>\n<p><strong>Innovative law firm of the year<\/strong><br \/>\nB\/Luz<\/p>\n<p><strong>In-house DE&amp;I Champion<\/strong><br \/>\nPatr\u00edcia Barbelli, Diageo<\/p>\n<p><strong>Deal of the year<\/strong><br \/>\nNUBANK IPO (Davis Polk, Mattos Filho, Pinheiro Neto Advogados, White &amp; Case)<\/p>\n<p><strong>Rising Star Associate of the Year<\/strong><br \/>\nAdam Milgrom, Trench Rossi Watanabe<\/p>\n<p><strong>Next Gen partner of the year<\/strong><br \/>\nGuilherme Sampaio Monteiro, Pinheiro Neto Advogados<\/p>\n<p><strong>Boutique firm of the year<\/strong><br \/>\nMilar\u00e9 Advogados<\/p>\n<p><strong>In-house lawyer of the year<\/strong><br \/>\nBruno Duque, BTG Pactual<\/p>\n<p><strong>Lawyer of the year<\/strong><br \/>\nAna Carolina Barretto, Veirano Advogados<\/p>\n<p><strong>Managing partner of the year<\/strong><br \/>\nFernando Alves Meira, Pinheiro Neto Advogados<\/p>\n<p><strong>In-house team of the year<\/strong><br \/>\nPetrobras<\/p>\n<p><strong>Brazil law firm of the year<\/strong><br \/>\nMattos Filho<\/p>\n","protected":false},"excerpt":{"rendered":"<p>Congratulations to all our winning firms, lawyers, and teams! If you are a winner, please use the below images in any communications and remember to use the hashtag #L500Awards. Banking Law firm of the year Pinheiro Guimar\u00e3es Lawyer of the year Jos\u00e9 Luiz Homem de Mello, Pinheiro Neto Advogados Rising star of the year Marcelo &hellip; <\/p>\n<p class=\"link-more\"><a href=\"https:\/\/my.legal500.com\/events\/brazil-awards\/winners\/\" class=\"more-link\">Continue reading<span class=\"screen-reader-text\"> &#8220;Winners&#8221;<\/span><\/a><\/p>\n","protected":false},"author":2,"featured_media":0,"parent":17599,"menu_order":0,"comment_status":"closed","ping_status":"closed","template":"","meta":{"footnotes":""},"class_list":["post-28960","page","type-page","status-publish","hentry"],"acf":[],"_links":{"self":[{"href":"https:\/\/my.legal500.com\/events\/wp-json\/wp\/v2\/pages\/28960","targetHints":{"allow":["GET"]}}],"collection":[{"href":"https:\/\/my.legal500.com\/events\/wp-json\/wp\/v2\/pages"}],"about":[{"href":"https:\/\/my.legal500.com\/events\/wp-json\/wp\/v2\/types\/page"}],"author":[{"embeddable":true,"href":"https:\/\/my.legal500.com\/events\/wp-json\/wp\/v2\/users\/2"}],"replies":[{"embeddable":true,"href":"https:\/\/my.legal500.com\/events\/wp-json\/wp\/v2\/comments?post=28960"}],"version-history":[{"count":2,"href":"https:\/\/my.legal500.com\/events\/wp-json\/wp\/v2\/pages\/28960\/revisions"}],"predecessor-version":[{"id":83246,"href":"https:\/\/my.legal500.com\/events\/wp-json\/wp\/v2\/pages\/28960\/revisions\/83246"}],"up":[{"embeddable":true,"href":"https:\/\/my.legal500.com\/events\/wp-json\/wp\/v2\/pages\/17599"}],"wp:attachment":[{"href":"https:\/\/my.legal500.com\/events\/wp-json\/wp\/v2\/media?parent=28960"}],"curies":[{"name":"wp","href":"https:\/\/api.w.org\/{rel}","templated":true}]}}