{"id":268694,"date":"2026-05-07T14:02:53","date_gmt":"2026-05-07T14:02:53","guid":{"rendered":"https:\/\/my.legal500.com\/events\/?page_id=268694"},"modified":"2026-05-13T13:24:56","modified_gmt":"2026-05-13T13:24:56","slug":"sponsorship-opportunities-2","status":"publish","type":"page","link":"https:\/\/my.legal500.com\/events\/gc-summit-mexico-2026\/sponsorship-opportunities-2\/","title":{"rendered":"Sponsors"},"content":{"rendered":"<p><a href=\"https:\/\/www.creel.mx\/\"><img loading=\"lazy\" decoding=\"async\" class=\"alignnone size-medium wp-image-268944\" src=\"https:\/\/www.legal500.com\/events\/wp-content\/uploads\/sites\/5\/2026\/05\/CREEL_Logo_Horizontal-300x51.png\" alt=\"\" width=\"300\" height=\"51\" srcset=\"https:\/\/my.legal500.com\/events\/wp-content\/uploads\/sites\/5\/2026\/05\/CREEL_Logo_Horizontal-300x51.png 300w, https:\/\/my.legal500.com\/events\/wp-content\/uploads\/sites\/5\/2026\/05\/CREEL_Logo_Horizontal-1024x174.png 1024w, https:\/\/my.legal500.com\/events\/wp-content\/uploads\/sites\/5\/2026\/05\/CREEL_Logo_Horizontal-768x131.png 768w, https:\/\/my.legal500.com\/events\/wp-content\/uploads\/sites\/5\/2026\/05\/CREEL_Logo_Horizontal-1536x261.png 1536w, https:\/\/my.legal500.com\/events\/wp-content\/uploads\/sites\/5\/2026\/05\/CREEL_Logo_Horizontal.png 1730w\" sizes=\"auto, (max-width: 300px) 100vw, 300px\" \/><\/a><\/p>\n<p><span lang=\"en-US\" data-olk-copy-source=\"MessageBody\">With 90 years of history, Creel, Garc\u00eda-Cu\u00e9llar, Aiza y Enr\u00edquez is a leading full-service law firm with an unwavering commitment to excellence. We have built a strong reputation for delivering creative, specialized, and responsive legal advice on some of the most complex and innovative matters in Mexico, advising the most sophisticated and demanding clients.<\/span><\/p>\n<p><span lang=\"en-US\">Our practice is grounded in the philosophy of providing strategic legal advice designed to anticipate and prevent legal issues whenever possible, as well as to respond effectively when necessary.<\/span><\/p>\n<p><a href=\"https:\/\/www.sainzmx.com\/\"><img loading=\"lazy\" decoding=\"async\" class=\"alignnone  wp-image-268950\" src=\"https:\/\/my.legal500.com\/events\/wp-content\/uploads\/sites\/5\/2026\/05\/LogoSAINZ_azl-300x89.jpg\" alt=\"\" width=\"226\" height=\"67\" srcset=\"https:\/\/my.legal500.com\/events\/wp-content\/uploads\/sites\/5\/2026\/05\/LogoSAINZ_azl-300x89.jpg 300w, https:\/\/my.legal500.com\/events\/wp-content\/uploads\/sites\/5\/2026\/05\/LogoSAINZ_azl-1024x302.jpg 1024w, https:\/\/my.legal500.com\/events\/wp-content\/uploads\/sites\/5\/2026\/05\/LogoSAINZ_azl-768x227.jpg 768w, https:\/\/my.legal500.com\/events\/wp-content\/uploads\/sites\/5\/2026\/05\/LogoSAINZ_azl-1536x453.jpg 1536w, https:\/\/my.legal500.com\/events\/wp-content\/uploads\/sites\/5\/2026\/05\/LogoSAINZ_azl-2048x605.jpg 2048w\" sizes=\"auto, (max-width: 226px) 100vw, 226px\" \/><\/a><\/p>\n<p>We are a leading law firm committed to delivering highly effective solutions to address your business and legal challenges. Focused on excellence, we provide specialized services tailored to meet the unique needs of our clients.<\/p>\n<p>With a dynamic presence in both national and cross-border legal markets, we represent a diverse client base, ranging from Fortune 500 companies and major financial institutions to domestic entrepreneurs. For several decades, our team has worked seamlessly across the firm&#8217;s comprehensive and specialized practice areas, ensuring timely, strategic, and impactful responses to client needs. Our offices in Mexico City, Canc\u00fan and Quer\u00e9taro are hubs for collaboration, enabling un to leverage deep expertise and a thorough understanding of the ever-evolving legal landscape across the country.<\/p>\n<hr \/>\n<p><strong>Sponsorship enquiries<\/strong><br \/>\n<img loading=\"lazy\" decoding=\"async\" class=\"wp-image-242934 size-full alignnone\" src=\"https:\/\/www.legal500.com\/events\/wp-content\/uploads\/sites\/5\/2025\/12\/Sales-David-Freeman-1.png\" alt=\"\" width=\"150\" height=\"150\" srcset=\"https:\/\/my.legal500.com\/events\/wp-content\/uploads\/sites\/5\/2025\/12\/Sales-David-Freeman-1.png 150w, https:\/\/my.legal500.com\/events\/wp-content\/uploads\/sites\/5\/2025\/12\/Sales-David-Freeman-1-100x100.png 100w\" sizes=\"auto, (max-width: 150px) 100vw, 150px\" \/><\/p>\n<p><strong>David Freeman<\/strong><br \/>\n<span style=\"font-size: 1rem\">Senior Business Development Manager<br \/>\n<\/span><span style=\"font-size: 1rem\">Email:\u00a0<\/span><a style=\"font-size: 1rem\" href=\"mailto:david.freeman@legal500.com\">david.freeman@legal500.com<\/a><\/p>\n","protected":false},"excerpt":{"rendered":"<p>With 90 years of history, Creel, Garc\u00eda-Cu\u00e9llar, Aiza y Enr\u00edquez is a leading full-service law firm with an unwavering commitment to excellence. We have built a strong reputation for delivering creative, specialized, and responsive legal advice on some of the most complex and innovative matters in Mexico, advising the most sophisticated and demanding clients. Our &hellip; <\/p>\n<p class=\"link-more\"><a href=\"https:\/\/my.legal500.com\/events\/gc-summit-mexico-2026\/sponsorship-opportunities-2\/\" class=\"more-link\">Continue reading<span class=\"screen-reader-text\"> &#8220;Sponsors&#8221;<\/span><\/a><\/p>\n","protected":false},"author":71440,"featured_media":0,"parent":268628,"menu_order":0,"comment_status":"closed","ping_status":"closed","template":"","meta":{"footnotes":""},"class_list":["post-268694","page","type-page","status-publish","hentry"],"acf":[],"_links":{"self":[{"href":"https:\/\/my.legal500.com\/events\/wp-json\/wp\/v2\/pages\/268694","targetHints":{"allow":["GET"]}}],"collection":[{"href":"https:\/\/my.legal500.com\/events\/wp-json\/wp\/v2\/pages"}],"about":[{"href":"https:\/\/my.legal500.com\/events\/wp-json\/wp\/v2\/types\/page"}],"author":[{"embeddable":true,"href":"https:\/\/my.legal500.com\/events\/wp-json\/wp\/v2\/users\/71440"}],"replies":[{"embeddable":true,"href":"https:\/\/my.legal500.com\/events\/wp-json\/wp\/v2\/comments?post=268694"}],"version-history":[{"count":1,"href":"https:\/\/my.legal500.com\/events\/wp-json\/wp\/v2\/pages\/268694\/revisions"}],"predecessor-version":[{"id":268952,"href":"https:\/\/my.legal500.com\/events\/wp-json\/wp\/v2\/pages\/268694\/revisions\/268952"}],"up":[{"embeddable":true,"href":"https:\/\/my.legal500.com\/events\/wp-json\/wp\/v2\/pages\/268628"}],"wp:attachment":[{"href":"https:\/\/my.legal500.com\/events\/wp-json\/wp\/v2\/media?parent=268694"}],"curies":[{"name":"wp","href":"https:\/\/api.w.org\/{rel}","templated":true}]}}