{"id":25173,"date":"2021-02-03T12:03:09","date_gmt":"2021-02-03T12:03:09","guid":{"rendered":"https:\/\/www.legal500.com\/events\/?page_id=25173"},"modified":"2022-01-10T14:52:23","modified_gmt":"2022-01-10T14:52:23","slug":"navigating-potential-cyber-security-risks-and-the-paths-to-compliance-in-poland","status":"publish","type":"page","link":"https:\/\/my.legal500.com\/events\/webinars-home\/navigating-potential-cyber-security-risks-and-the-paths-to-compliance-in-poland\/","title":{"rendered":"Navigating potential cyber security risks and the paths to compliance in Poland"},"content":{"rendered":"<p>In recent years, organisations of all sizes operating in all sectors and markets have been targets of cybersecurity attacks. For their general counsel, knowing how to respond to these threats goes beyond knowledge of black-letter law. Knowing who to communicate with in the organisation, aligning legal with other functions, and finding practical and timely external advice are now more important than ever. And with the trend toward remote working, the risks businesses in all countries face are set to grow.<\/p>\n<p>This webinar, brought to you by The Legal 500 and\u00a0<a href=\"https:\/\/koniecznywierzbicki.pl\/\">Konieczny Wierzbicki Law Firm<\/a> is designed to provide GCs with the essential knowledge on the practical steps that can be taken to mitigate, manage and overcome cyber incidents whilst also delivering relevant and practical insights on the current regulatory landscape.<\/p>\n<p><strong>Discussion points include:<\/strong><\/p>\n<ul>\n<li>Cybersecurity risks made more acute by the current disruption, including fraud and ransomware attacks, and the steps you need to take to deliver cyber and data security and operational resilience.<\/li>\n<li>Mitigating and discussing the potential cyber risks &#8211; a board room priority.<\/li>\n<li>Reacting to an incident &#8211; response co-ordination and reporting obligations.<\/li>\n<li>Cybersecurity incidents from a data protection perspective.<\/li>\n<li>Looking towards the future &#8211; incorporating the learnings from recent disruption into countermeasures and digital strategies going forward.<\/li>\n<li>Organising resources to ensure your privacy program stays up and running.<\/li>\n<li>Consequences of the breach from a criminal and civil law point of view.<\/li>\n<\/ul>\n<h2>Speakers<\/h2>\n<p><img loading=\"lazy\" decoding=\"async\" class=\"alignnone wp-image-25277 size-full\" src=\"https:\/\/www.legal500.com\/events\/wp-content\/uploads\/sites\/5\/2021\/02\/Michal-Czurylo-crop.jpg\" alt=\"\" width=\"150\" height=\"150\" srcset=\"https:\/\/my.legal500.com\/events\/wp-content\/uploads\/sites\/5\/2021\/02\/Michal-Czurylo-crop.jpg 150w, https:\/\/my.legal500.com\/events\/wp-content\/uploads\/sites\/5\/2021\/02\/Michal-Czurylo-crop-100x100.jpg 100w\" sizes=\"auto, (max-width: 150px) 100vw, 150px\" \/><br \/>\n<strong><span style=\"font-size: 1rem;\">Micha\u0142 Czury\u0142o, Attorney-at-Law, Partner, Wierzbicki Kancelaria Radc\u00f3w Prawnych sp.p.<br \/>\n<\/span><\/strong>Micha\u0142 specialises in personal data protection, compliance, new technologies law, intellectual property law, and administrative procedure. He provides advisory to both large international groups operating in Poland and abroad and start-ups implementing innovative ideas.<\/p>\n<p>He has more than 12 years of experience, which he acquired both at the law firm and as an in-house lawyer in global corporations and a company listed on the Warsaw Stock Exchange. During that time, he had an opportunity to participate in projects related to adjusting entire organizations to the relevant legal regulations, supporting them in developing and implementing solutions guaranteeing compliance of business processes with legal requirements.<\/p>\n<p><img loading=\"lazy\" decoding=\"async\" class=\"alignnone wp-image-25275 size-full\" style=\"font-size: 1rem;\" src=\"https:\/\/www.legal500.com\/events\/wp-content\/uploads\/sites\/5\/2021\/02\/Mariusz-Purgal-crop.jpg\" alt=\"\" width=\"150\" height=\"150\" srcset=\"https:\/\/my.legal500.com\/events\/wp-content\/uploads\/sites\/5\/2021\/02\/Mariusz-Purgal-crop.jpg 150w, https:\/\/my.legal500.com\/events\/wp-content\/uploads\/sites\/5\/2021\/02\/Mariusz-Purgal-crop-100x100.jpg 100w\" sizes=\"auto, (max-width: 150px) 100vw, 150px\" \/><br \/>\n<strong>Mariusz Purga\u0142, Attorney-at-Law, Restructuring Advisor,\u00a0Konieczny, Wierzbicki Kancelaria Radc\u00f3w Prawnych sp.p.<br \/>\n<\/strong>Mariusz Purga\u0142, specialises in legal and financial advisory in business, and especially in managing financial liquidity in extraordinary cases, including with the use of the instruments offered by bankruptcy and restructuring law. He also has extensive experience in corporate law, working with domestic and foreign clients as part of his daily practice.<\/p>\n<p>He has been providing advisory to businesses (commercial companies and partnerships and sole proprietorships), receivers, and restructuring advisors. He has also advised large enterprises, including listed companies and international corporations with branches in Poland.<\/p>\n<p><strong><img loading=\"lazy\" decoding=\"async\" class=\"alignnone size-full wp-image-26131\" src=\"https:\/\/www.legal500.com\/events\/wp-content\/uploads\/sites\/5\/2021\/03\/Radoslaw-Stachowiak-crop.jpg\" alt=\"\" width=\"150\" height=\"150\" srcset=\"https:\/\/my.legal500.com\/events\/wp-content\/uploads\/sites\/5\/2021\/03\/Radoslaw-Stachowiak-crop.jpg 150w, https:\/\/my.legal500.com\/events\/wp-content\/uploads\/sites\/5\/2021\/03\/Radoslaw-Stachowiak-crop-100x100.jpg 100w\" sizes=\"auto, (max-width: 150px) 100vw, 150px\" \/><br \/>\nRados\u0142aw Stachowiak, CEO, Securitum<br \/>\n<\/strong>Rados\u0142aw Stachowiak is CEO of\u00a0 Securitum, the biggest Polish pentesting and cybersecurity company (400+ projects for European customers in 2020). He&#8217;s got MSc in computer science and worked 25 years in software development and cybersecurity sectors.<\/p>\n<p>In years 2005-2017, before joining Securitum, helped as a SVP\/COO to grow Software Mind\/Ailleron, publicly traded software development company, from 20 to 500 employees. Over his whole career got chance to produce, deploy and now secure, software solutions for biggest institutions connecting deep technical background with business experience in EU and USA markets.<\/p>\n<p><img loading=\"lazy\" decoding=\"async\" class=\"alignnone size-full wp-image-26243\" src=\"https:\/\/www.legal500.com\/events\/wp-content\/uploads\/sites\/5\/2021\/03\/Jez\u0307ak-Zuzanna-crop.jpg\" alt=\"\" width=\"150\" height=\"150\" srcset=\"https:\/\/my.legal500.com\/events\/wp-content\/uploads\/sites\/5\/2021\/03\/Jez\u0307ak-Zuzanna-crop.jpg 150w, https:\/\/my.legal500.com\/events\/wp-content\/uploads\/sites\/5\/2021\/03\/Jez\u0307ak-Zuzanna-crop-100x100.jpg 100w\" sizes=\"auto, (max-width: 150px) 100vw, 150px\" \/><br \/>\n<strong>Zuzanna Je\u017cak, attorney-at-law, legal practice lead, Netguru<br \/>\n<\/strong>Zuzanna Je\u017cak has created and leads the legal department in Netguru &#8211; a Polish software development and consulting company founded in 2008, since then having completed more than 600 projects worldwide, with 650+ employees currently on board.<\/p>\n<p>She has over ten years of professional experience as an in-house lawyer, providing legal advice for enterprises and companies from financial, energy and in IT\/digital sector as well as leading internal legal teams. She has knowledge and significant practical experience in new technologies, intellectual property, commercial and corporate law.<\/p>\n<p>In 2020 she was awarded seventh place in the Rising Stars Lawyers \u2013 Leaders of Tomorrow competition in Poland.<\/p>\n","protected":false},"excerpt":{"rendered":"<p>In recent years, organisations of all sizes operating in all sectors and markets have been targets of cybersecurity attacks. For their general counsel, knowing how to respond to these threats goes beyond knowledge of black-letter law. Knowing who to communicate with in the organisation, aligning legal with other functions, and finding practical and timely external &hellip; <\/p>\n<p class=\"link-more\"><a href=\"https:\/\/my.legal500.com\/events\/webinars-home\/navigating-potential-cyber-security-risks-and-the-paths-to-compliance-in-poland\/\" class=\"more-link\">Continue reading<span class=\"screen-reader-text\"> &#8220;Navigating potential cyber security risks and the paths to compliance in Poland&#8221;<\/span><\/a><\/p>\n","protected":false},"author":20,"featured_media":25179,"parent":20789,"menu_order":0,"comment_status":"closed","ping_status":"closed","template":"","meta":{"footnotes":""},"class_list":["post-25173","page","type-page","status-publish","has-post-thumbnail","hentry"],"acf":[],"_links":{"self":[{"href":"https:\/\/my.legal500.com\/events\/wp-json\/wp\/v2\/pages\/25173","targetHints":{"allow":["GET"]}}],"collection":[{"href":"https:\/\/my.legal500.com\/events\/wp-json\/wp\/v2\/pages"}],"about":[{"href":"https:\/\/my.legal500.com\/events\/wp-json\/wp\/v2\/types\/page"}],"author":[{"embeddable":true,"href":"https:\/\/my.legal500.com\/events\/wp-json\/wp\/v2\/users\/20"}],"replies":[{"embeddable":true,"href":"https:\/\/my.legal500.com\/events\/wp-json\/wp\/v2\/comments?post=25173"}],"version-history":[{"count":1,"href":"https:\/\/my.legal500.com\/events\/wp-json\/wp\/v2\/pages\/25173\/revisions"}],"predecessor-version":[{"id":31716,"href":"https:\/\/my.legal500.com\/events\/wp-json\/wp\/v2\/pages\/25173\/revisions\/31716"}],"up":[{"embeddable":true,"href":"https:\/\/my.legal500.com\/events\/wp-json\/wp\/v2\/pages\/20789"}],"wp:featuredmedia":[{"embeddable":true,"href":"https:\/\/my.legal500.com\/events\/wp-json\/wp\/v2\/media\/25179"}],"wp:attachment":[{"href":"https:\/\/my.legal500.com\/events\/wp-json\/wp\/v2\/media?parent=25173"}],"curies":[{"name":"wp","href":"https:\/\/api.w.org\/{rel}","templated":true}]}}