{"id":24853,"date":"2021-01-18T10:32:34","date_gmt":"2021-01-18T10:32:34","guid":{"rendered":"https:\/\/www.legal500.com\/events\/?page_id=24853"},"modified":"2022-01-10T12:06:37","modified_gmt":"2022-01-10T12:06:37","slug":"early-case-assessment-and-investigations-reducing-cost-and-risk-germany","status":"publish","type":"page","link":"https:\/\/my.legal500.com\/events\/webinars-home\/early-case-assessment-and-investigations-reducing-cost-and-risk-germany\/","title":{"rendered":"Early Case Assessment and Investigations: Reducing Cost and Risk (Germany)"},"content":{"rendered":"<p>On behalf of Legal Business magazine (the same publishers as <em>The Legal 500 <\/em>and <em>GC Powerlist<\/em>) we would like to invite you to a webinar we are hosting on Wednesday 24 February alongside OpenText\u2122 &#8211; the leading global enterprise information management software provider with applications for eDiscovery, investigations, contract analysis and information governance.<\/p>\n<p>The 45-minute panel discussion, followed by a Q&amp;A session, will see an expert panel of in-house and private practice legal leaders discuss the challenges of early cases assessments and investigations, and explore some of the new approaches and tools available to mitigate both cost and risk. All too often, significant time is spent on finding facts during early case assessment and investigations, only to find they need to settle \u2013potentially unfavourably\u2014after substantial costs have been incurred. With more than 97% of all cases settling prior to trial, early insight into case data has never been more critical to help control costs and manage risk.<\/p>\n<p>&#8211;<\/p>\n<p>Im Namen des Legal Business Magazins (Herausgeber von The Legal 500 und GC Powerlist) m\u00f6chten wir Sie zu einem Webinar einladen, das wir am Mittwoch, dem 24. Februar, zusammen mit OpenText \u2122 veranstalten &#8211; dem weltweit f\u00fchrenden Anbieter von Software f\u00fcr das Management von Unternehmensinformationen mit Anwendungen f\u00fcr eDiscovery und Untersuchungen, Vertragsanalyse und Information Governance.<\/p>\n<p>In der 45-min\u00fctigen Podiumsdiskussion, gefolgt von einer Q&amp;A-Runde, wird ein Expertengremium aus Inhouse Juristen und Rechtsanw\u00e4lten in Kanzleien die Herausforderungen bei Early Case Assessment und Investigations er\u00f6rtern und einige der verf\u00fcgbaren neuen Ans\u00e4tze und Instrumente f\u00fcr Kostensenkung und Risikominderung untersuchen. Allzu oft wird viel Zeit damit verbracht, Fakten w\u00e4hrend einer fr\u00fchen Fallbewertung und -untersuchung zu finden, um festzustellen, dass der Fall &#8211; m\u00f6glicherweise ung\u00fcnstig &#8211; beigelegt werden muss, nachdem erhebliche Kosten entstanden sind. Da mehr als 97% aller F\u00e4lle vor dem Prozess beigelegt werden, ist ein fr\u00fchzeitiger Einblick in die Falldaten wichtiger denn je, um Kosten zu kontrollieren und Risiken zu erkennen und steuern.<\/p>\n<h2>Speakers<\/h2>\n<p><img loading=\"lazy\" decoding=\"async\" class=\"alignnone size-full wp-image-25285\" src=\"https:\/\/www.legal500.com\/events\/wp-content\/uploads\/sites\/5\/2021\/02\/Marcus-reischl-crop.jpg\" alt=\"\" width=\"150\" height=\"150\" srcset=\"https:\/\/my.legal500.com\/events\/wp-content\/uploads\/sites\/5\/2021\/02\/Marcus-reischl-crop.jpg 150w, https:\/\/my.legal500.com\/events\/wp-content\/uploads\/sites\/5\/2021\/02\/Marcus-reischl-crop-100x100.jpg 100w\" sizes=\"auto, (max-width: 150px) 100vw, 150px\" \/><br \/>\n<strong>Dr. Marcus Reischl, partner, Gleiss Lutz<br \/>\n<\/strong>Marcus advises domestic and international clients on compliance, and represents firms in court and arbitration proceedings. He specialises in strategic compliance advice as well as setting-up, implementing and developing compliance structures. Marcus regularly assists companies with internal investigations for detecting irregularities, advising on their impact, in particular with regard to judicial and extra-judicial disputes with business partners and the co-operating with authorities.<\/p>\n<p><strong>\u00a0<\/strong><img loading=\"lazy\" decoding=\"async\" class=\"alignnone size-full wp-image-25283\" style=\"font-size: 1rem;\" src=\"https:\/\/www.legal500.com\/events\/wp-content\/uploads\/sites\/5\/2021\/02\/Dimitri-Slobodean-Crop.jpg\" alt=\"\" width=\"150\" height=\"150\" srcset=\"https:\/\/my.legal500.com\/events\/wp-content\/uploads\/sites\/5\/2021\/02\/Dimitri-Slobodean-Crop.jpg 150w, https:\/\/my.legal500.com\/events\/wp-content\/uploads\/sites\/5\/2021\/02\/Dimitri-Slobodean-Crop-100x100.jpg 100w\" sizes=\"auto, (max-width: 150px) 100vw, 150px\" \/><br \/>\n<strong>Dr. Dimitri Slobodenjuk, counsel,\u00a0 Clifford Chance<br \/>\n<\/strong>Dimitri Slobodenjuk joined the D\u00fcsseldorf office of Clifford Chance in 2010 and has been Counsel since 2017. He was seconded to a large German retail company. Dimitri focuses on advice under the German Foreign Direct Investment Act. He regularly publishes legal articles in this area. In addition, Dimitri advises a broad range of clients on all areas of European and German merger control and antitrust law. Dimitri co-ordinates multi-jurisdictional merger control filings worldwide and has a deep expertise in advising companies in merger control proceedings before the European Commission and the German Federal Cartel Office. Dimitri also focuses on cartel proceedings, compliance systems, and contractual implementation of antitrust law in distribution agreements.<\/p>\n<p><img loading=\"lazy\" decoding=\"async\" class=\"alignnone size-full wp-image-25293\" src=\"https:\/\/www.legal500.com\/events\/wp-content\/uploads\/sites\/5\/2021\/02\/christoph-schindelar-crop.jpg\" alt=\"\" width=\"150\" height=\"150\" srcset=\"https:\/\/my.legal500.com\/events\/wp-content\/uploads\/sites\/5\/2021\/02\/christoph-schindelar-crop.jpg 150w, https:\/\/my.legal500.com\/events\/wp-content\/uploads\/sites\/5\/2021\/02\/christoph-schindelar-crop-100x100.jpg 100w\" sizes=\"auto, (max-width: 150px) 100vw, 150px\" \/><br \/>\n<strong>Christoph Schindelar, senior account executive, OpenText<br \/>\n<\/strong>Christoph Schindelar is a sales professional with 15+ years of experience in sales, with focus on the tech industry. In his current position as a senior account executive at OpenText, a global leader in enterprise information management, he is responsible for business development and sales of legal tech solutions in Austria, Germany, and CEE. His client base consists of top-tier law firms as well as the legal and compliance departments of blue chip companies. In this role, he thrives to create awareness for cutting-edge legal tech solutions that help lawyers to make their job more efficiently.<strong><br \/>\n<\/strong><\/p>\n<p><img loading=\"lazy\" decoding=\"async\" class=\"alignnone size-full wp-image-25311\" src=\"https:\/\/www.legal500.com\/events\/wp-content\/uploads\/sites\/5\/2021\/02\/Martin-Ehling-crop.jpg\" alt=\"\" width=\"150\" height=\"150\" srcset=\"https:\/\/my.legal500.com\/events\/wp-content\/uploads\/sites\/5\/2021\/02\/Martin-Ehling-crop.jpg 150w, https:\/\/my.legal500.com\/events\/wp-content\/uploads\/sites\/5\/2021\/02\/Martin-Ehling-crop-100x100.jpg 100w\" sizes=\"auto, (max-width: 150px) 100vw, 150px\" \/><br \/>\n<strong>Martin Ehling, sales director DACH &amp; southern Europe, OpenText<\/strong><\/p>\n<p><strong>Enrico Reuter, deputy head of compliance marine business, thyssenkrupp<\/strong><\/p>\n<p><strong><img loading=\"lazy\" decoding=\"async\" class=\"alignnone size-full wp-image-25381\" src=\"https:\/\/www.legal500.com\/events\/wp-content\/uploads\/sites\/5\/2021\/02\/Franziska-Fuchs-crop.jpg\" alt=\"\" width=\"150\" height=\"150\" srcset=\"https:\/\/my.legal500.com\/events\/wp-content\/uploads\/sites\/5\/2021\/02\/Franziska-Fuchs-crop.jpg 150w, https:\/\/my.legal500.com\/events\/wp-content\/uploads\/sites\/5\/2021\/02\/Franziska-Fuchs-crop-100x100.jpg 100w\" sizes=\"auto, (max-width: 150px) 100vw, 150px\" \/><br \/>\nFranziska Fuchs, h<\/strong><strong>ead of discovery and IT security law, Robert Bosch GmbH<br \/>\n<\/strong>Franziska is an experienced IT lawyer and the head of Bosch&#8217;s discovery and IT security law department within the central legal department in Stuttgart. She focusses on design and implementation of corporate processes and procedures for all stages of the EDRM &#8211; from legal hold to production. She and her team frequently apply data analytics for legal fact finding in context of investigations or litigation and advise on data privacy and data protection law, IT security law and strategic information governance.<\/p>\n","protected":false},"excerpt":{"rendered":"<p>On behalf of Legal Business magazine (the same publishers as The Legal 500 and GC Powerlist) we would like to invite you to a webinar we are hosting on Wednesday 24 February alongside OpenText\u2122 &#8211; the leading global enterprise information management software provider with applications for eDiscovery, investigations, contract analysis and information governance. The 45-minute &hellip; <\/p>\n<p class=\"link-more\"><a href=\"https:\/\/my.legal500.com\/events\/webinars-home\/early-case-assessment-and-investigations-reducing-cost-and-risk-germany\/\" class=\"more-link\">Continue reading<span class=\"screen-reader-text\"> &#8220;Early Case Assessment and Investigations: Reducing Cost and Risk (Germany)&#8221;<\/span><\/a><\/p>\n","protected":false},"author":20,"featured_media":25295,"parent":20789,"menu_order":0,"comment_status":"closed","ping_status":"closed","template":"","meta":{"footnotes":""},"class_list":["post-24853","page","type-page","status-publish","has-post-thumbnail","hentry"],"acf":[],"_links":{"self":[{"href":"https:\/\/my.legal500.com\/events\/wp-json\/wp\/v2\/pages\/24853","targetHints":{"allow":["GET"]}}],"collection":[{"href":"https:\/\/my.legal500.com\/events\/wp-json\/wp\/v2\/pages"}],"about":[{"href":"https:\/\/my.legal500.com\/events\/wp-json\/wp\/v2\/types\/page"}],"author":[{"embeddable":true,"href":"https:\/\/my.legal500.com\/events\/wp-json\/wp\/v2\/users\/20"}],"replies":[{"embeddable":true,"href":"https:\/\/my.legal500.com\/events\/wp-json\/wp\/v2\/comments?post=24853"}],"version-history":[{"count":1,"href":"https:\/\/my.legal500.com\/events\/wp-json\/wp\/v2\/pages\/24853\/revisions"}],"predecessor-version":[{"id":31664,"href":"https:\/\/my.legal500.com\/events\/wp-json\/wp\/v2\/pages\/24853\/revisions\/31664"}],"up":[{"embeddable":true,"href":"https:\/\/my.legal500.com\/events\/wp-json\/wp\/v2\/pages\/20789"}],"wp:featuredmedia":[{"embeddable":true,"href":"https:\/\/my.legal500.com\/events\/wp-json\/wp\/v2\/media\/25295"}],"wp:attachment":[{"href":"https:\/\/my.legal500.com\/events\/wp-json\/wp\/v2\/media?parent=24853"}],"curies":[{"name":"wp","href":"https:\/\/api.w.org\/{rel}","templated":true}]}}