{"id":247742,"date":"2026-02-09T08:58:36","date_gmt":"2026-02-09T08:58:36","guid":{"rendered":"https:\/\/my.legal500.com\/events\/?page_id=247742"},"modified":"2026-02-13T08:31:11","modified_gmt":"2026-02-13T08:31:11","slug":"event-report-2","status":"publish","type":"page","link":"https:\/\/my.legal500.com\/events\/colombia-awards\/event-report-2\/","title":{"rendered":"Event Report"},"content":{"rendered":"<p>Legal 500 returned to Bogot\u00e1 on 3rd February 2026 for the annual Legal 500 Colombia Awards, celebrating excellence across Colombia\u2019s legal profession and spotlighting the law firms, in-house teams and lawyers that continue to deliver work of the highest standard.<\/p>\n<p>Among the awards presented on the night:<\/p>\n<p>\u00b7 Brigard Urrutia garnered the title of Colombia Firm of the Year.<\/p>\n<p>\u00b7 Milbank LLP received the award for International Firm (Operating in Colombia) \u2013 Firm of the Year.<\/p>\n<p>\u00b7 Claudia Benavides of Benavides Mej\u00eda Dispute Resolution was recognised as Senior Partner of the Year.<\/p>\n<p>\u00b7 Jaime Cubillos of Posse Herrera Ruiz was named Lawyer of the Year.<\/p>\n<p>\u00b7 Andr\u00e9s Ord\u00f3\u00f1ez of Garrigues received the Next Generation Partner of the Year award.<\/p>\n<p>\u00b7 Mar\u00eda Fernanda D\u00edaz of Cuatrecasas was named Rising Star Associate of the Year.<\/p>\n<p>\u00b7 Contexto Legal was named Medell\u00edn Firm of the Year.<\/p>\n<p>\u00b7 Alvarez, Lievano, Laserna S.A.S was awarded Boutique Firm of the Year.<\/p>\n<p>\u00b7 DRET Legal was recognised as Up-and-Coming New Firm of the Year.<\/p>\n<p>\u00b7 <span data-olk-copy-source=\"MessageBody\">The In-House Team of the Year award, presented in association with vLex part of Clio, was awarded to Ocensa.<\/span><\/p>\n<p>Based on Legal 500\u2019s independent research and detailed market analysis, the awards continue to serve as a respected and objective benchmark for performance and quality within Colombia\u2019s legal market.<\/p>\n<p>Congratulations to all shortlisted firms and individuals, and to the winners celebrated at this year\u2019s ceremony.<\/p>\n<p>View the full list of winners: <a href=\"https:\/\/www.legal500.com\/events\/colombia-awards\/winners-2026\/\">Winners 2026 \u2013 Events<\/a><\/p>\n<p>View photos from the evening: <a href=\"https:\/\/www.legal500.com\/events\/colombia-awards\/on-the-night-2026\/\">On the Night 2026 \u2013 Events<\/a><\/p>\n<p>Photographers from El Tiempo and La Rep\u00fablica were also in attendance, capturing highlights from the evening.<\/p>\n<p>Our thanks go to everyone who attended in Bogot\u00e1 and helped make the Legal 500 Colombia Awards such a memorable evening. We look forward to recognising further achievements across Colombia\u2019s legal community in the years ahead.<\/p>\n","protected":false},"excerpt":{"rendered":"<p>Legal 500 returned to Bogot\u00e1 on 3rd February 2026 for the annual Legal 500 Colombia Awards, celebrating excellence across Colombia\u2019s legal profession and spotlighting the law firms, in-house teams and lawyers that continue to deliver work of the highest standard. Among the awards presented on the night: \u00b7 Brigard Urrutia garnered the title of Colombia &hellip; <\/p>\n<p class=\"link-more\"><a href=\"https:\/\/my.legal500.com\/events\/colombia-awards\/event-report-2\/\" class=\"more-link\">Continue reading<span class=\"screen-reader-text\"> &#8220;Event Report&#8221;<\/span><\/a><\/p>\n","protected":false},"author":64976,"featured_media":0,"parent":115768,"menu_order":0,"comment_status":"closed","ping_status":"closed","template":"","meta":{"footnotes":""},"class_list":["post-247742","page","type-page","status-publish","hentry"],"acf":[],"_links":{"self":[{"href":"https:\/\/my.legal500.com\/events\/wp-json\/wp\/v2\/pages\/247742","targetHints":{"allow":["GET"]}}],"collection":[{"href":"https:\/\/my.legal500.com\/events\/wp-json\/wp\/v2\/pages"}],"about":[{"href":"https:\/\/my.legal500.com\/events\/wp-json\/wp\/v2\/types\/page"}],"author":[{"embeddable":true,"href":"https:\/\/my.legal500.com\/events\/wp-json\/wp\/v2\/users\/64976"}],"replies":[{"embeddable":true,"href":"https:\/\/my.legal500.com\/events\/wp-json\/wp\/v2\/comments?post=247742"}],"version-history":[{"count":1,"href":"https:\/\/my.legal500.com\/events\/wp-json\/wp\/v2\/pages\/247742\/revisions"}],"predecessor-version":[{"id":248616,"href":"https:\/\/my.legal500.com\/events\/wp-json\/wp\/v2\/pages\/247742\/revisions\/248616"}],"up":[{"embeddable":true,"href":"https:\/\/my.legal500.com\/events\/wp-json\/wp\/v2\/pages\/115768"}],"wp:attachment":[{"href":"https:\/\/my.legal500.com\/events\/wp-json\/wp\/v2\/media?parent=247742"}],"curies":[{"name":"wp","href":"https:\/\/api.w.org\/{rel}","templated":true}]}}