{"id":242786,"date":"2025-12-12T11:22:59","date_gmt":"2025-12-12T11:22:59","guid":{"rendered":"https:\/\/my.legal500.com\/events\/?page_id=242786"},"modified":"2026-04-20T09:10:26","modified_gmt":"2026-04-20T09:10:26","slug":"winners-2026","status":"publish","type":"page","link":"https:\/\/my.legal500.com\/events\/mexico-awards-2026\/winners-2026\/","title":{"rendered":"Winners 2026"},"content":{"rendered":"<h4><strong>Banking and Finance<\/strong><\/h4>\n<p><strong>Banking and Finance Next Generation Partner of the Year<\/strong><\/p>\n<p>Carlos Jim\u00e9nez , Mijares, Angoitia, Cort\u00e9s y Fuentes S.C.<\/p>\n<p><strong>Banking and Finance Lawyer of the Year<\/strong><\/p>\n<p>Pedro Velasco , Creel, Garc\u00eda-Cu\u00e9llar, Aiza y Enr\u00edquez, S.C.<\/p>\n<p><strong>Banking and Finance Firm of the Year<\/strong><\/p>\n<p>Ritch, Mueller y Nicolau, S.C.<\/p>\n<h4><strong>Bankruptcy and Restructuring<\/strong><\/h4>\n<p><strong>Bankruptcy and Restructuring Next Generation Partner of the Year<\/strong><\/p>\n<p>Zulima Gonz\u00e1lez , P\u00e9rez Correa Gonz\u00e1lez<\/p>\n<p><strong>Bankruptcy and Restructuring Lawyer of the Year<\/strong><\/p>\n<p>Jes\u00fas \u00c1ngel Guerra Mendez, Guerra, Hidalgo y Mendoza (GHM)<\/p>\n<p><strong>Bankruptcy and Restructuring Firm of the Year<\/strong><\/p>\n<p>Del Castillo y Castro Abogados<\/p>\n<h4><strong>Capital Markets<\/strong><\/h4>\n<p><strong>Capital Markets Next Generation Partner of the Year<\/strong><\/p>\n<p>Bernardo Reyes Retana K. , P\u00e9rez-Llorca<\/p>\n<p><strong>Capital Markets Lawyer of the Year<\/strong><\/p>\n<p>Guillermo P\u00e9rez Santiago, Galicia Abogados S.C.<\/p>\n<p><strong>Capital Markets Firm of the Year<\/strong><\/p>\n<p>Galicia Abogados S.C.<\/p>\n<h4><strong>Competition and Antitrust<\/strong><\/h4>\n<p><strong>Competition and Antitrust Next Generation Partner of the Year<\/strong><\/p>\n<p>Rom\u00e1n Gonz\u00e1lez , White &amp; Case S.C.<\/p>\n<p><strong>Competition and Antitrust Lawyer of the Year<\/strong><\/p>\n<p>Cristina Massa, Sainz Abogados<\/p>\n<p><strong>Competition and Antitrust Firm of the Year<\/strong><\/p>\n<p>Greenberg Traurig, S.C.<\/p>\n<h4><strong>Compliance<\/strong><\/h4>\n<p><strong>Compliance Next Generation Partner of the Year<\/strong><\/p>\n<p>Brian Minutti, Legal Disruption<\/p>\n<p><strong>Compliance Lawyer of the Year<\/strong><\/p>\n<p>Leonel Pereznieto, Creel, Garc\u00eda-Cu\u00e9llar, Aiza y Enr\u00edquez, S.C.<\/p>\n<p><strong>Compliance Firm of the Year<\/strong><\/p>\n<p>Von Wobeser y Sierra, SC<\/p>\n<h4><strong>Corporate and M&amp;A: Mid-market<\/strong><\/h4>\n<p><strong>Corporate and M&amp;A: Mid-market Next Generation Partner of the Year<\/strong><\/p>\n<p>Rodrigo Gardner, Basham, Ringe y Correa, S.C.<\/p>\n<p><strong>Corporate and M&amp;A: Mid-market Lawyer of the Year<\/strong><\/p>\n<p>Carlos Velazquez De Le\u00f3n, Basham, Ringe y Correa, S.C.<\/p>\n<p><strong>Corporate and M&amp;A: Mid-market Firm of the Year<\/strong><\/p>\n<p>DLA Piper Mexico<\/p>\n<h4><strong>Corporate and M&amp;A: High-end<\/strong><\/h4>\n<p><strong>Corporate and M&amp;A: High-end Next Generation Partner of the Year<\/strong><\/p>\n<p>Diego Barrera, Creel, Garc\u00eda-Cu\u00e9llar, Aiza y Enr\u00edquez, S.C.<\/p>\n<p><strong>Corporate and M&amp;A: High-end Lawyer of the Year<\/strong><\/p>\n<p>Henri Capin Gally, White &amp; Case S.C.<\/p>\n<p><strong>Corporate and M&amp;A: High-end Firm of the Year<\/strong><\/p>\n<p>Creel, Garc\u00eda-Cu\u00e9llar, Aiza y Enr\u00edquez, S.C.<\/p>\n<h4><strong>Dispute Resolution: Arbitration<\/strong><\/h4>\n<p><strong>Dispute Resolution: Arbitration Next Generation Partner of the Year<\/strong><\/p>\n<p>Daniel Garc\u00eda-Barrag\u00e1n, Garc\u00eda Barrag\u00e1n Abogados<\/p>\n<p><strong>Dispute Resolution: Arbitration Lawyer of the Year<\/strong><\/p>\n<p>Elsa Ortega , Creel, Garc\u00eda-Cu\u00e9llar, Aiza y Enr\u00edquez, S.C.<\/p>\n<p><strong>Dispute Resolution: Arbitration Firm of the Year<\/strong><\/p>\n<p>Von Wobeser y Sierra, SC<\/p>\n<h4><strong>Dispute Resolution: Litigation<\/strong><\/h4>\n<p><strong>Dispute Resolution: Litigation Next Generation Partner of the Year<\/strong><\/p>\n<p>H\u00e9ctor Anaya Mondrag\u00f3n, Gritwood Dispute Resolution<\/p>\n<p><strong>Dispute Resolution: Litigation Lawyer of the Year<\/strong><\/p>\n<p>Carlos Malpica, Malpica, Iturbe, Buj y Paredes, S.C.<\/p>\n<p><strong>Dispute Resolution: Litigation Firm of the Year<\/strong><\/p>\n<p>Malpica, Iturbe, Buj y Paredes, S.C.<\/p>\n<h4><strong>Energy and Natural Resources<\/strong><\/h4>\n<p><strong>Energy and Natural Resources Next Generation Partner of the Year<\/strong><\/p>\n<p>Jorge Cabeza, MCM Abogados<\/p>\n<p><strong>Energy and Natural Resources Lawyer of the Year<\/strong><\/p>\n<p>C\u00e9sar Fern\u00e1ndez, Norton Rose Fulbright<\/p>\n<p><strong>Energy and Natural Resources Firm of the Year<\/strong><\/p>\n<p>Baker McKenzie Abogados, S.C.<\/p>\n<h4><strong>Environment<\/strong><\/h4>\n<p><strong>Environment Next Generation Partner of the Year<\/strong><\/p>\n<p>Carlos Escoto, Galicia Abogados S.C.<\/p>\n<p><strong>Environment Lawyer of the Year<\/strong><\/p>\n<p>Adri\u00e1n del Paso, DLA Piper Mexico<\/p>\n<p><strong>Environment Firm of the Year<\/strong><\/p>\n<p>Pontones &amp; Ledesma<\/p>\n<h4><strong>Insurance<\/strong><\/h4>\n<p><strong>Insurance Lawyer of the Year<\/strong><\/p>\n<p>Jose Luis Colin Vega, Colin Vega Fletes Abogados<\/p>\n<p><strong>Insurance Firm of the Year<\/strong><\/p>\n<p>Nader, Hayaux y Goebel, SC<\/p>\n<h4><strong>Intellectual Property<\/strong><\/h4>\n<p><strong>Intellectual Property Next Generation Partner of the Year<\/strong><\/p>\n<p>Jos\u00e9 Antonio Arochi, Arochi &amp; Lindner, SC<\/p>\n<p><strong>Intellectual Property Lawyer of the Year<\/strong><\/p>\n<p>Laura Collada, Dumont<\/p>\n<p><strong>Intellectual Property Firm of the Year<\/strong><\/p>\n<p>Basham, Ringe y Correa, S.C.<\/p>\n<h4><strong>International Trade and Customs<\/strong><\/h4>\n<p><strong>International Trade and Customs Next Generation Partner of the Year<\/strong><\/p>\n<p>Carlos V\u00e9jar, White &amp; Case S.C.<\/p>\n<p><strong>International Trade and Customs Lawyer of the Year<\/strong><\/p>\n<p>Adri\u00e1n V\u00e1zquez, V\u00e1zquez Tercero &amp; Zepeda<\/p>\n<p><strong>International Trade and Customs Firm of the Year<\/strong><\/p>\n<p>EC Rubio<\/p>\n<h4><strong>Labour and Employment<\/strong><\/h4>\n<p><strong>Labour and Employment Next Generation Partner of the Year<\/strong><\/p>\n<p>Mary Carmen Fuertes, Hogan Lovells<\/p>\n<p><strong>Labour and Employment Lawyer of the Year<\/strong><\/p>\n<p>Juan Carlos de la Vega, Santamarina y Steta<\/p>\n<p><strong>Labour and Employment Firm of the Year<\/strong><\/p>\n<p>Marv\u00e1n, Gonz\u00e1lez Graf y Gonz\u00e1lez Larrazolo, S.C. (MGGL)<\/p>\n<h4><strong>Life Sciences<\/strong><\/h4>\n<p><strong>Life Sciences Next Generation Partner of the Year<\/strong><\/p>\n<p>Cecilia Stahlhut, Hogan Lovells<\/p>\n<p><strong>Life Sciences Lawyer of the Year<\/strong><\/p>\n<p>Christian Lopez-Silva, Sa\u00fadeLaw<\/p>\n<p><strong>Life Sciences Firm of the Year<\/strong><\/p>\n<p>Hogan Lovells<\/p>\n<h4><strong>Projects and Infrastructure<\/strong><\/h4>\n<p><strong>Projects and Infrastructure Next Generation Partner of the Year<\/strong><\/p>\n<p>Marcia Santom\u00e9 S\u00e1nchez, CMS Woodhouse Lorente Ludlow<\/p>\n<p><strong>Projects and Infrastructure Lawyer of the Year<\/strong><\/p>\n<p>Alejandro Rojas, Nader, Hayaux y Goebel, SC<\/p>\n<p><strong>Projects and Infrastructure Firm of the Year<\/strong><\/p>\n<p>Galicia Abogados S.C.<\/p>\n<h4><strong>Real Estate<\/strong><\/h4>\n<p><strong>Real Estate Next Generation Partner of the Year<\/strong><\/p>\n<p>Diego G\u00f3mez-Haro Katznelson, Garrigues<\/p>\n<p><strong>Real Estate Lawyer of the Year<\/strong><\/p>\n<p>Alejandro Trujillo, TA Trujillo Abogados<\/p>\n<p><strong>Real Estate Firm of the Year<\/strong><\/p>\n<p>Ritch, Mueller y Nicolau, S.C.<\/p>\n<h4><strong>Tax<\/strong><\/h4>\n<p><strong>Tax Next Generation Partner of the Year<\/strong><\/p>\n<p>\u00c1ngel Escalante, Escalante &amp; Asociados<\/p>\n<p><strong>Tax Lawyer of the Year<\/strong><\/p>\n<p>Nora Morales Rodr\u00edguez, Mijares, Angoitia, Cort\u00e9s y Fuentes S.C.<\/p>\n<p><strong>Tax Firm of the Year<\/strong><\/p>\n<p>Chevez Ruiz Zamarripa<\/p>\n<h4><strong>TMT<\/strong><\/h4>\n<p><strong>TMT Next Generation Partner of the Year<\/strong><\/p>\n<p>Carlos Vela-Trevi\u00f1o, Baker McKenzie Abogados, S.C.<\/p>\n<p><strong>TMT Lawyer of the Year<\/strong><\/p>\n<p>Andr\u00e9s Acedo, Acedo, Santamarina, S.C<\/p>\n<p><strong>TMT Firm of the Year<\/strong><\/p>\n<p>Bello, Gallardo, Bonequi y Garc\u00eda, S.C.<\/p>\n<hr \/>\n<h4><strong>Marketing Team of the Year<\/strong><\/h4>\n<p>Creel, Garc\u00eda-Cu\u00e9llar, Aiza &amp; Enr\u00edquez<\/p>\n<h4><strong>DE&amp;I Law Firm of the Year<\/strong><\/h4>\n<p>Chevez Ruiz Zamarripa<\/p>\n<h4><strong>ESG In-House Team of the Year<\/strong><\/h4>\n<p>ENGIE M\u00e9xico<\/p>\n<h4><strong>In-House Rising Star of the Year<\/strong><\/h4>\n<p>Monserrat Villegas Vallejo, MacQuarie<\/p>\n<h4><strong>Banking and Finance Deal of the Year<\/strong><\/h4>\n<p><em><strong> $2.5bn financing granted by a syndicate of 13 financial institutions to Energ\u00eda Mayakan for the expansion to the existing Mayakan pipeline system.\u00a0<\/strong><\/em><br \/>\nNader, Hayaux &amp; Goebel<br \/>\nMilbank LLP<br \/>\nBaker Mckenzie Abogados, S.C.<br \/>\nCovington &amp; Burling<\/p>\n<h4><strong>M&amp;A Deal of the Year<\/strong><\/h4>\n<p><em><strong>Fomento Econ\u00f3mico Mexicano (FEMSA)&#8217;s MXN $437m sale of two of its business lines to Mill Point Capital LLC.\u00a0<\/strong><\/em><br \/>\nGalicia Abogados, S.C.<br \/>\nTozzini Freire<br \/>\nFreshfields Bruckhaus Deringer US LLP<br \/>\nCreel, Garc\u00eda-Cu\u00e9llar, Aiza y Enr\u00edquez, S.C.<br \/>\nSchulte Roth Zabel, LLP<br \/>\nBeccar Varela<br \/>\nPBP P\u00e9rez Bustamante &amp; Ponce<br \/>\nAguilar Castillo Love<br \/>\nMattos Filho<br \/>\nD\u2019Empaire Reyna Abogados<br \/>\nPhilippi Prietocarrizosa Ferrero DU &amp; Ur\u00eda<br \/>\nFerrere Abogados<\/p>\n<h4><strong>Rising Star Associate of the Year<\/strong><\/h4>\n<p>Ana Maria Alpizar, Nader Hayaux &amp; Goebel<\/p>\n<h4><strong>Next Generation Partner of the Year<\/strong><\/h4>\n<p>Carlos Orci, Mijares, Angoitia, Cort\u00e9s y Fuentes S.C.<\/p>\n<h4><strong>Boutique Firm of the Year<\/strong><\/h4>\n<p>Uhthoff, G\u00f3mez Vega &amp; Uhthoff, SC<\/p>\n<h4><strong>Up-and-Coming Young Firm<\/strong><\/h4>\n<p>Tena Abogados<\/p>\n<h4><strong>In-House Lawyer of the Year<\/strong><\/h4>\n<p>Karina Ojeda Valle, Capital Indigo<\/p>\n<h4><strong>Lawyer of the Year<\/strong><\/h4>\n<p>Jean Paul Farah, Ritch, Mueller y Nicolau, S.C.<\/p>\n<h4><strong>Senior Partner of the Year<\/strong><\/h4>\n<p>Manuel Galicia, Galicia Abogados S.C.<\/p>\n<h4><strong>In-House Team of the Year<\/strong><\/h4>\n<p>Grupo Aerom\u00e9xico<\/p>\n<h4><strong>Mexico Firm of the Year<\/strong><\/h4>\n<p>Creel, Garc\u00eda-Cu\u00e9llar, Aiza y Enr\u00edquez, S.C.<\/p>\n<h4><strong>Leading Central American law firm (in relation to Mexico)<\/strong><\/h4>\n<p>BLP Abogados<\/p>\n<h4><strong>Firm of the Year (based outside Mexico City)<\/strong><\/h4>\n<p>Ramos, Ripoll &amp; Schuster<\/p>\n<h4><strong>International Firms (operating in to Mexico)<\/strong><\/h4>\n<p>Milbank LLP<\/p>\n","protected":false},"excerpt":{"rendered":"<p>Banking and Finance Banking and Finance Next Generation Partner of the Year Carlos Jim\u00e9nez , Mijares, Angoitia, Cort\u00e9s y Fuentes S.C. Banking and Finance Lawyer of the Year Pedro Velasco , Creel, Garc\u00eda-Cu\u00e9llar, Aiza y Enr\u00edquez, S.C. Banking and Finance Firm of the Year Ritch, Mueller y Nicolau, S.C. Bankruptcy and Restructuring Bankruptcy and Restructuring &hellip; <\/p>\n<p class=\"link-more\"><a href=\"https:\/\/my.legal500.com\/events\/mexico-awards-2026\/winners-2026\/\" class=\"more-link\">Continue reading<span class=\"screen-reader-text\"> &#8220;Winners 2026&#8221;<\/span><\/a><\/p>\n","protected":false},"author":64976,"featured_media":0,"parent":242532,"menu_order":0,"comment_status":"closed","ping_status":"closed","template":"","meta":{"footnotes":""},"class_list":["post-242786","page","type-page","status-publish","hentry"],"acf":[],"_links":{"self":[{"href":"https:\/\/my.legal500.com\/events\/wp-json\/wp\/v2\/pages\/242786","targetHints":{"allow":["GET"]}}],"collection":[{"href":"https:\/\/my.legal500.com\/events\/wp-json\/wp\/v2\/pages"}],"about":[{"href":"https:\/\/my.legal500.com\/events\/wp-json\/wp\/v2\/types\/page"}],"author":[{"embeddable":true,"href":"https:\/\/my.legal500.com\/events\/wp-json\/wp\/v2\/users\/64976"}],"replies":[{"embeddable":true,"href":"https:\/\/my.legal500.com\/events\/wp-json\/wp\/v2\/comments?post=242786"}],"version-history":[{"count":1,"href":"https:\/\/my.legal500.com\/events\/wp-json\/wp\/v2\/pages\/242786\/revisions"}],"predecessor-version":[{"id":261554,"href":"https:\/\/my.legal500.com\/events\/wp-json\/wp\/v2\/pages\/242786\/revisions\/261554"}],"up":[{"embeddable":true,"href":"https:\/\/my.legal500.com\/events\/wp-json\/wp\/v2\/pages\/242532"}],"wp:attachment":[{"href":"https:\/\/my.legal500.com\/events\/wp-json\/wp\/v2\/media?parent=242786"}],"curies":[{"name":"wp","href":"https:\/\/api.w.org\/{rel}","templated":true}]}}