{"id":24163,"date":"2020-11-19T14:10:05","date_gmt":"2020-11-19T14:10:05","guid":{"rendered":"https:\/\/www.legal500.com\/events\/?page_id=24163"},"modified":"2021-03-26T11:02:53","modified_gmt":"2021-03-26T11:02:53","slug":"sicher-durch-den-sturm-mit-weniger-mehr-erreichen","status":"publish","type":"page","link":"https:\/\/my.legal500.com\/events\/webinars-home\/sicher-durch-den-sturm-mit-weniger-mehr-erreichen\/","title":{"rendered":"Sicher durch den Sturm: Mit weniger mehr erreichen"},"content":{"rendered":"<p>Die j\u00e4hrlich steigenden Kosten f\u00fcr eDiscovery und Dokumentenpr\u00fcfungen stellen deutsche Rechtsabteilungen regelm\u00e4\u00dfig vor Herausforderungen. In diesem Webinar fragt The Legal 500 gemeinsam mit dem f\u00fchrenden Anbieter von LegalTech L\u00f6sungen OpenText, was GCs tun k\u00f6nnen, um Ihrem Unternehmen dabei zu helfen, die Kontrolle \u00fcber Ihre Daten zu behalten, die Risiken, besser zu verstehen und kosteng\u00fcnstig und effizient L\u00f6sungen f\u00fcr Untersuchungen und eDiscoverys zu entwickeln. Sie als General Counsel sind heutzutage einer Doppelbelastung durch st\u00e4ndig wachsenden Datenmengen und immer komplexer werdenden F\u00e4llen, bei insbesondere durch Covid19 eingeschr\u00e4nkten Budgets ausgesetzt.<!--more--><\/p>\n<p>In einer interaktiven Life-Demo und gemeinsamer Diskussion mit f\u00fchrenden deutschen Experten werden wir zeigen, wie Sie mittels eDiscovery-Software und -Dienstleistungen komplexe Sachverhalte effizient aufkl\u00e4ren k\u00f6nnen. Die Szenarien erstrecken sich hierbei von der Compliance Untersuchung \u00fcber kartell- und steuerrechtliche Verfahren bis hin zu internationaler Litigation.<\/p>\n<p>Die folgenden Themen erwarten Sie:<\/p>\n<ul>\n<li>Welche kreativen L\u00f6sungen werden heute von inovativen Rechtsabteilungen entwickelt und genutzt?<\/li>\n<li>Kostenkontrolle bei eDiscovery und die Dokumenten-Reviews: \u00a0Wie Rechtsabteilungen eDiscovery-Software und -Dienstleistungen verwenden k\u00f6nnen, um zu einem fr\u00fcheren Zeitpunkt ein besseres Verst\u00e4ndnis des Falles zu erhalten<\/li>\n<li>Ausblick auf die n\u00e4chsten 18 Monate &#8211; wie Rechtsabteilungen jetzt Ver\u00e4nderungen bewirken k\u00f6nnen<\/li>\n<\/ul>\n<h2>Speakers<\/h2>\n<p><img loading=\"lazy\" decoding=\"async\" class=\"alignnone size-full wp-image-24243\" src=\"https:\/\/www.legal500.com\/events\/wp-content\/uploads\/sites\/5\/2020\/11\/timo-spitzer-crop.jpg\" alt=\"\" width=\"150\" height=\"150\" srcset=\"https:\/\/my.legal500.com\/events\/wp-content\/uploads\/sites\/5\/2020\/11\/timo-spitzer-crop.jpg 150w, https:\/\/my.legal500.com\/events\/wp-content\/uploads\/sites\/5\/2020\/11\/timo-spitzer-crop-100x100.jpg 100w\" sizes=\"auto, (max-width: 150px) 100vw, 150px\" \/> \u00a0<img loading=\"lazy\" decoding=\"async\" class=\"alignnone size-full wp-image-24347\" src=\"https:\/\/www.legal500.com\/events\/wp-content\/uploads\/sites\/5\/2020\/12\/Alexander-Steinbrecher-crop.jpg\" alt=\"\" width=\"150\" height=\"150\" srcset=\"https:\/\/my.legal500.com\/events\/wp-content\/uploads\/sites\/5\/2020\/12\/Alexander-Steinbrecher-crop.jpg 150w, https:\/\/my.legal500.com\/events\/wp-content\/uploads\/sites\/5\/2020\/12\/Alexander-Steinbrecher-crop-100x100.jpg 100w\" sizes=\"auto, (max-width: 150px) 100vw, 150px\" \/> \u00a0<img loading=\"lazy\" decoding=\"async\" class=\"alignnone size-full wp-image-24359\" src=\"https:\/\/www.legal500.com\/events\/wp-content\/uploads\/sites\/5\/2020\/12\/Yasemin_Derviscemallioglu-crop.jpg\" alt=\"\" width=\"150\" height=\"150\" srcset=\"https:\/\/my.legal500.com\/events\/wp-content\/uploads\/sites\/5\/2020\/12\/Yasemin_Derviscemallioglu-crop.jpg 150w, https:\/\/my.legal500.com\/events\/wp-content\/uploads\/sites\/5\/2020\/12\/Yasemin_Derviscemallioglu-crop-100x100.jpg 100w\" sizes=\"auto, (max-width: 150px) 100vw, 150px\" \/> \u00a0<img loading=\"lazy\" decoding=\"async\" class=\"alignnone size-full wp-image-24435\" src=\"https:\/\/www.legal500.com\/events\/wp-content\/uploads\/sites\/5\/2020\/12\/Miranda-Mako-crop.jpg\" alt=\"\" width=\"150\" height=\"150\" srcset=\"https:\/\/my.legal500.com\/events\/wp-content\/uploads\/sites\/5\/2020\/12\/Miranda-Mako-crop.jpg 150w, https:\/\/my.legal500.com\/events\/wp-content\/uploads\/sites\/5\/2020\/12\/Miranda-Mako-crop-100x100.jpg 100w\" sizes=\"auto, (max-width: 150px) 100vw, 150px\" \/><\/p>\n<ul>\n<li>Timo Matthias Spitzer, LL.M. (Wellington), Head of Legal CIB Germany, Austria and Switzerland, Banco Santander<\/li>\n<li>Dr. Alexander Steinbrecher, LL.M. (Tulane), Head of Group Corporate, Mergers &amp; Acquisitions and Legal Affairs, Bombardier Transportation The Global Rail Manufacturer<\/li>\n<li>Yasemin Derviscemallioglu, General Counsel, Uberall<\/li>\n<li>Miranda Mako, Legal Counsel, Mondi Group<\/li>\n<\/ul>\n","protected":false},"excerpt":{"rendered":"<p>Die j\u00e4hrlich steigenden Kosten f\u00fcr eDiscovery und Dokumentenpr\u00fcfungen stellen deutsche Rechtsabteilungen regelm\u00e4\u00dfig vor Herausforderungen. In diesem Webinar fragt The Legal 500 gemeinsam mit dem f\u00fchrenden Anbieter von LegalTech L\u00f6sungen OpenText, was GCs tun k\u00f6nnen, um Ihrem Unternehmen dabei zu helfen, die Kontrolle \u00fcber Ihre Daten zu behalten, die Risiken, besser zu verstehen und kosteng\u00fcnstig und &hellip; <\/p>\n<p class=\"link-more\"><a href=\"https:\/\/my.legal500.com\/events\/webinars-home\/sicher-durch-den-sturm-mit-weniger-mehr-erreichen\/\" class=\"more-link\">Continue reading<span class=\"screen-reader-text\"> &#8220;Sicher durch den Sturm: Mit weniger mehr erreichen&#8221;<\/span><\/a><\/p>\n","protected":false},"author":20,"featured_media":23613,"parent":20789,"menu_order":0,"comment_status":"closed","ping_status":"closed","template":"","meta":{"footnotes":""},"class_list":["post-24163","page","type-page","status-publish","has-post-thumbnail","hentry"],"acf":[],"_links":{"self":[{"href":"https:\/\/my.legal500.com\/events\/wp-json\/wp\/v2\/pages\/24163","targetHints":{"allow":["GET"]}}],"collection":[{"href":"https:\/\/my.legal500.com\/events\/wp-json\/wp\/v2\/pages"}],"about":[{"href":"https:\/\/my.legal500.com\/events\/wp-json\/wp\/v2\/types\/page"}],"author":[{"embeddable":true,"href":"https:\/\/my.legal500.com\/events\/wp-json\/wp\/v2\/users\/20"}],"replies":[{"embeddable":true,"href":"https:\/\/my.legal500.com\/events\/wp-json\/wp\/v2\/comments?post=24163"}],"version-history":[{"count":0,"href":"https:\/\/my.legal500.com\/events\/wp-json\/wp\/v2\/pages\/24163\/revisions"}],"up":[{"embeddable":true,"href":"https:\/\/my.legal500.com\/events\/wp-json\/wp\/v2\/pages\/20789"}],"wp:featuredmedia":[{"embeddable":true,"href":"https:\/\/my.legal500.com\/events\/wp-json\/wp\/v2\/media\/23613"}],"wp:attachment":[{"href":"https:\/\/my.legal500.com\/events\/wp-json\/wp\/v2\/media?parent=24163"}],"curies":[{"name":"wp","href":"https:\/\/api.w.org\/{rel}","templated":true}]}}