{"id":237924,"date":"2025-11-20T10:00:40","date_gmt":"2025-11-20T10:00:40","guid":{"rendered":"https:\/\/my.legal500.com\/events\/?page_id=237924"},"modified":"2025-12-12T14:36:33","modified_gmt":"2025-12-12T14:36:33","slug":"winners-2025","status":"publish","type":"page","link":"https:\/\/my.legal500.com\/events\/chile-awards\/winners-2025\/","title":{"rendered":"Winners 2025"},"content":{"rendered":"<h4><strong>Banking and Finance<\/strong><\/h4>\n<p><strong>Banking and Finance Firm of the Year<\/strong><br \/>\nBarros &amp; Err\u00e1zuriz<\/p>\n<p><strong>Banking and Finance Lawyer of the Year<\/strong><br \/>\nMyriam Barahona, Morales &amp; Besa<\/p>\n<p><strong>Banking and Finance Next Generation Partner of the Year<\/strong><br \/>\nFernando Noriega, Carey<\/p>\n<h4><strong>Bankruptcy and Restructuring<\/strong><\/h4>\n<p><strong>Bankruptcy and Restructuring Firm of the Year<\/strong><br \/>\nCarey<\/p>\n<p><strong>Bankruptcy and Restructuring Lawyer of the Year<\/strong><br \/>\nJavier San Mart\u00edn, Barros &amp; Err\u00e1zuriz<\/p>\n<h4><strong>Capital Markets<\/strong><\/h4>\n<p><strong>Capital Markets Firm of the Year<\/strong><br \/>\nCarey<\/p>\n<p><strong>Capital Markets Lawyer of the Year<\/strong><br \/>\n<span data-olk-copy-source=\"MessageBody\">Benjam\u00edn Grebe, Prieto<\/span><\/p>\n<p><strong>Capital Markets Next Generation Partner of the Year<\/strong><br \/>\nRicardo Abogabir, Ried Fabres<\/p>\n<h4><strong>Competition and Antitrust<\/strong><\/h4>\n<p><strong>Competition and Antitrust Firm of the Year<\/strong><br \/>\nFerradaNehme<\/p>\n<p><strong>Competition and Antitrust Lawyer of the Year<\/strong><br \/>\nBenjam\u00edn Grebe, Prieto Abogados<\/p>\n<p><strong>Competition and Antitrust Next Generation Partner of the Year<\/strong><br \/>\nFrancisco B\u00f3rquez, Barros &amp; Err\u00e1zuriz<\/p>\n<h4><strong>Compliance<\/strong><\/h4>\n<p><strong>Compliance Firm of the Year<\/strong><br \/>\nBCP Abogados<\/p>\n<p><strong>Compliance Lawyer of the Year<\/strong><br \/>\nGuillermo Acu\u00f1a, Carey<\/p>\n<p><strong>Compliance Next Generation Partner of the Year<\/strong><br \/>\nFrancisca Franzani, DLA Piper Chile<\/p>\n<h4><strong>Corporate and M&amp;A (Mid-market)<\/strong><\/h4>\n<p><strong>Corporate and M&amp;A (Mid-market) Firm of the Year<\/strong><br \/>\nDLA Piper Chile<\/p>\n<p><strong>Corporate and M&amp;A (Mid-market) Lawyer of the Year<\/strong><br \/>\n\u00c1lvaro Rosenblut, Albagli Zaliasnik<\/p>\n<p><strong>Corporate and M&amp;A (Mid-market) Next Generation Partner of the Year<\/strong><br \/>\nSebasti\u00e1n Barros Eyzaguirre, A\/C\/R Legal<\/p>\n<h4><strong>Corporate and M&amp;A (High-end)<\/strong><\/h4>\n<p><strong>Corporate and M&amp;A (High-end) Firm of the Year<\/strong><br \/>\nClaro &amp; Cia.<\/p>\n<p><strong>Corporate and M&amp;A (High-end) Lawyer of the Year<\/strong><br \/>\nPedro Lyon, Guerrero Olivos<\/p>\n<p><strong>Corporate and M&amp;A (High-end) Next Generation Partner of the Year<\/strong><br \/>\nVicente Vald\u00e9s, Morales &amp; Besa<\/p>\n<h4><strong>Dispute Resolution: Arbitration<\/strong><\/h4>\n<p><strong>Dispute Resolution: Arbitration Firm of the Year<\/strong><br \/>\nGuti\u00e9rrez, Waugh, Jimeno &amp; Asenjo<\/p>\n<p><strong>Dispute Resolution: Arbitration Lawyer of the Year<\/strong><br \/>\nRodrigo D\u00edaz de Vald\u00e9s, Baker McKenzie Chile<\/p>\n<p><strong>Dispute Resolution: Arbitration Next Generation Partner of the Year<\/strong><br \/>\nMiguel Dibarrart, Yrarr\u00e1zaval, Ruiz-Tagle, Ovalle, Salas &amp; Vial<\/p>\n<h4><strong>Dispute Resolution: Litigation<\/strong><\/h4>\n<p><strong>Dispute Resolution: Litigation Firm of the Year<\/strong><br \/>\nClaro &amp; Cia.<\/p>\n<p><strong>Dispute Resolution: Litigation Lawyer of the Year<\/strong><br \/>\nFrancisco Aninat, Bofill Escobar Silva Abogados<\/p>\n<p><strong>Dispute Resolution: Litigation Next Generation Partner of the Year<\/strong><br \/>\nBenjam\u00edn Morales, Ort\u00fazar, Vergara &amp; Boetsch Abogados<\/p>\n<h4><strong>Dispute Resolution: White Collar<\/strong><\/h4>\n<p><strong>Dispute Resolution: White Collar Firm of the Year<\/strong><br \/>\nL\u00f3pez Escobar del R\u00edo<\/p>\n<p><strong>Dispute Resolution: White Collar Lawyer of the Year<\/strong><br \/>\nAlejandro Awad, BACS Abogados<\/p>\n<p><strong>Dispute Resolution: White Collar Next Generation Partner of the Year<\/strong><br \/>\nRodrigo Aldoney, Carey<\/p>\n<h4><strong>Energy and Natural Resources: Electricity and Gas<\/strong><\/h4>\n<p><strong>Energy and Natural Resources: Electricity and Gas Firm of the Year<\/strong><br \/>\nLarrain y Asociados Abogados<\/p>\n<p><strong>Energy and Natural Resources: Electricity and Gas Lawyer of the Year<\/strong><br \/>\nFrancisco Brotfeld, Pruzzo Ruscica Brotfeld Abogados<\/p>\n<p><strong>Energy and Natural Resources: Electricity and Gas Next Generation Partner of the Year<\/strong><br \/>\nJuan Carlos Valdivieso, Morales &amp; Besa<\/p>\n<h4><strong>Energy and Natural Resources: Mining<\/strong><\/h4>\n<p><strong>Energy and Natural Resources: Mining Firm of the Year<\/strong><br \/>\nBofill Mir Abogados<\/p>\n<p><strong>Energy and Natural Resources: Mining Lawyer of the Year<\/strong><br \/>\nJuan Paulo Bambach, Philippi Prietocarrizosa Ferrero DU &amp; Ur\u00eda<\/p>\n<p><strong>Energy and Natural Resources: Mining Next Generation Partner of the Year<\/strong><br \/>\nFelipe Allende, Barros &amp; Err\u00e1zuriz<\/p>\n<h4><strong>Environment<\/strong><\/h4>\n<p><strong>Environment Firm of the Year<\/strong><br \/>\nCarrasco Benitez Abogados<\/p>\n<p><strong>Environment Lawyer of the Year<\/strong><br \/>\nMart\u00edn Astorga, Cariola D\u00edez P\u00e9rez-Cotapos<\/p>\n<p><strong>Environment Next Generation Partner of the Year<\/strong><br \/>\nAgust\u00edn Martorell, Prieto Abogados<\/p>\n<h4><strong>Insurance<\/strong><\/h4>\n<p><strong>Insurance Firm of the Year<\/strong><br \/>\nAcu\u00f1a &amp; Compa\u00f1\u00eda Abogados<\/p>\n<p><strong>Insurance Lawyer of the Year<\/strong><br \/>\nManuel Carvallo, Estudio Carvallo<\/p>\n<h4><strong>Intellectual Property<\/strong><\/h4>\n<p><strong>Intellectual Property Firm of the Year<\/strong><br \/>\nSargent &amp; Krahn<\/p>\n<p><strong>Intellectual Property Lawyer of the Year<\/strong><br \/>\nArturo Covarrubias, Covarrubias<\/p>\n<p><strong>Intellectual Property Next Generation Partner of the Year<\/strong><br \/>\nMagdalena Barros, Jarry IP<\/p>\n<h4><strong>Labour and Employment<\/strong><\/h4>\n<p><strong>Labour and Employment Firm of the Year<\/strong><br \/>\nGNP Canales Abogados Laborales<\/p>\n<p><strong>Labour and Employment Lawyer of the Year<\/strong><br \/>\nPedro Matamala Souper, Provoste Matamala Abogados<\/p>\n<p><strong>Labour and Employment Next Generation Partner of the Year<\/strong><br \/>\nPablo Vasseur, PMV Abogados<\/p>\n<h4><strong>Projects and Infrastructure<\/strong><\/h4>\n<p><strong>Projects and Infrastructure Firm of the Year<\/strong><br \/>\nClaro &amp; Cia.<\/p>\n<p><strong>Projects and Infrastructure Lawyer of the Year<\/strong><br \/>\nJuan Pablo Stitchkin, Carey<\/p>\n<p><strong>Projects and Infrastructure Next Generation Partner of the Year<\/strong><br \/>\nIgnacio Vargas R, Dentons<\/p>\n<h4><strong>Public Law<\/strong><\/h4>\n<p><strong>Public Law Firm of the Year<\/strong><br \/>\nEstudio Fermandois<\/p>\n<p><strong>Public Law Lawyer of the Year<\/strong><br \/>\nDavid Cademartori, Barros &amp; Err\u00e1zuriz<\/p>\n<p><strong>Public Law Next Generation Partner of the Year<\/strong><br \/>\nCamilo Lled\u00f3, Carey<\/p>\n<h4><strong>Real Estate<\/strong><\/h4>\n<p><strong>Real Estate Firm of the Year<\/strong><br \/>\nFontaine &amp; C\u00eda<\/p>\n<p><strong>Real Estate Lawyer of the Year<\/strong><br \/>\nJos\u00e9 Tagle, Philippi Prietocarrizosa Ferrero DU &amp; Ur\u00eda<\/p>\n<p><strong>Real Estate Next Generation Partner of the Year<\/strong><br \/>\nTom\u00e1s Rosemary, Guerrero Olivos<\/p>\n<h4><strong>Tax<\/strong><\/h4>\n<p><strong>Tax Firm of the Year<\/strong><br \/>\nFischer y C\u00eda<\/p>\n<p><strong>Tax Lawyer of the Year<\/strong><br \/>\nAmory Heine, DLA Piper Chile<\/p>\n<p><strong>Tax Next Generation Partner of the Year<\/strong><br \/>\nJuan Infante, KPMG in Chile<\/p>\n<h4><strong>TMT<\/strong><\/h4>\n<p><strong>TMT Firm of the Year<\/strong><br \/>\nMagliona Abogados<\/p>\n<p><strong>TMT Lawyer of the Year<\/strong><br \/>\nAlfonso Silva, Carey<\/p>\n<p><strong>TMT Next Generation Partner of the Year<\/strong><br \/>\nAndr\u00e9s Rodr\u00edguez, Barros &amp; Err\u00e1zuriz<\/p>\n<h4><strong>Venture Capital<\/strong><\/h4>\n<p><strong>Venture Capital Firm of the Year<\/strong><br \/>\nCarey<\/p>\n<p><strong>Venture Capital Lawyer of the Year<\/strong><br \/>\nFrancisco Guzm\u00e1n, Carey<\/p>\n<h4><strong>Water Law<\/strong><\/h4>\n<p><strong>Water Law Firm of the Year<\/strong><br \/>\nGuerrero Olivos<\/p>\n<p><strong>Water Law Lawyer of the Year<\/strong><br \/>\nMat\u00edas Desmadryl, Philippi Prietocarrizosa Ferrero DU &amp; Ur\u00eda<\/p>\n<p><strong>Water Law Next Generation Partner of the Year<\/strong><br \/>\nNicol\u00e1s Cannoni Mandujano, Aylwin Estudio<\/p>\n<hr \/>\n<h4><strong>International Firms (Operating Into Chile) Firm of the Year<\/strong><\/h4>\n<p>Paul Hastings LLP<\/p>\n<h4><strong>Marketing Team of the Year<\/strong><\/h4>\n<p>Bofill Mir Abogados<\/p>\n<h4><strong>In-house Rising Star of the Year<\/strong><\/h4>\n<p><em>In association with:<\/em><br \/>\n<img loading=\"lazy\" decoding=\"async\" class=\"alignnone wp-image-236040\" src=\"https:\/\/www.legal500.com\/events\/wp-content\/uploads\/sites\/5\/2025\/11\/Logo-az_albagli-zaliasnik-2022_Color-y-blanco-e1762785256889-300x113.png\" alt=\"\" width=\"150\" height=\"56\" srcset=\"https:\/\/my.legal500.com\/events\/wp-content\/uploads\/sites\/5\/2025\/11\/Logo-az_albagli-zaliasnik-2022_Color-y-blanco-e1762785256889-300x113.png 300w, https:\/\/my.legal500.com\/events\/wp-content\/uploads\/sites\/5\/2025\/11\/Logo-az_albagli-zaliasnik-2022_Color-y-blanco-e1762785256889.png 556w\" sizes=\"auto, (max-width: 150px) 100vw, 150px\" \/><\/p>\n<p>Catalina Kattan, Mercado Libre<\/p>\n<h4><strong>DE&amp;I Law Firm Initiative<\/strong><\/h4>\n<p>Sarmiento Walker &amp; Garc\u00eda Abogados<\/p>\n<h4><strong>In-house Diversity Team of the Year<\/strong><\/h4>\n<p><em>In association with:<\/em><br \/>\n<img loading=\"lazy\" decoding=\"async\" class=\"alignnone wp-image-236040\" src=\"https:\/\/www.legal500.com\/events\/wp-content\/uploads\/sites\/5\/2025\/11\/Logo-az_albagli-zaliasnik-2022_Color-y-blanco-e1762785256889-300x113.png\" alt=\"\" width=\"150\" height=\"56\" srcset=\"https:\/\/my.legal500.com\/events\/wp-content\/uploads\/sites\/5\/2025\/11\/Logo-az_albagli-zaliasnik-2022_Color-y-blanco-e1762785256889-300x113.png 300w, https:\/\/my.legal500.com\/events\/wp-content\/uploads\/sites\/5\/2025\/11\/Logo-az_albagli-zaliasnik-2022_Color-y-blanco-e1762785256889.png 556w\" sizes=\"auto, (max-width: 150px) 100vw, 150px\" \/><\/p>\n<p><span data-olk-copy-source=\"MessageBody\">Banco Ita\u00fa Chile<\/span><\/p>\n<h4><strong>Deal of the Year (Mining)<\/strong><\/h4>\n<p><strong>Lundin Mining&#8217;s $3bn agreement with mining giant BHP to acquire South America-focused Filo Corp.<\/strong><br \/>\nBofill Mir Abogados &#8211; <em>local counsel to Lundin<\/em><br \/>\nCassels Brock &amp; Blackwell LLP &#8211; <em>Canadian counsel to Lundin<\/em><br \/>\nBruchou &amp; Funes de Rioja &#8211; <em>Argentine counsel to Lundin<\/em><br \/>\nPhilippi Prietocarrizosa Ferrero DU &amp; Ur\u00eda &#8211; <em>Chilean counsel to BHP<\/em><br \/>\nStikeman Elliot as Canadian &#8211; <em>counsel to BHP<\/em><br \/>\nMarval O\u2019 Farrell &amp; Mairal &#8211; <em>Argentine counsel to BHP<\/em><\/p>\n<h4><strong>Deal of the Year (M&amp;A)<\/strong><\/h4>\n<p><strong> The $1.6bn acquisition by an ad hoc group of creditors of the controlling interest in local telecoms provider, WOM for $1.6bn.<\/strong><br \/>\nBofill Mir Abogados &#8211; <em>local counsel to Ad Hoc group of creditors<\/em><br \/>\nBAHR &#8211; <em>Norwegian counsel to the Ad Hoc group of creditors<\/em><br \/>\nDechert LLP &#8211; <em>US Counsel to the Ad Hoc group of crediors<\/em><br \/>\nCarey &#8211; <em>local counsel to WOM<\/em><br \/>\nWhite &amp; Case &#8211; <em>US counsel to WOM<\/em><\/p>\n<h4><strong>Deal of the Year (Finance)<\/strong><\/h4>\n<p><strong> The $1.5bn multi-source financing of a seawater pumping system for Antofagasta Minerals, to be developed by a consortium of Transelec and Almar Water Solutions<\/strong><br \/>\nCuatrecasas &#8211; <em>local counsel to the lenders (Intesa San Paolo, KfW IPEX, Natixis, Banco Santander, BBVA, CACIB, Allianz, Carlyle and Hanwha.)<\/em><br \/>\nMilbank LLP &#8211; <em>US counsel to the lenders (Intesa San Paolo, KfW IPEX, Natixis, Banco Santander, BBVA, CACIB, Allianz, Carlyle and Hanwha.)<\/em><br \/>\nBarros &amp; Err\u00e1zuriz &#8211; <em>local counsel to Almar Water Solutions \/ Transelec<\/em><br \/>\nLatham &amp; Watkins LLP &#8211; <em>US counsel to Almar Water Solutions \/ Transelec<\/em><br \/>\nPrieto Abogados &#8211; <em>counsel to EPC contractors<\/em><br \/>\nLarra\u00edn y Abogados Asociados &#8211; <em>local counsel to Minera Centinela<\/em><br \/>\nSullivan &amp; Cromwell &#8211; <em>US counsel to Minera Centinela, Antofagasta PLC. and Marubeni Corporation<\/em><br \/>\nJara del Favero Abogados &#8211; <em>local counsel to Minera Centinela &amp; Minera Antucoya<\/em><br \/>\nWST &#8211; <em>Bonatti Spa<\/em><br \/>\nTokyo-Marunouchi &#8211; <em>Japanese counsel to Marubeni Corporation<\/em><\/p>\n<h4><strong>Rising Star Associate of the Year<\/strong><\/h4>\n<p>Ver\u00f3nica de Aguirre, Bofill Escobar Silva<\/p>\n<h4><strong>Next Generation Partner of the Year<\/strong><\/h4>\n<p><span data-olk-copy-source=\"MessageBody\">\u00a0<\/span>Vicente Cordero, Barros &amp; Err\u00e1zuriz<\/p>\n<p><strong>Boutique Firm of the Year<\/strong><\/p>\n<p>Pellegrini &amp; Rencoret Abogados<\/p>\n<h4><strong>Up-and-Coming New Firm<\/strong><\/h4>\n<p>Gonz\u00e1lez, Guzm\u00e1n &amp; Matthei Abogados<\/p>\n<h4><strong>In-house Lawyer of the Year<\/strong><\/h4>\n<p><em>In association with:<\/em><br \/>\n<img loading=\"lazy\" decoding=\"async\" class=\"alignnone wp-image-236040\" src=\"https:\/\/www.legal500.com\/events\/wp-content\/uploads\/sites\/5\/2025\/11\/Logo-az_albagli-zaliasnik-2022_Color-y-blanco-e1762785256889-300x113.png\" alt=\"\" width=\"150\" height=\"56\" srcset=\"https:\/\/my.legal500.com\/events\/wp-content\/uploads\/sites\/5\/2025\/11\/Logo-az_albagli-zaliasnik-2022_Color-y-blanco-e1762785256889-300x113.png 300w, https:\/\/my.legal500.com\/events\/wp-content\/uploads\/sites\/5\/2025\/11\/Logo-az_albagli-zaliasnik-2022_Color-y-blanco-e1762785256889.png 556w\" sizes=\"auto, (max-width: 150px) 100vw, 150px\" \/><\/p>\n<p>Macarena Vargas Losada, CODELCO<\/p>\n<h4><strong>Lawyer of the Year<\/strong><\/h4>\n<p>Benjam\u00edn Grebe, Prieto Abogados<\/p>\n<h4><strong>Senior Partner of the Year<\/strong><\/h4>\n<p>Octavio Bofill, Bofill Mir Abogados<\/p>\n<h4><strong>In-house Team of the Year<\/strong><\/h4>\n<p><em>In association with:<\/em><br \/>\n<img loading=\"lazy\" decoding=\"async\" class=\"alignnone wp-image-236040\" src=\"https:\/\/www.legal500.com\/events\/wp-content\/uploads\/sites\/5\/2025\/11\/Logo-az_albagli-zaliasnik-2022_Color-y-blanco-e1762785256889-300x113.png\" alt=\"\" width=\"150\" height=\"56\" srcset=\"https:\/\/my.legal500.com\/events\/wp-content\/uploads\/sites\/5\/2025\/11\/Logo-az_albagli-zaliasnik-2022_Color-y-blanco-e1762785256889-300x113.png 300w, https:\/\/my.legal500.com\/events\/wp-content\/uploads\/sites\/5\/2025\/11\/Logo-az_albagli-zaliasnik-2022_Color-y-blanco-e1762785256889.png 556w\" sizes=\"auto, (max-width: 150px) 100vw, 150px\" \/><\/p>\n<p>Banco Santander Chile<\/p>\n<h4><strong>Chile Firm of the Year<\/strong><\/h4>\n<p>Carey<\/p>\n","protected":false},"excerpt":{"rendered":"<p>Banking and Finance Banking and Finance Firm of the Year Barros &amp; Err\u00e1zuriz Banking and Finance Lawyer of the Year Myriam Barahona, Morales &amp; Besa Banking and Finance Next Generation Partner of the Year Fernando Noriega, Carey Bankruptcy and Restructuring Bankruptcy and Restructuring Firm of the Year Carey Bankruptcy and Restructuring Lawyer of the Year &hellip; <\/p>\n<p class=\"link-more\"><a href=\"https:\/\/my.legal500.com\/events\/chile-awards\/winners-2025\/\" class=\"more-link\">Continue reading<span class=\"screen-reader-text\"> &#8220;Winners 2025&#8221;<\/span><\/a><\/p>\n","protected":false},"author":20,"featured_media":0,"parent":111320,"menu_order":0,"comment_status":"closed","ping_status":"closed","template":"","meta":{"footnotes":""},"class_list":["post-237924","page","type-page","status-publish","hentry"],"acf":[],"_links":{"self":[{"href":"https:\/\/my.legal500.com\/events\/wp-json\/wp\/v2\/pages\/237924","targetHints":{"allow":["GET"]}}],"collection":[{"href":"https:\/\/my.legal500.com\/events\/wp-json\/wp\/v2\/pages"}],"about":[{"href":"https:\/\/my.legal500.com\/events\/wp-json\/wp\/v2\/types\/page"}],"author":[{"embeddable":true,"href":"https:\/\/my.legal500.com\/events\/wp-json\/wp\/v2\/users\/20"}],"replies":[{"embeddable":true,"href":"https:\/\/my.legal500.com\/events\/wp-json\/wp\/v2\/comments?post=237924"}],"version-history":[{"count":1,"href":"https:\/\/my.legal500.com\/events\/wp-json\/wp\/v2\/pages\/237924\/revisions"}],"predecessor-version":[{"id":242956,"href":"https:\/\/my.legal500.com\/events\/wp-json\/wp\/v2\/pages\/237924\/revisions\/242956"}],"up":[{"embeddable":true,"href":"https:\/\/my.legal500.com\/events\/wp-json\/wp\/v2\/pages\/111320"}],"wp:attachment":[{"href":"https:\/\/my.legal500.com\/events\/wp-json\/wp\/v2\/media?parent=237924"}],"curies":[{"name":"wp","href":"https:\/\/api.w.org\/{rel}","templated":true}]}}