{"id":236404,"date":"2025-11-17T13:13:20","date_gmt":"2025-11-17T13:13:20","guid":{"rendered":"https:\/\/my.legal500.com\/events\/?page_id=236404"},"modified":"2026-02-17T11:07:27","modified_gmt":"2026-02-17T11:07:27","slug":"shortlist-2026","status":"publish","type":"page","link":"https:\/\/my.legal500.com\/events\/germany-awards\/shortlist-2026\/","title":{"rendered":"Shortlist 2026"},"content":{"rendered":"<h4><strong>Boutique Firm of the Year<\/strong><\/h4>\n<p>Annerton<br \/>\nBusse Disputes<br \/>\nBUNTSCHECK<br \/>\nVOSSIUS &amp; Partner<br \/>\nKLIEMT.Arbeitsrecht<br \/>\nHausfeld<br \/>\nSch\u00fcrmann Rosenthal Dreyer<br \/>\nFeigen \u00b7 Graf<\/p>\n<h4><strong>Deal of the Year<\/strong><\/h4>\n<p>Kirkland &amp; Ellis<br \/>\nSullivan &amp; Cromwell<br \/>\nA&amp;O Shearman<br \/>\nGleiss Lutz<br \/>\nWhite &amp; Case<br \/>\nHengeler Mueller<br \/>\nWillkie Farr &amp; Gallagher<br \/>\nLinklaters<br \/>\nHerbert Smith Freehills Kramer<\/p>\n<h4><strong>Deutschland Firm of the Year<\/strong><\/h4>\n<p>Hengeler Mueller<br \/>\nGleiss Lutz<br \/>\nLuther<br \/>\nNoerr<br \/>\nHEUKING<br \/>\nSKW Schwarz<br \/>\nYPOG<br \/>\nOPPENL\u00c4NDER Rechtsanw\u00e4lte<\/p>\n<h4><strong>ESG Firm of the Year<\/strong><\/h4>\n<p>Taylor Wessing<br \/>\nBLOMSTEIN<br \/>\nSchalast Law | Tax<br \/>\nLinklaters<br \/>\nHerbert Smith Freehills Kramer<br \/>\nHogan Lovells<br \/>\nARQIS<\/p>\n<h4><strong>International Firm of the Year<\/strong><\/h4>\n<p>Sullivan &amp; Cromwell<br \/>\nLatham &amp; Watkins<br \/>\nClifford Chance<br \/>\nWhite &amp; Case<br \/>\nCMS<br \/>\nHogan Lovells<br \/>\nA&amp;O Shearman<br \/>\nBaker McKenzie<\/p>\n<h4><strong>Lawyer of the Year<\/strong><\/h4>\n<p>Marc Besen, Clifford Chance<br \/>\nPhilipp Kl\u00f6ckner, Milbank<br \/>\nBarbara Mayer-Trautmann, Milbank<br \/>\nSven-Holger Undritz, White &amp; Case<br \/>\nPatrick Ayad, Hogan Lovells<br \/>\nDaniel Krause, Krause &amp; Kollegen<br \/>\nPetra Linsmeier, Gleiss Lutz<br \/>\nMarco Carbonare, Linklaters<\/p>\n<h4><strong>Marketing Team of the Year<\/strong><\/h4>\n<p>Clifford Chance<br \/>\nHogan Lovells<br \/>\nact legal<br \/>\nGibson, Dunn &amp; Crutcher LLP<br \/>\nLuther<br \/>\nA&amp;O Shearman<br \/>\nAshurst<br \/>\nTaylor Wessing<\/p>\n<h4><strong>Next Generation Partner of the Year<\/strong><\/h4>\n<p>Simon Reitz, Clifford Chance<br \/>\nHenning Hilke, Hengeler Mueller<br \/>\nKatja Schramm, Posser Spieth<br \/>\nAxel Wittmann, Clifford Chance<br \/>\nWoldemar H\u00e4ring, White &amp; Case<br \/>\nPascal Schumacher, Noerr<br \/>\nSandra Orlikowski-Wolf, Loschelder<br \/>\nSarah Blazek, Jones Day<\/p>\n<h4><strong>Senior Partner of the Year<\/strong><\/h4>\n<p>Carsten Berrar, Sullivan &amp; Cromwell<br \/>\nWinfried Carli, Goodwin<br \/>\nAndreas Hahn, OPPENL\u00c4NDER Rechtsanw\u00e4lte<br \/>\nRoger Mann, Damm &amp; Mann<br \/>\nGordian Hasselblatt, CMS<br \/>\nAlexandra Hagel\u00fcken, Latham &amp; Watkins<br \/>\nPeter Br\u00e4utigam, Noerr<br \/>\nRalph Wollburg, Linklaters<br \/>\nThomas Burmeister, White &amp; Case<br \/>\nHubertus Baumeister, BBG und Partner<\/p>\n<h4><strong>Up-and-coming Young Firm of the Year<\/strong><\/h4>\n<p>Cattwyk<br \/>\nEpic Legal<br \/>\nAitava<br \/>\nc.r.p. law.<br \/>\nELP<br \/>\nDREYENBERG<br \/>\nARKTIK Legal<\/p>\n<h4><strong>In-house Team of the Year<\/strong><\/h4>\n<p>TUI<br \/>\nAllianz Technology<br \/>\nKfW<br \/>\nSiemens<br \/>\nTalanx<\/p>\n<h4><strong>In-house ESG Champion<\/strong><\/h4>\n<p>Dr. Hilda Schneider, DHL Group<br \/>\nJenny Lux, Roche Pharma<br \/>\nMarcus Heppner, STADA Arzneimittel<br \/>\n<span data-olk-copy-source=\"MessageBody\"> Ingo K\u00f6hler-Bartels<\/span>, Sodexo<br \/>\nDr. Manuel Steinhilber, Novo Nordisk<\/p>\n<h4><strong>In-house M&amp;A Team of the Year<\/strong><\/h4>\n<p>Acquinex<br \/>\nAURELIUS Private Equity<br \/>\nFUNKE Mediengruppe<br \/>\nSEFE Securing Energy for Europe<br \/>\nDeutsche Beteiligungs<\/p>\n<h4><strong>In-house Lawyer of the Year<\/strong><\/h4>\n<p>Dr. Wolfgang Bartels, Mercedes Benz<br \/>\nDr. Andreas Liepe, BMW Group<br \/>\nProf. Dr. Andreas Felder, Vetter Pharma-Fertigung GmbH &amp; Co.<br \/>\nKathrin Popow, AIG Europe<br \/>\nDr. Astrid Wortberg, Novartis Business Services<\/p>\n<h4><strong>Antitrust<\/strong><\/h4>\n<p><strong>Antitrust Lawyer of the Year<\/strong><\/p>\n<p>Petra Linsmeier, Gleiss Lutz<br \/>\nThorsten M\u00e4ger, Hengeler Mueller<br \/>\nIngo Brinker, White &amp; Case<br \/>\nMarc Besen, Clifford Chance<br \/>\nMartin Sura, Hogan Lovells<br \/>\nMichael Esser, Latham &amp; Watkins<br \/>\nAnn-Christin Richter, Hausfeld<br \/>\nAlbrecht Bach, OPPENL\u00c4NDER Rechtsanw\u00e4lte<\/p>\n<p><strong>Antitrust Team of the Year<\/strong><\/p>\n<p>Gleiss Lutz<br \/>\nHengeler Mueller<br \/>\nLatham &amp; Watkins<br \/>\nClifford Chance<br \/>\nLinklaters<br \/>\nHogan Lovells<br \/>\nHausfeld<br \/>\nOPPENL\u00c4NDER Rechtsanw\u00e4lte<br \/>\nGlade Michel Wirtz &#8211; Corporate &amp; Competition<br \/>\nWhite &amp; Case<\/p>\n<h4><strong>Banking and Finance<\/strong><\/h4>\n<p><strong>Banking and Finance Lawyer of the Year<\/strong><\/p>\n<p>Christof H\u00e4fner, Clifford Chance<br \/>\nAndreas Dehio, Linklaters<br \/>\nSibylle M\u00fcnch, Latham &amp; Watkins<br \/>\nThomas Weitkamp, Latham &amp; Watkins<br \/>\nThomas Ingenhoven, Milbank<br \/>\nBarbara Mayer-Trautmann, Milbank<br \/>\nWalter Uebelhoer, A&amp;O Shearman<br \/>\nSimon Reitz, Clifford Chance<br \/>\nDirk Bliesener, Hengeler Mueller<br \/>\nChristian Schmies, Hengeler Mueller<\/p>\n<p><strong>Banking and Finance Team of the Year<\/strong><\/p>\n<p>Latham &amp; Watkins<br \/>\nMilbank<br \/>\nClifford Chance<br \/>\nGreenberg Traurig<br \/>\nDechert<br \/>\nKing &amp; Spalding<br \/>\nAnnerton<br \/>\nA&amp;O Shearman<br \/>\nCMS<\/p>\n<h4><strong>Capital Markets<\/strong><\/h4>\n<p><strong>Capital Markets Lawyer of the Year<\/strong><\/p>\n<p>Philipp Kl\u00f6ckner, Milbank<br \/>\nDavid Rath, Latham &amp; Watkins<br \/>\nOliver Seiler, Latham &amp; Watkins<br \/>\nMarc Plepelits, A&amp;O Shearman<br \/>\nKarsten W\u00f6ckener, White &amp; Case<br \/>\nCarsten Berrar, Sullivan &amp; Cromwell<br \/>\nClemens Rechberger, Sullivan &amp; Cromwell<br \/>\nMarco Carbonare, Linklaters<br \/>\nAlexander Schlee, Linklaters<br \/>\nCristina Freudenberger, Clifford Chance<br \/>\nR\u00fcdiger Malaun, Latham &amp; Watkins<br \/>\nAlexander Lentz, Latham &amp; Watkins<\/p>\n<p><strong>Capital Markets Team of the Year<\/strong><\/p>\n<p>Sullivan &amp; Cromwell<br \/>\nLinklaters<br \/>\nWhite &amp; Case<br \/>\nLatham &amp; Watkins<br \/>\nMilbank<br \/>\nClifford Chance<br \/>\nHogan Lovells<br \/>\nA&amp;O Shearman<\/p>\n<h4><strong>Compliance<\/strong><\/h4>\n<p><strong>Compliance Lawyer of the Year<\/strong><\/p>\n<p>Benno Schwarz, Gibson, Dunn &amp; Crutcher LLP<br \/>\nSebastian Lach, Hogan Lovells<br \/>\nChristian Pelz, Noerr<br \/>\nEike Bicker, Gleiss Lutz<br \/>\nHeiner Hugger, Clifford Chance<br \/>\nNicolai Behr, Baker McKenzie<br \/>\nChristian Beer, Pohlmann &amp; Company<br \/>\nTim Nikolas M\u00fcller, A&amp;O Shearman<br \/>\nC\u00e4cilie L\u00fcneborg, SZA Schilling, Zutt &amp; Ansch\u00fctz<\/p>\n<p><strong>Compliance Team of the Year<\/strong><\/p>\n<p>Hengeler Mueller<br \/>\nWhite &amp; Case<br \/>\nDLA Piper<br \/>\nClifford Chance<br \/>\nBaker McKenzie<br \/>\nA&amp;O Shearman<br \/>\nPohlmann &amp; Company<br \/>\nGleiss Lutz<br \/>\nHogan Lovells<\/p>\n<h4><strong>Corporate and M&amp;A<\/strong><\/h4>\n<p><strong>Corporate and M&amp;A Lawyer of the Year<\/strong><\/p>\n<p>Kristina Klaa\u00dfen-Kaiser, Linklaters<br \/>\nMarco Carbonare, Linklaters<br \/>\nHarald Selzner, Noerr<br \/>\nAnthony Cross, Eversheds Sutherland<br \/>\nThomas Krecek, Clifford Chance<br \/>\nAnsgar Rempp, Jones Day<br \/>\nCarsten Berrar, Sullivan &amp; Cromwell<\/p>\n<p><strong>Corporate and M&amp;A Team of the Year<\/strong><\/p>\n<p>Jones Day<br \/>\nClifford Chance<br \/>\nHengeler Mueller<br \/>\nLinklaters<br \/>\nSZA Schilling, Zutt &amp; Ansch\u00fctz<br \/>\nLatham &amp; Watkins<br \/>\nCMS<br \/>\nWeil, Gotshal &amp; Manges<br \/>\nSullivan &amp; Cromwell<\/p>\n<h4><strong>Dispute Resolution: Arbitration<\/strong><\/h4>\n<p><strong>Dispute Resolution: Arbitration Lawyer of the Year<\/strong><\/p>\n<p>Alexandra Diehl, Clifford Chance<br \/>\nJennifer Bryant, Noerr<br \/>\nNata Ghibradze, Hogan Lovells<br \/>\nDaniel Busse, Busse Disputes<br \/>\nHeiko Haller, Baker McKenzie<br \/>\nJulia Grothaus, Linklaters<br \/>\nRichard Happ, Luther<br \/>\nMoritz Keller, Clifford Chance<\/p>\n<p><strong>Dispute Resolution: Arbitration Team of the Year<\/strong><\/p>\n<p>Busse Disputes<br \/>\nBaker McKenzie<br \/>\nCMS<br \/>\nGleiss Lutz<br \/>\nHogan Lovells<br \/>\nLuther<br \/>\nNoerr<br \/>\nClifford Chance<\/p>\n<h4><strong>Dispute Resolution: Litigation<\/strong><\/h4>\n<p><strong>Dispute Resolution: Litigation\u00a0<\/strong><strong>Lawyer of the Year<\/strong><\/p>\n<p>Andrea Leufgen, Gleiss Lutz<br \/>\nDetleff Ha\u00df, Hogan Lovells<br \/>\nTobias H\u00f6fling, Baker McKenzie<br \/>\nMichael Kremer, Clifford Chance<br \/>\nAlena McCorkle, Latham &amp; Watkins<br \/>\nMarkus Meier, Hengeler Mueller<br \/>\nRupert Bellinghausen, Linklaters<br \/>\nStefan Zeyher, SZA Schilling, Zutt &amp; Ansch\u00fctz<br \/>\nThomas G\u00e4dtke, DLA Piper<\/p>\n<p><strong>Dispute Resolution: Litigation Team of the Year<\/strong><\/p>\n<p>Gleiss Lutz<br \/>\nHengeler Mueller<br \/>\nHogan Lovells<br \/>\nLinklaters<br \/>\nSZA Schilling, Zutt &amp; Ansch\u00fctz<br \/>\nClifford Chance<br \/>\nPinsent Masons<br \/>\nDLA Piper<\/p>\n<h4><strong>Energy<\/strong><\/h4>\n<p><strong>Energy Lawyer of the Year<\/strong><\/p>\n<p>Holger Stappert, Luther<br \/>\nTibor Fedke\u00a0, Noerr<br \/>\nMathias Elspa\u00df, Clifford Chance<br \/>\nHolger Kraft, CMS<br \/>\nThomas Schulz, Linklaters<br \/>\nMarkus B\u00f6hme, Taylor Wessing<br \/>\nJacob von Andreae, Gleiss Lutz<br \/>\nCarla Luh, Hogan Lovells<\/p>\n<p><strong>Energy Team of the Year<\/strong><\/p>\n<p>Clifford Chance<br \/>\nGleiss Lutz<br \/>\nHengeler Mueller<br \/>\nHogan Lovells<br \/>\nCMS<br \/>\nA&amp;O Shearman<br \/>\nLuther<br \/>\nNorton Rose Fulbright<br \/>\nOsborne Clarke<\/p>\n<h4><strong>Healthcare<\/strong><\/h4>\n<p><strong>Healthcare Lawyer of the Year<\/strong><\/p>\n<p>Thilo R\u00e4pple, Baker McKenzie<br \/>\nStephan Rau, Greenberg Traurig<br \/>\nRoland Wiring, CMS<br \/>\nMonika Emilia Richter, McDermott Will &amp; Schulte<br \/>\nDeniz Tschammler, Latham &amp; Watkins<br \/>\nUlf Grundmann, King &amp; Spalding<br \/>\nJ\u00f6rg Schickert, Hogan Lovells<br \/>\nAdem Koyuncu, Covington &amp; Burling<\/p>\n<p><strong>Healthcare Team of the Year<\/strong><\/p>\n<p>Greenberg Traurig<br \/>\nHogan Lovells<br \/>\nTaylor Wessing<br \/>\nGleiss Lutz<br \/>\nDLA Piper<br \/>\nClifford Chance<br \/>\nLuther<br \/>\nA&amp;O Shearman<\/p>\n<h4><strong>Intellectual Property<\/strong><\/h4>\n<p><strong>Intellectual Property Lawyer of the Year<\/strong><\/p>\n<p>Ingo Jung, CBH Rechtsanw\u00e4lte<br \/>\nMarcus Grosch, Quinn Emanuel Urquhart &amp; Sullivan<br \/>\nArwed Burrichter, Cohausz &amp; Florack<br \/>\nTilman M\u00fcller-Stoy, Bardehle Pagenberg<br \/>\nFrederik Thiering, Bird &amp; Bird<br \/>\nGordian Hasselblatt, CMS<br \/>\nMichael Goldmann, Harte-Bavendamm<br \/>\nChristof Augenstein, Kather Augenstein<\/p>\n<p><strong>Intellectual Property Team of the Year<\/strong><\/p>\n<p>Lubberger Lehment<br \/>\nNORDEMANN<br \/>\nVOSSIUS &amp; Partner<br \/>\nBird &amp; Bird<br \/>\nBardehle Pagenberg<br \/>\nCohausz &amp; Florack<br \/>\nHoffmann Eitle<br \/>\nHarte-Bavendamm<br \/>\nDanckelmann &amp; Kerst<\/p>\n<h4><strong>Employment<\/strong><\/h4>\n<p><strong>Employment Lawyer of the Year<\/strong><\/p>\n<p>Hans-Peter L\u00f6w, DLA Piper<br \/>\nUlrike Schweibert, Schweibert Le\u00dfmann &amp; Partner<br \/>\nTobias Pusch, Pusch Wahlig Workplace Law<br \/>\nWolfgang Lipinski, Seitz<br \/>\nSteffen Krieger, Gleiss Lutz<br \/>\nHenriette Norda, DLA Piper<br \/>\nGerlind Wisskirchen, CMS<br \/>\nMichael Kliemt, KLIEMT.Arbeitsrecht<br \/>\nBj\u00f6rn Gaul, CMS<\/p>\n<p><strong>Employment Team of the Year<\/strong><\/p>\n<p>CMS<br \/>\nGleiss Lutz<br \/>\nKLIEMT.Arbeitsrecht<br \/>\nSeitz<br \/>\nTaylor Wessing<br \/>\nLittler<br \/>\nPusch Wahlig Workplace Law<br \/>\nNoerr<br \/>\nTaylor Wessing<br \/>\nLuther<\/p>\n<h4><strong>Private Equity and Venture Capital<\/strong><\/h4>\n<p><strong>Private Equity and Venture Capital Lawyer of the Year<\/strong><\/p>\n<p>Norman R\u00f6chert, Taylor Wessing<br \/>\nBenjamin Leyendecker, Kirkland &amp; Ellis<br \/>\nDaniel Prexler, Noerr<br \/>\nGeorg Linde, Willkie Farr &amp; Gallagher<br \/>\nVerena Stenzel, POELLATH<br \/>\nAstrid Kr\u00fcger, A&amp;O Shearman<br \/>\nDennis Gehnen, GSK Stockmann<br \/>\nBenjamin Ullrich, YPOG<\/p>\n<p><strong>Private Equity and Venture Capital Team of the Year<\/strong><\/p>\n<p>Milbank<br \/>\nLatham &amp; Watkins<br \/>\nHengeler Mueller<br \/>\nCMS<br \/>\nHogan Lovells<br \/>\nGleiss Lutz<br \/>\nKirkland &amp; Ellis<br \/>\nClifford Chance<br \/>\nNoerr<br \/>\nOrrick, Herrington &amp; Sutcliffe<br \/>\nWillkie Farr &amp; Gallagher<\/p>\n<h4><strong>Public Law<\/strong><\/h4>\n<p><strong>Public Law Lawyer of the Year<\/strong><\/p>\n<p>Alexander Csaki, Bird &amp; Bird<br \/>\nStephan Rechten, ADVANT Beiten<br \/>\nDirk Uwer, Hengeler Mueller<br \/>\nUte Jasper, HEUKING<br \/>\nMichael Br\u00fcggemann, Taylor Wessing<br \/>\nWolfram Krohn, Dentons<br \/>\nMarkus Deutsch, Dolde Mayen &amp; Partner<br \/>\nUlrich Karpenstein, Redeker Sellner Dahs<\/p>\n<p><strong>Public Law Team of the Year<\/strong><\/p>\n<p>OPPENL\u00c4NDER Rechtsanw\u00e4lte<br \/>\nRedeker Sellner Dahs<br \/>\nPOSSER SPIETH WOLFERS &amp; PARTNERS<br \/>\nDolde Mayen &amp; Partner<br \/>\nLuther<br \/>\nBird &amp; Bird<br \/>\nHengeler Mueller<br \/>\nKapellmann &amp; Partner<br \/>\nGleiss Lutz<\/p>\n<h4><strong>Real Estate and Construction<\/strong><\/h4>\n<p><strong>Real Estate and Construction Lawyer of the Year<\/strong><\/p>\n<p>Annette Pospich, Noerr<br \/>\nWolfram H. Kr\u00fcger, Linklaters<br \/>\nTobias Strohmeier, Hogan Lovells<br \/>\nFlorian R\u00f6sch, Greenberg Traurig<br \/>\nMarkus Zeibig, Noerr<br \/>\nMartin Krause, CMS<br \/>\nKlaus Eschenbruch, Kapellmann &amp; Partner<br \/>\nWolfgang Abel, LUTZ | ABEL<\/p>\n<p><strong>Real Estate and Construction Team of the Year<\/strong><\/p>\n<p>Clifford Chance<br \/>\nGreenberg Traurig<br \/>\nA&amp;O Shearman<br \/>\nCMS<br \/>\nGSK Stockmann<br \/>\nHEUSSEN<br \/>\nBreyer Rechtsanw\u00e4lte<br \/>\nKapellmann &amp; Partner<\/p>\n<h4><strong>Restructuring<\/strong><\/h4>\n<p><strong>Restructuring Lawyer of the Year<\/strong><\/p>\n<p>Andreas Ziegenhagen, Dentons<br \/>\nSven Tischendorf, act legal<br \/>\nSven Pr\u00fcfer, A&amp;O Shearman<br \/>\nDorothee Prosteder, Noerr<br \/>\nKolja von Bismarck, Clifford Chance<br \/>\nSven-Holger Undritz, White &amp; Case<br \/>\nMathias Eisen, Milbank<br \/>\nAndreas Spahlinger, Gleiss Lutz<\/p>\n<p><strong>Restructuring Team of the Year<\/strong><\/p>\n<p>Gleiss Lutz<br \/>\nWillkie Farr &amp; Gallagher<br \/>\nact legal<br \/>\nClifford Chance<br \/>\nA&amp;O Shearman<br \/>\nCMS<br \/>\nDentons<br \/>\nWhite &amp; Case<\/p>\n<h4><strong>Tax<\/strong><\/h4>\n<p><strong>Tax Lawyer of the Year<\/strong><\/p>\n<p>Johannes Frey, Skadden, Arps, Slate, Meagher &amp; Flom LLP<br \/>\nMarkus Ernst, Hengeler Mueller<br \/>\nTim Drach, A&amp;O Shearman<br \/>\nNadia Altenburg, Bluebird Legal &amp; Tax<br \/>\nOliver Rosenberg, Linklaters<br \/>\nThomas Kleinheisterkamp, Milbank<br \/>\nFelix M\u00fchlh\u00e4user, Clifford Chance<\/p>\n<p><strong>Tax Team of the Year<\/strong><\/p>\n<p>Flick Gocke Schaumburg<br \/>\nA&amp;O Shearman<br \/>\nGleiss Lutz<br \/>\nHengeler Mueller<br \/>\nLinklaters<br \/>\nMilbank<br \/>\nClifford Chance<br \/>\nSkadden, Arps, Slate, Meagher &amp; Flom LLP<\/p>\n<h4><strong>Tech and Media<\/strong><\/h4>\n<p><strong>Tech and Media Lawyer of the Year<\/strong><\/p>\n<p>Pietro Graf Fringuelli, CMS<br \/>\nMartin Diesbach, Fieldfisher<br \/>\nChristoph Wagner, Morrison Foerster<br \/>\nStefan Engels, DLA Piper<br \/>\nTobias Schubert, Hengeler Mueller<br \/>\nThomas Thalhofer, Noerr<br \/>\nMichael Schmidl, Baker McKenzie<br \/>\nMarkus K\u00f6rner, Bird &amp; Bird<br \/>\nRobert Heine, Raue<br \/>\nViola Bensinger, Greenberg Traurig<br \/>\nGregor Schmid, Taylor Wessing<\/p>\n<p><strong>Tech and Media Team of the Year<\/strong><\/p>\n<p>Raue<br \/>\nGreenberg Traurig<br \/>\nSch\u00fcrmann Rosenthal Dreyer<br \/>\nTaylor Wessing<br \/>\nNoerr<br \/>\nBird &amp; Bird<br \/>\nDLA Piper<br \/>\nCMS<br \/>\nBaker McKenzie<\/p>\n<h4><strong>Trade and Distribution<\/strong><\/h4>\n<p><strong>Trade and Distribution Lawyer of the Year<\/strong><\/p>\n<p>Florian Unseld, Hogan Lovells<br \/>\nPatrick Ayad, Hogan Lovells<br \/>\nUlf Wauschkuhn, Baker Mckenzie<br \/>\nEric Wagner, Gleiss Lutz<br \/>\nB\u00e4rbel Sachs, Noerr<br \/>\nSteffen Gaber, Luther<br \/>\nGerald Gr\u00e4fe, CMS<br \/>\nSylvia Ebersberger, DLA Piper<\/p>\n<p><strong>Trade and Distribution Team of the Year<\/strong><\/p>\n<p>Luther<br \/>\nHogan Lovells<br \/>\nNoerr<br \/>\nBaker Mckenzie<br \/>\nTaylor Wessing<br \/>\nCMS<br \/>\nGleiss Lutz<br \/>\nClifford Chance<br \/>\nCattwyk<\/p>\n","protected":false},"excerpt":{"rendered":"<p>Boutique Firm of the Year Annerton Busse Disputes BUNTSCHECK VOSSIUS &amp; Partner KLIEMT.Arbeitsrecht Hausfeld Sch\u00fcrmann Rosenthal Dreyer Feigen \u00b7 Graf Deal of the Year Kirkland &amp; Ellis Sullivan &amp; Cromwell A&amp;O Shearman Gleiss Lutz White &amp; Case Hengeler Mueller Willkie Farr &amp; Gallagher Linklaters Herbert Smith Freehills Kramer Deutschland Firm of the Year Hengeler Mueller &hellip; <\/p>\n<p class=\"link-more\"><a href=\"https:\/\/my.legal500.com\/events\/germany-awards\/shortlist-2026\/\" class=\"more-link\">Continue reading<span class=\"screen-reader-text\"> &#8220;Shortlist 2026&#8221;<\/span><\/a><\/p>\n","protected":false},"author":20,"featured_media":0,"parent":113040,"menu_order":0,"comment_status":"closed","ping_status":"closed","template":"","meta":{"footnotes":""},"class_list":["post-236404","page","type-page","status-publish","hentry"],"acf":[],"_links":{"self":[{"href":"https:\/\/my.legal500.com\/events\/wp-json\/wp\/v2\/pages\/236404","targetHints":{"allow":["GET"]}}],"collection":[{"href":"https:\/\/my.legal500.com\/events\/wp-json\/wp\/v2\/pages"}],"about":[{"href":"https:\/\/my.legal500.com\/events\/wp-json\/wp\/v2\/types\/page"}],"author":[{"embeddable":true,"href":"https:\/\/my.legal500.com\/events\/wp-json\/wp\/v2\/users\/20"}],"replies":[{"embeddable":true,"href":"https:\/\/my.legal500.com\/events\/wp-json\/wp\/v2\/comments?post=236404"}],"version-history":[{"count":1,"href":"https:\/\/my.legal500.com\/events\/wp-json\/wp\/v2\/pages\/236404\/revisions"}],"predecessor-version":[{"id":249526,"href":"https:\/\/my.legal500.com\/events\/wp-json\/wp\/v2\/pages\/236404\/revisions\/249526"}],"up":[{"embeddable":true,"href":"https:\/\/my.legal500.com\/events\/wp-json\/wp\/v2\/pages\/113040"}],"wp:attachment":[{"href":"https:\/\/my.legal500.com\/events\/wp-json\/wp\/v2\/media?parent=236404"}],"curies":[{"name":"wp","href":"https:\/\/api.w.org\/{rel}","templated":true}]}}