{"id":206804,"date":"2025-02-24T09:43:30","date_gmt":"2025-02-24T09:43:30","guid":{"rendered":"https:\/\/my.legal500.com\/events\/?page_id=206804"},"modified":"2025-02-24T09:43:30","modified_gmt":"2025-02-24T09:43:30","slug":"winners-2025","status":"publish","type":"page","link":"https:\/\/my.legal500.com\/events\/germany-awards\/winners-2025\/","title":{"rendered":"Winners 2025"},"content":{"rendered":"<h4><strong>Antitrust<\/strong><\/h4>\n<p><em><strong>Antitrust Team of the Year<\/strong><\/em><br \/>\nWhite &amp; Case<\/p>\n<p><em><strong>Antitrust Lawyer of the Year<\/strong><\/em><br \/>\nPetra Linsmeier, Gleiss Lutz<\/p>\n<h4><strong>Banking and Finance<\/strong><\/h4>\n<p><em><strong>Banking and Finance Team of the Year<\/strong><\/em><br \/>\nA&amp;O Shearman<\/p>\n<p><em><strong>Banking and Finance Lawyer of the Year<\/strong><\/em><br \/>\nChristian Schmies, Hengeler Mueller<\/p>\n<h4><strong>Capital Markets<\/strong><\/h4>\n<p><em><strong>Capital Markets Team of the Year<\/strong><\/em><br \/>\nLinklaters<\/p>\n<p><em><strong>Capital Markets Lawyer of the Year<\/strong><\/em><br \/>\nAlexander Schlee, Linklaters<\/p>\n<h4><strong>Compliance <\/strong><\/h4>\n<p><em><strong>Compliance Team of the Year<\/strong><\/em><br \/>\nDLA Piper<\/p>\n<p><em><strong>Compliance Lawyer of the Year<\/strong><\/em><br \/>\nC\u00e4cilie L\u00fcneborg, SZA Schilling, Zutt &amp; Ansch\u00fctz Rechtsanwaltsgesellschaft mbH<\/p>\n<h4><strong>Corporate and M&amp;A<\/strong><\/h4>\n<p><em><strong>Corporate and M&amp;A Team of the Year<\/strong><\/em><br \/>\nHengeler Mueller<\/p>\n<p><em><strong>Corporate and M&amp;A Lawyer of the Year<\/strong><\/em><br \/>\nKristina Klaa\u00dfen-Kaiser, Linklaters<\/p>\n<h4><strong>Dispute Resolution: Arbitration<\/strong><\/h4>\n<p><em><strong>Dispute Resolution: Arbitration Team of the Year<\/strong><\/em><br \/>\nBaker McKenzie<\/p>\n<p><em><strong>Dispute Resolution: Arbitration Lawyer of the Year<\/strong><\/em><br \/>\nDaniel Busse, Busse Disputes<\/p>\n<h4><strong>Dispute Resolution: Litigation<\/strong><\/h4>\n<p><em><strong>Dispute Resolution: Litigation Team of the Year<\/strong><\/em><br \/>\nHogan Lovells<\/p>\n<p><em><strong>Dispute Resolution: Litigation Lawyer of the Year<\/strong><\/em><br \/>\nThomas G\u00e4dtke, DLA Piper<\/p>\n<h4><strong>Energy <\/strong><\/h4>\n<p><em><strong>Energy Team of the Year <\/strong><\/em><br \/>\nOsborne Clarke<\/p>\n<p><em><strong>Energy Lawyer of the Year<\/strong><\/em><br \/>\nCarla Luh, Hogan Lovells<\/p>\n<h4><strong>Healthcare<\/strong><\/h4>\n<p><em><strong>Healthcare Team of the Year<\/strong><\/em><br \/>\nHogan Lovells<\/p>\n<p><em><strong>Healthcare Lawyer of the Year<\/strong><\/em><br \/>\nChristian Dierks, Dierks+Company<\/p>\n<h4><strong>Intellectual Property<\/strong><\/h4>\n<p><em><strong>Intellectual Property Team of the Year<\/strong><\/em><br \/>\nBardehle Pagenberg<\/p>\n<p><em><strong>Intellectual Property Lawyer of the Year<\/strong><\/em><br \/>\nMichael Goldmann, Harte-Bavendamm<\/p>\n<h4><strong>Labour and Employment<\/strong><\/h4>\n<p><em><strong>Labour and Employment Team of the Year<\/strong><\/em><br \/>\nKliemt<\/p>\n<p><em><strong>Labour and Employment Lawyer of the Year<\/strong><\/em><br \/>\nBj\u00f6rn Gaul, CMS<\/p>\n<h4><strong>Private Equity and Venture Capital<\/strong><\/h4>\n<p><em><strong>Private Equity and Venture Capital Team of the Year<\/strong><\/em><br \/>\nMilbank<\/p>\n<p><em><strong>Private Equity and Venture Capital Lawyer of the Year<\/strong><\/em><br \/>\nBenjamin Ullrich, YPOG<\/p>\n<h4><strong>Public Law<\/strong><\/h4>\n<p><em><strong>Public Law Team of the Year<\/strong><\/em><br \/>\nPOSSER SPIETH WOLFERS<\/p>\n<p><em><strong>Public Law Lawyer of the Year<\/strong><\/em><br \/>\nUte Jasper, Heuking<\/p>\n<h4><strong>Real Estate and Construction<\/strong><\/h4>\n<p><em><strong>Real Estate and Construction Team of the Year<\/strong><\/em><br \/>\nGreenberg Traurig<\/p>\n<p><em><strong>Real Estate and Construction Lawyer of the Year<\/strong><\/em><br \/>\nMartin Krause, CMS<\/p>\n<h4><strong>Restructuring<\/strong><\/h4>\n<p><em><strong>Restructuring Team of the Year<\/strong><\/em><br \/>\nClifford Chance<\/p>\n<p><em><strong>Restructuring Lawyer of the Year<\/strong><\/em><br \/>\nMathias Eisen, Milbank<\/p>\n<h4><strong>Tax <\/strong><\/h4>\n<p><em><strong>Tax Team of the Year<\/strong><\/em><br \/>\nFlick Gocke, Schaumburg<\/p>\n<p><em><strong>Tax Lawyer of the Year<\/strong><\/em><br \/>\nOliver Rosenberg, Linklaters<\/p>\n<h4><strong>Tech and Media<\/strong><\/h4>\n<p><em><strong>Tech and Media Team of the Year<\/strong><\/em><br \/>\nBird &amp; Bird<\/p>\n<p><em><strong>Tech and Media Lawyer of the Year<\/strong><\/em><br \/>\nJan Hegemann, Raue<\/p>\n<h4><strong>Trade and Distribution<\/strong><\/h4>\n<p><em><strong>Trade and Distribution Team of the Year<\/strong><\/em><br \/>\nCMS<\/p>\n<p><em><strong>Trade and Distribution Lawyer of the Year<\/strong><\/em><br \/>\nPatrick Ayad, Hogan Lovells<\/p>\n<hr \/>\n<h4><strong>Boutique Firm of the Year<\/strong><\/h4>\n<p>Sch\u00fcrmann Rosenthal Dreyer<\/p>\n<h4><strong>Deal of the Year<\/strong><\/h4>\n<p>Hengeler Mueller<\/p>\n<h4><strong>Deutschland Firm of the Year<\/strong><\/h4>\n<p>YPOG<\/p>\n<h4><strong>ESG Firm of the Year<\/strong><\/h4>\n<p>Hogan Lovells<\/p>\n<h4><strong>In-house Lawyer of the Year<\/strong><\/h4>\n<p>Dr. Lena Wallenhorst, Zalando<\/p>\n<h4><strong>In-house Rising Star of the Year<\/strong><\/h4>\n<p>Dr. Maximilian Hoffmann, ATOSS Software<\/p>\n<h4><strong>In-house Team of the Year<\/strong><\/h4>\n<p>Dr. Nikolai Vokuhl, HUGO BOSS<\/p>\n<h4><strong>International Firm of the Year<\/strong><\/h4>\n<p>CMS<\/p>\n<h4><strong>Lawyer of the Year<\/strong><\/h4>\n<p>Sven-Holger Undritz, White &amp; Case<\/p>\n<h4><strong>Marketing Team of the Year<\/strong><\/h4>\n<p>Gibson Dunn<\/p>\n<h4><strong>Most Innovative In-house Team of the Year<\/strong><\/h4>\n<p>Stefanie Reichel, Vodafone<\/p>\n<h4><strong>Next Generation Partner of the Year<\/strong><\/h4>\n<p>Woldemar H\u00e4ring, White &amp; Case<\/p>\n<h4><strong>Senior Partner of the Year<\/strong><\/h4>\n<p>Jan Dreyer, Arnecke Sibeth Dabelstein<\/p>\n<h4><strong>Up-and-coming Young Firm of the Year<\/strong><\/h4>\n<p>Aitava<\/p>\n","protected":false},"excerpt":{"rendered":"<p>Antitrust Antitrust Team of the Year White &amp; Case Antitrust Lawyer of the Year Petra Linsmeier, Gleiss Lutz Banking and Finance Banking and Finance Team of the Year A&amp;O Shearman Banking and Finance Lawyer of the Year Christian Schmies, Hengeler Mueller Capital Markets Capital Markets Team of the Year Linklaters Capital Markets Lawyer of the &hellip; <\/p>\n<p class=\"link-more\"><a href=\"https:\/\/my.legal500.com\/events\/germany-awards\/winners-2025\/\" class=\"more-link\">Continue reading<span class=\"screen-reader-text\"> &#8220;Winners 2025&#8221;<\/span><\/a><\/p>\n","protected":false},"author":20,"featured_media":0,"parent":113040,"menu_order":0,"comment_status":"closed","ping_status":"closed","template":"","meta":{"footnotes":""},"class_list":["post-206804","page","type-page","status-publish","hentry"],"acf":[],"_links":{"self":[{"href":"https:\/\/my.legal500.com\/events\/wp-json\/wp\/v2\/pages\/206804","targetHints":{"allow":["GET"]}}],"collection":[{"href":"https:\/\/my.legal500.com\/events\/wp-json\/wp\/v2\/pages"}],"about":[{"href":"https:\/\/my.legal500.com\/events\/wp-json\/wp\/v2\/types\/page"}],"author":[{"embeddable":true,"href":"https:\/\/my.legal500.com\/events\/wp-json\/wp\/v2\/users\/20"}],"replies":[{"embeddable":true,"href":"https:\/\/my.legal500.com\/events\/wp-json\/wp\/v2\/comments?post=206804"}],"version-history":[{"count":1,"href":"https:\/\/my.legal500.com\/events\/wp-json\/wp\/v2\/pages\/206804\/revisions"}],"predecessor-version":[{"id":206812,"href":"https:\/\/my.legal500.com\/events\/wp-json\/wp\/v2\/pages\/206804\/revisions\/206812"}],"up":[{"embeddable":true,"href":"https:\/\/my.legal500.com\/events\/wp-json\/wp\/v2\/pages\/113040"}],"wp:attachment":[{"href":"https:\/\/my.legal500.com\/events\/wp-json\/wp\/v2\/media?parent=206804"}],"curies":[{"name":"wp","href":"https:\/\/api.w.org\/{rel}","templated":true}]}}