{"id":206210,"date":"2025-02-17T15:47:07","date_gmt":"2025-02-17T15:47:07","guid":{"rendered":"https:\/\/my.legal500.com\/events\/?page_id=206210"},"modified":"2025-04-03T13:57:56","modified_gmt":"2025-04-03T13:57:56","slug":"directeurs-juridiques-renforcez-votre-impact-strategique-dans-un-monde-en-mutation","status":"publish","type":"page","link":"https:\/\/my.legal500.com\/events\/webinars-home\/directeurs-juridiques-renforcez-votre-impact-strategique-dans-un-monde-en-mutation\/","title":{"rendered":"Directeurs Juridiques: Renforcez votre Impact Strat\u00e9gique dans un Monde en Mutation"},"content":{"rendered":"<p>Face \u00e0 une gouvernance d\u2019entreprise de plus en plus complexe, les Directeurs Juridiques ne sont plus de simples garants de la conformit\u00e9 : ils sont des acteurs cl\u00e9s de la strat\u00e9gie d\u2019entreprise. Entre nouvelles r\u00e9gulations, exigences accrues en mati\u00e8re de transparence et mont\u00e9e en puissance de l\u2019IA, leur r\u00f4le dans la prise de d\u00e9cision et la gestion des risques est plus central que jamais.<\/p>\n<p>Dans cette session, nous explorerons comment les DJ peuvent renforcer leur influence au sein des instances dirigeantes, en alignant les enjeux juridiques avec les priorit\u00e9s strat\u00e9giques et op\u00e9rationnelles de leur organisation. Nous partagerons les meilleures pratiques pour optimiser la collaboration avec les parties prenantes, garantir une communication efficace et jouer un r\u00f4le moteur dans la transformation de la gouvernance.<\/p>\n<p>Enfin, nous mettrons en lumi\u00e8re les outils digitaux les plus innovants, permettant aux DJ de s\u00e9curiser leurs \u00e9changes, d\u2019acc\u00e9der \u00e0 des insights strat\u00e9giques et de prendre des d\u00e9cisions plus \u00e9clair\u00e9es dans un environnement de plus en plus exigeant.<\/p>\n","protected":false},"excerpt":{"rendered":"<p>Face \u00e0 une gouvernance d\u2019entreprise de plus en plus complexe, les Directeurs Juridiques ne sont plus de simples garants de la conformit\u00e9 : ils sont des acteurs cl\u00e9s de la strat\u00e9gie d\u2019entreprise. Entre nouvelles r\u00e9gulations, exigences accrues en mati\u00e8re de transparence et mont\u00e9e en puissance de l\u2019IA, leur r\u00f4le dans la prise de d\u00e9cision et &hellip; <\/p>\n<p class=\"link-more\"><a href=\"https:\/\/my.legal500.com\/events\/webinars-home\/directeurs-juridiques-renforcez-votre-impact-strategique-dans-un-monde-en-mutation\/\" class=\"more-link\">Continue reading<span class=\"screen-reader-text\"> &#8220;Directeurs Juridiques: Renforcez votre Impact Strat\u00e9gique dans un Monde en Mutation&#8221;<\/span><\/a><\/p>\n","protected":false},"author":60748,"featured_media":208370,"parent":20789,"menu_order":0,"comment_status":"closed","ping_status":"closed","template":"","meta":{"footnotes":""},"class_list":["post-206210","page","type-page","status-publish","has-post-thumbnail","hentry"],"acf":[],"_links":{"self":[{"href":"https:\/\/my.legal500.com\/events\/wp-json\/wp\/v2\/pages\/206210","targetHints":{"allow":["GET"]}}],"collection":[{"href":"https:\/\/my.legal500.com\/events\/wp-json\/wp\/v2\/pages"}],"about":[{"href":"https:\/\/my.legal500.com\/events\/wp-json\/wp\/v2\/types\/page"}],"author":[{"embeddable":true,"href":"https:\/\/my.legal500.com\/events\/wp-json\/wp\/v2\/users\/60748"}],"replies":[{"embeddable":true,"href":"https:\/\/my.legal500.com\/events\/wp-json\/wp\/v2\/comments?post=206210"}],"version-history":[{"count":1,"href":"https:\/\/my.legal500.com\/events\/wp-json\/wp\/v2\/pages\/206210\/revisions"}],"predecessor-version":[{"id":213096,"href":"https:\/\/my.legal500.com\/events\/wp-json\/wp\/v2\/pages\/206210\/revisions\/213096"}],"up":[{"embeddable":true,"href":"https:\/\/my.legal500.com\/events\/wp-json\/wp\/v2\/pages\/20789"}],"wp:featuredmedia":[{"embeddable":true,"href":"https:\/\/my.legal500.com\/events\/wp-json\/wp\/v2\/media\/208370"}],"wp:attachment":[{"href":"https:\/\/my.legal500.com\/events\/wp-json\/wp\/v2\/media?parent=206210"}],"curies":[{"name":"wp","href":"https:\/\/api.w.org\/{rel}","templated":true}]}}