{"id":202354,"date":"2025-01-24T09:34:14","date_gmt":"2025-01-24T09:34:14","guid":{"rendered":"https:\/\/my.legal500.com\/events\/?page_id=202354"},"modified":"2025-01-24T09:42:37","modified_gmt":"2025-01-24T09:42:37","slug":"2025-winners","status":"publish","type":"page","link":"https:\/\/my.legal500.com\/events\/colombia-awards\/2025-winners\/","title":{"rendered":"Winners 2025"},"content":{"rendered":"<h4><strong>Banking and Finance<\/strong><\/h4>\n<p><em><strong>Banking and Finance Firm of the Year<br \/>\n<\/strong><\/em>G\u00f3mez-Pinz\u00f3n Abogados (GPA)<\/p>\n<p><em><strong>Banking and Finance Lawyer of the Year<\/strong><\/em><br \/>\nCarlos Fradique-M\u00e9ndez, Brigard Urrutia<\/p>\n<p><em><strong>Banking and Finance Rising Star of the Year<\/strong><\/em><br \/>\nM\u00f3nica Cubillos Iregui, Baker McKenzie S.A.S.<\/p>\n<h4><strong>Capital Markets<\/strong><\/h4>\n<p><em><strong>Capital Markets Firm of the Year<\/strong><\/em><br \/>\nBrigard Urrutia<\/p>\n<p><em><strong>Capital Markets Lawyer of the Year<\/strong><\/em><br \/>\nLuis Gabriel Morcillo, Brigard Urrutia<\/p>\n<p><em><strong>Capital Markets Rising Star of the Year<\/strong><\/em><br \/>\nLissa Parra Alarc\u00f3n, Garrigues<\/p>\n<h4><strong>Competition and Antitrust<\/strong><\/h4>\n<p><em><strong>Competition and Antitrust Firm of the Year<\/strong><\/em><br \/>\nBaker McKenzie S.A.S.<\/p>\n<p><em><strong>Competition and Antitrust Lawyer of the Year<\/strong><\/em><br \/>\nPablo Marquez, ECIJA Colombia<\/p>\n<p><em><strong>Competition and Antitrust Rising Star of the Year<\/strong><\/em><br \/>\nAndr\u00e9s Jaramillo Sanz, Serrano Mart\u00ednez CMA<\/p>\n<h4><strong>Compliance<\/strong><\/h4>\n<p><em><strong>Compliance Firm of the Year<\/strong><\/em><br \/>\nFabio Humar Abogados<\/p>\n<p><em><strong>Compliance Lawyer of the Year<\/strong><\/em><br \/>\nCarolina Pardo, Baker McKenzie S.A.S.<\/p>\n<p><em><strong>Compliance Rising Star of the Year<\/strong><\/em><br \/>\nMarcelo Buend\u00eda V, Diaz Reus International Law Firm<\/p>\n<h4><strong>Corporate and M&amp;A (mid-market)<\/strong><\/h4>\n<p><em><strong>Corporate and M&amp;A (mid-market) Firm of the Year<\/strong><\/em><br \/>\nCuatrecasas<\/p>\n<p><em><strong>Corporate and M&amp;A (mid-market) Lawyer of the Year<\/strong><\/em><br \/>\nJuan Felipe Vera, Cuatrecasas<\/p>\n<p><em><strong>Corporate and M&amp;A (mid-market) Rising Star of the Year<\/strong><\/em><br \/>\nVanesa Gonz\u00e1lez, Vanesa Gonz\u00e1lez<\/p>\n<h4><strong>Corporate and M&amp;A (high-end)<\/strong><\/h4>\n<p><strong>Corporate and M&amp;A (high-end) Firm of the Year<\/strong><br \/>\nBrigard Urrutia<\/p>\n<p><strong>Corporate and M&amp;A (high-end) Lawyer of the Year<\/strong><br \/>\nFelipe Quintero Mart\u00ednez, Quintero Mendoza Gonz\u00e1lez Laguado &amp; de la Rosa<\/p>\n<p><strong>Corporate and M&amp;A (high-end) Rising Star of the Year<\/strong><br \/>\nPaola Valderrama, G\u00f3mez-Pinz\u00f3n Abogados (GPA)<\/p>\n<h4><strong>Dispute Resolution: Arbitration<\/strong><\/h4>\n<p><em><strong>Dispute Resolution: Arbitration Firm of the Year<\/strong><\/em><br \/>\nBaker McKenzie S.A.S.<\/p>\n<p><em><strong>Dispute Resolution: Arbitration Lawyer of the Year<\/strong><\/em><br \/>\nRafael Rinc\u00f3n, Rinc\u00f3n Castro Abogados<\/p>\n<p><em><strong>Dispute Resolution: Arbitration Rising Star of the Year<\/strong><\/em><br \/>\nSofia Galindo, Adell &amp; Merizalde<\/p>\n<h4><strong>Dispute Resolution: Litigation<\/strong><\/h4>\n<p><em><strong>Dispute Resolution: Litigation Firm of the Year<\/strong><\/em><br \/>\nPhilippi Prietocarrizosa Ferrero DU &amp; Ur\u00eda<\/p>\n<p><em><strong>Dispute Resolution: Litigation Lawyer of the Year<\/strong><\/em><br \/>\nDaniel Posse, Posse Herrera Ruiz<\/p>\n<p><em><strong>Dispute Resolution: Litigation Rising Star of the Year<\/strong><\/em><br \/>\nSantiago Cruz Mantilla,Philippi Prietocarrizosa Ferrero DU &amp; Ur\u00eda<\/p>\n<h4><strong>Energy &amp; Natural Resources<\/strong><\/h4>\n<p><em><strong>Energy &amp; Natural Resources Firm of the Year<\/strong><\/em><br \/>\nPosse Herrera Ruiz<\/p>\n<p><em><strong>Energy &amp; Natural Resources Lawyer of the Year<\/strong><\/em><br \/>\nAlejandro Mesa, Baker McKenzie S.A.S.<\/p>\n<p><em><strong>Energy &amp; Natural Resources Rising Star of the Year<\/strong><\/em><br \/>\nJuan Pablo Guti\u00e9rrez, Philippi Prietocarrizosa Ferrero DU &amp; Ur\u00eda<\/p>\n<h4><strong>Environment<\/strong><\/h4>\n<p><em><strong>Environment Firm of the Year<\/strong><\/em><br \/>\nG\u00f3mez-Pinz\u00f3n Abogados (GPA)<\/p>\n<p><em><strong>Environment Lawyer of the Year<\/strong><\/em><br \/>\n\u00c1lvaro Jos\u00e9 Rodr\u00edguez, Posse Herrera Ruiz<\/p>\n<p><em><strong>Environment Rising Star of the Year<\/strong><\/em><br \/>\nSilvia Mar\u00eda M\u00e9ndez, Parodi Mu\u00f1oz Tamayo &amp; Asociados<\/p>\n<h4><strong>Insurance<\/strong><\/h4>\n<p><em><strong>Insurance Firm of the Year<\/strong><\/em><br \/>\nKennedys<\/p>\n<p><em><strong>Insurance Lawyer of the Year<\/strong><\/em><br \/>\nLucas Fajardo, Brigard Urrutia<\/p>\n<p><em><strong>Insurance Rising Star of the Year<\/strong><\/em><br \/>\nLuis Felipe Estrada, Ariza &amp; Marin<\/p>\n<h4><strong>Intellectual Property<\/strong><\/h4>\n<p><em><strong>Intellectual Property Firm of the Year<\/strong><\/em><br \/>\nOlarteMoure<\/p>\n<p><em><strong>Intellectual Property Lawyer of the Year<\/strong><\/em><br \/>\nHelena Camargo, Posse Herrera Ruiz<\/p>\n<p><em><strong>Intellectual Property Rising Star of the Year<\/strong><\/em><br \/>\nCatalina G\u00f3mez, Brigard Castro<\/p>\n<h4><strong>International Trade &amp; Customs<\/strong><\/h4>\n<p><em><strong>International Trade &amp; Customs Firm of the Year<\/strong><\/em><br \/>\nIbarra Abogados Rimon Law<\/p>\n<p><em><strong>International Trade &amp; Customs Lawyer of the Year<\/strong><\/em><br \/>\nJos\u00e9 Francisco Mafla, Brigard Urrutia<\/p>\n<p><strong>International Trade &amp; Customs Rising Star of the Year<\/strong><br \/>\nAndrea Mora Ram\u00edrez, G\u00f3mez-Pinz\u00f3n Abogados (GPA)<\/p>\n<h4><strong>Labour and Employment<\/strong><\/h4>\n<p><em><strong>Labour and Employment Firm of the Year<\/strong><\/em><br \/>\nGodoy C\u00f3rdoba member of Littler Global<\/p>\n<p><em><strong>Labour and Employment Lawyer of the Year<\/strong><\/em><br \/>\nTatiana Garc\u00e9s, Baker McKenzie S.A.S.<\/p>\n<p><em><strong>Labour and Employment Rising Star of the Year<\/strong><\/em><br \/>\nDina L\u00f3pez, Quintero y Quintero Asesores<\/p>\n<h4><strong>Life Sciences<\/strong><\/h4>\n<p><em><strong>Life Sciences Firm of the Year<\/strong><\/em><br \/>\nLloreda Camacho &amp; Co.<\/p>\n<p><em><strong>Life Sciences Lawyer of the Year<\/strong><\/em><br \/>\nJuan Pablo Concha, Baker Mckenzie S.A.S.<\/p>\n<p><em><strong>Life Sciences Rising Star of the Year<\/strong><\/em><br \/>\nLuz Helena Vargas, CMS Rodr\u00edguez-Azuero<\/p>\n<h4><strong>Projects and Infrastructure<\/strong><\/h4>\n<p><em><strong>Projects and Infrastructure Firm of the Year<br \/>\n<\/strong><\/em>Dur\u00e1n &amp; Osorio Abogados Asociados<\/p>\n<p><em><strong>Projects and Infrastructure Lawyer of the Year<\/strong><\/em><br \/>\nMarcela Castro, Castro Leiva Rend\u00f3n Abogados<\/p>\n<p><em><strong>Projects and Infrastructure Rising Star of the Year<\/strong><\/em><br \/>\nMario Forero, Brigard Urrutia<\/p>\n<h4><strong>Public Law<\/strong><\/h4>\n<p><em><strong>Public Law Firm of the Year<\/strong><\/em><br \/>\nArrieta Mantilla &amp; Asociados<\/p>\n<p><em><strong>Public Law Lawyer of the Year<\/strong><\/em><br \/>\nCarlos Uma\u00f1a, Brigard Urrutia<\/p>\n<p><em><strong>Public Law Rising Star of the Year<\/strong><\/em><br \/>\nJuan Antonio Ucr\u00f3s, G\u00f3mez-Pinz\u00f3n Abogados (GPA)<\/p>\n<h4><strong>Real Estate<\/strong><\/h4>\n<p><em><strong>Real Estate Firm of the Year<\/strong><\/em><br \/>\nPinilla Gonz\u00e1lez &amp; Prieto Abogados<\/p>\n<p><em><strong>Real Estate Lawyer of the Year<\/strong><\/em><br \/>\nJose Ram\u00f3n Ram\u00edrez, Ramirez &amp; Cardona Abogados<\/p>\n<p><em><strong>Real estate Rising Star of the Year<\/strong><\/em><br \/>\nJaime Andr\u00e9s Ram\u00edrez, Philippi Prietocarrizosa Ferrero DU &amp; Ur\u00eda<\/p>\n<h4><strong>Tax<\/strong><\/h4>\n<p><em><strong>Tax Firm of the Year<\/strong><\/em><br \/>\nPosse Herrera Ruiz<\/p>\n<p><em><strong>Tax Lawyer of the Year<\/strong><\/em><br \/>\nCatalina Hoyos, Goh<\/p>\n<p><em><strong>Tax Rising Star of the Year<\/strong><\/em><br \/>\nLeonardo Cote, Philippi Prietocarrizosa Ferrero DU &amp; Ur\u00eda<\/p>\n<h4><strong>TMT<\/strong><\/h4>\n<p><em><strong>TMT Firm of the Year<\/strong><\/em><br \/>\nBrigard Urrutia<\/p>\n<p><em><strong>TMT Lawyer of the Year<\/strong><\/em><br \/>\nMyriam Montenegro, BBGS Abogados<\/p>\n<p><em><strong>TMT Rising Star of the Year<\/strong><\/em><br \/>\nJuan Nicol\u00e1s Laverde, Brigard Urrutia<\/p>\n<h4><strong>Medellin Firm of the Year<\/strong><\/h4>\n<p>UH Abogados<\/p>\n<h4><strong>Marketing Team of the Year<\/strong><\/h4>\n<p>Holland &amp; Knight LLP<\/p>\n<h4><strong>In-house ESG Champions<\/strong><\/h4>\n<p>PepsiCo<\/p>\n<h4><strong>Deal of the Year (M&amp;A)<\/strong><\/h4>\n<p><strong>Establishment and implementation of the framework agreement by which Grupo Sura, Grupo Argos and IHC Capital Holding undertook a share exchange with JGDB and Nugil, resulting in the demerger of Grupo Nutresa.<\/strong><\/p>\n<p>Mendoza Abogados<br \/>\nBrigard Urrutia<br \/>\nEsguerra JHR<br \/>\nSullivan &amp; Cromwell<br \/>\nPosse Herrera Ru\u00edz<br \/>\nSimpson Thatcher<br \/>\nPhilippi Prietocarrizosa Ferrero DU &amp; Ur\u00eda<br \/>\nLondo\u00f1o y Arango<br \/>\nSkadden, Arps, Slate, Meagher &amp; Flom LLP<br \/>\nG\u00f3mez Pinz\u00f3n Abogados (GPA)<br \/>\nMart\u00ednez Quintero Mendoza Gonz\u00e1lez Laguado &amp; De La Rosa<br \/>\nProskauer Rose<\/p>\n<h4><strong>Deal of the Year &#8211; Finance<\/strong><\/h4>\n<p><strong>$642m financing of the Pamplona-Cucuta 4G toll road project by lenders Banco Santander, JPMorgan Chase, Allianz Capital Partners et al.<\/strong><\/p>\n<p>Castro Leiva Rendon<br \/>\nCuatrecasas<br \/>\nKing &amp; Spalding<br \/>\nMendoza Abogados<br \/>\nGarrigues<br \/>\nClifford Chance<\/p>\n<h4><strong>International Firm of the Year<\/strong><\/h4>\n<p>Clifford Chance<\/p>\n<h4><strong>Rising Star Associate of the Year<\/strong><\/h4>\n<p>Santiago Cruz Mantilla, Philippi Prietocarrizosa Ferrero DU &amp; Ur\u00eda<\/p>\n<h4><strong>Rising Star In-house Counsel<\/strong><\/h4>\n<p>Mar\u00eda Gabriela Mej\u00eda, Johnson &amp; Johnson<\/p>\n<h4><strong>Next Generation Partner of the Year<\/strong><\/h4>\n<p>Felipe Alarc\u00f3n, Dentons Cardenas &amp; Cardenas<\/p>\n<h4><strong>Boutique Firm of the Year<\/strong><\/h4>\n<p>Alvarez, Lievano, Laserna<\/p>\n<h4><strong>Up-and-coming Firm of the Year<\/strong><\/h4>\n<p>DRET Legal<\/p>\n<h4><strong>In-house Lawyer of the Year<\/strong><\/h4>\n<p>Alejandra Bonilla, Frontera Energy<\/p>\n<h4><strong>In-house Team of the Year<\/strong><\/h4>\n<p>Promigas<\/p>\n<h4><strong>Lawyer of the Year<\/strong><\/h4>\n<p>Manuel Quinche, Cuatrecasas<\/p>\n<h4><strong>Senior Partner of the Year<\/strong><\/h4>\n<p>Juan Carlos Esguerra P, Esguerra JHR<\/p>\n<h4><strong>Colombia Firm of the Year<\/strong><\/h4>\n<p>Brigard Urrutia<\/p>\n","protected":false},"excerpt":{"rendered":"<p>Banking and Finance Banking and Finance Firm of the Year G\u00f3mez-Pinz\u00f3n Abogados (GPA) Banking and Finance Lawyer of the Year Carlos Fradique-M\u00e9ndez, Brigard Urrutia Banking and Finance Rising Star of the Year M\u00f3nica Cubillos Iregui, Baker McKenzie S.A.S. Capital Markets Capital Markets Firm of the Year Brigard Urrutia Capital Markets Lawyer of the Year Luis &hellip; <\/p>\n<p class=\"link-more\"><a href=\"https:\/\/my.legal500.com\/events\/colombia-awards\/2025-winners\/\" class=\"more-link\">Continue reading<span class=\"screen-reader-text\"> &#8220;Winners 2025&#8221;<\/span><\/a><\/p>\n","protected":false},"author":20,"featured_media":0,"parent":115768,"menu_order":0,"comment_status":"closed","ping_status":"closed","template":"","meta":{"footnotes":""},"class_list":["post-202354","page","type-page","status-publish","hentry"],"acf":[],"_links":{"self":[{"href":"https:\/\/my.legal500.com\/events\/wp-json\/wp\/v2\/pages\/202354","targetHints":{"allow":["GET"]}}],"collection":[{"href":"https:\/\/my.legal500.com\/events\/wp-json\/wp\/v2\/pages"}],"about":[{"href":"https:\/\/my.legal500.com\/events\/wp-json\/wp\/v2\/types\/page"}],"author":[{"embeddable":true,"href":"https:\/\/my.legal500.com\/events\/wp-json\/wp\/v2\/users\/20"}],"replies":[{"embeddable":true,"href":"https:\/\/my.legal500.com\/events\/wp-json\/wp\/v2\/comments?post=202354"}],"version-history":[{"count":1,"href":"https:\/\/my.legal500.com\/events\/wp-json\/wp\/v2\/pages\/202354\/revisions"}],"predecessor-version":[{"id":202392,"href":"https:\/\/my.legal500.com\/events\/wp-json\/wp\/v2\/pages\/202354\/revisions\/202392"}],"up":[{"embeddable":true,"href":"https:\/\/my.legal500.com\/events\/wp-json\/wp\/v2\/pages\/115768"}],"wp:attachment":[{"href":"https:\/\/my.legal500.com\/events\/wp-json\/wp\/v2\/media?parent=202354"}],"curies":[{"name":"wp","href":"https:\/\/api.w.org\/{rel}","templated":true}]}}