{"id":180806,"date":"2024-07-03T09:23:10","date_gmt":"2024-07-03T09:23:10","guid":{"rendered":"https:\/\/www.legal500.com\/events\/?page_id=180806"},"modified":"2024-07-03T09:24:01","modified_gmt":"2024-07-03T09:24:01","slug":"navigating-the-future-insights-from-basak-gurbuz-on-legal-trends-technology-and-in-house-excellence","status":"publish","type":"page","link":"https:\/\/my.legal500.com\/events\/corporate-conversations\/navigating-the-future-insights-from-basak-gurbuz-on-legal-trends-technology-and-in-house-excellence\/","title":{"rendered":"Navigating the Future: Insights from Ba\u015fak G\u00fcrb\u00fcz on Legal Trends, Technology, and In-House Excellence"},"content":{"rendered":"<p>We are delighted to host Ba\u015fak G\u00fcrb\u00fcz, Regional Council for Visa Europe, which covers South Europe, including Turkey, Israel, Greece, Malta, and Cyprus. With over 15 years of expertise, Ba\u015fak G\u00fcrb\u00fcz moved from private practice to significant in-house positions at the Walt Disney Company and Visa. Her perspectives on the Turkish legal market, regulatory changes, and legal technology are extremely inspirational. Ba\u015fak&#8217;s dedication to constant learning and teamwork illustrates the forward-thinking attitude required for success in today&#8217;s legal market.<\/p>\n<p>Watch the conversation here:<\/p>\n","protected":false},"excerpt":{"rendered":"<p>We are delighted to host Ba\u015fak G\u00fcrb\u00fcz, Regional Council for Visa Europe, which covers South Europe, including Turkey, Israel, Greece, Malta, and Cyprus. With over 15 years of expertise, Ba\u015fak G\u00fcrb\u00fcz moved from private practice to significant in-house positions at the Walt Disney Company and Visa. Her perspectives on the Turkish legal market, regulatory changes, &hellip; <\/p>\n<p class=\"link-more\"><a href=\"https:\/\/my.legal500.com\/events\/corporate-conversations\/navigating-the-future-insights-from-basak-gurbuz-on-legal-trends-technology-and-in-house-excellence\/\" class=\"more-link\">Continue reading<span class=\"screen-reader-text\"> &#8220;Navigating the Future: Insights from Ba\u015fak G\u00fcrb\u00fcz on Legal Trends, Technology, and In-House Excellence&#8221;<\/span><\/a><\/p>\n","protected":false},"author":60336,"featured_media":181098,"parent":25059,"menu_order":0,"comment_status":"closed","ping_status":"closed","template":"","meta":{"footnotes":""},"class_list":["post-180806","page","type-page","status-publish","has-post-thumbnail","hentry"],"acf":[],"_links":{"self":[{"href":"https:\/\/my.legal500.com\/events\/wp-json\/wp\/v2\/pages\/180806","targetHints":{"allow":["GET"]}}],"collection":[{"href":"https:\/\/my.legal500.com\/events\/wp-json\/wp\/v2\/pages"}],"about":[{"href":"https:\/\/my.legal500.com\/events\/wp-json\/wp\/v2\/types\/page"}],"author":[{"embeddable":true,"href":"https:\/\/my.legal500.com\/events\/wp-json\/wp\/v2\/users\/60336"}],"replies":[{"embeddable":true,"href":"https:\/\/my.legal500.com\/events\/wp-json\/wp\/v2\/comments?post=180806"}],"version-history":[{"count":1,"href":"https:\/\/my.legal500.com\/events\/wp-json\/wp\/v2\/pages\/180806\/revisions"}],"predecessor-version":[{"id":181102,"href":"https:\/\/my.legal500.com\/events\/wp-json\/wp\/v2\/pages\/180806\/revisions\/181102"}],"up":[{"embeddable":true,"href":"https:\/\/my.legal500.com\/events\/wp-json\/wp\/v2\/pages\/25059"}],"wp:featuredmedia":[{"embeddable":true,"href":"https:\/\/my.legal500.com\/events\/wp-json\/wp\/v2\/media\/181098"}],"wp:attachment":[{"href":"https:\/\/my.legal500.com\/events\/wp-json\/wp\/v2\/media?parent=180806"}],"curies":[{"name":"wp","href":"https:\/\/api.w.org\/{rel}","templated":true}]}}