{"id":155842,"date":"2024-02-16T17:05:59","date_gmt":"2024-02-16T17:05:59","guid":{"rendered":"https:\/\/www.legal500.com\/events\/?page_id=155842"},"modified":"2024-03-06T14:52:03","modified_gmt":"2024-03-06T14:52:03","slug":"selected-contemporary-issues-and-trends-in-competition-law-in-digital-markets","status":"publish","type":"page","link":"https:\/\/my.legal500.com\/events\/webinars-home\/selected-contemporary-issues-and-trends-in-competition-law-in-digital-markets\/","title":{"rendered":"Selected Contemporary Issues and Trends in Competition Law in Digital Markets"},"content":{"rendered":"<p>This webinar, brought to you by The Legal 500 and ELIG G\u00fcrkaynak Attorneys-at-Law, will cover a broad range of issues regarding the enforcement of competition laws in digital markets in terms of unilateral conduct cases and in terms of matters involving duality, trends relating to merger control in digital markets, the interface between data protection and competition law, innovation considerations in general in digital markets, ecosystem sensitivities relating to enforcement in digital markets, and the comparison in terms of the two sides of the Atlantic concerning the approach to these matters, and will be of interest to competition law practitioners, in-house counsel, academics and business persons alike.<\/p>\n<p>The discussion will take place through the moderation of\u00a0Dr. G\u00f6nen\u00e7 G\u00fcrkaynak, the founding partner of ELIG G\u00fcrkaynak Attorneys-at-Law; Ms. Diane P. Wood and Mr. Cecilio Madero, some of the world\u2019s leading experts in competition law. Ms. Diane P. Wood is the Director of the American Law Institute; previously Senior Circuit Judge of the United States Court of Appeals for the Seventh Circuit; and Senior Lecturer at the University of Chicago Law School. Mr. Cecilio Madero is Senior Counsel at APCO Worldwide, Former Deputy Director-General at the European Commission\u2019s Directorate-General for Competition, with more than 30 years of service at the European Commission.<\/p>\n","protected":false},"excerpt":{"rendered":"<p>This webinar, brought to you by The Legal 500 and ELIG G\u00fcrkaynak Attorneys-at-Law, will cover a broad range of issues regarding the enforcement of competition laws in digital markets in terms of unilateral conduct cases and in terms of matters involving duality, trends relating to merger control in digital markets, the interface between data protection &hellip; <\/p>\n<p class=\"link-more\"><a href=\"https:\/\/my.legal500.com\/events\/webinars-home\/selected-contemporary-issues-and-trends-in-competition-law-in-digital-markets\/\" class=\"more-link\">Continue reading<span class=\"screen-reader-text\"> &#8220;Selected Contemporary Issues and Trends in Competition Law in Digital Markets&#8221;<\/span><\/a><\/p>\n","protected":false},"author":60748,"featured_media":156820,"parent":20789,"menu_order":0,"comment_status":"closed","ping_status":"closed","template":"","meta":{"footnotes":""},"class_list":["post-155842","page","type-page","status-publish","has-post-thumbnail","hentry"],"acf":[],"_links":{"self":[{"href":"https:\/\/my.legal500.com\/events\/wp-json\/wp\/v2\/pages\/155842","targetHints":{"allow":["GET"]}}],"collection":[{"href":"https:\/\/my.legal500.com\/events\/wp-json\/wp\/v2\/pages"}],"about":[{"href":"https:\/\/my.legal500.com\/events\/wp-json\/wp\/v2\/types\/page"}],"author":[{"embeddable":true,"href":"https:\/\/my.legal500.com\/events\/wp-json\/wp\/v2\/users\/60748"}],"replies":[{"embeddable":true,"href":"https:\/\/my.legal500.com\/events\/wp-json\/wp\/v2\/comments?post=155842"}],"version-history":[{"count":1,"href":"https:\/\/my.legal500.com\/events\/wp-json\/wp\/v2\/pages\/155842\/revisions"}],"predecessor-version":[{"id":160950,"href":"https:\/\/my.legal500.com\/events\/wp-json\/wp\/v2\/pages\/155842\/revisions\/160950"}],"up":[{"embeddable":true,"href":"https:\/\/my.legal500.com\/events\/wp-json\/wp\/v2\/pages\/20789"}],"wp:featuredmedia":[{"embeddable":true,"href":"https:\/\/my.legal500.com\/events\/wp-json\/wp\/v2\/media\/156820"}],"wp:attachment":[{"href":"https:\/\/my.legal500.com\/events\/wp-json\/wp\/v2\/media?parent=155842"}],"curies":[{"name":"wp","href":"https:\/\/api.w.org\/{rel}","templated":true}]}}