{"id":152908,"date":"2024-02-02T08:47:47","date_gmt":"2024-02-02T08:47:47","guid":{"rendered":"https:\/\/www.legal500.com\/events\/?page_id=152908"},"modified":"2024-05-01T10:32:12","modified_gmt":"2024-05-01T10:32:12","slug":"strategies-de-digitalisation-et-de-grc-pour-les-directeurs-juridiques-francais","status":"publish","type":"page","link":"https:\/\/my.legal500.com\/events\/webinars-home\/strategies-de-digitalisation-et-de-grc-pour-les-directeurs-juridiques-francais\/","title":{"rendered":"Strat\u00e9gies de Digitalisation et de GRC pour les Directeurs Juridiques Fran\u00e7ais"},"content":{"rendered":"<p>Dans un pays profond\u00e9ment engag\u00e9 dans la r\u00e9volution num\u00e9rique, les Directeurs Juridiques fran\u00e7ais font face \u00e0 un d\u00e9fi d&#8217;adaptation strat\u00e9gique sans pr\u00e9c\u00e9dent. Notre webinaire ambitionne d\u2019explorer l\u2019intersection entre la transformation num\u00e9rique et les strat\u00e9gies de gouvernance, de gestion des risques et de conformit\u00e9 (GRC). Cet \u00e9v\u00e9nement incontournable est une opportunit\u00e9 unique pour les juristes qui souhaitent relever les d\u00e9fis de l&#8217;\u00e8re num\u00e9rique et aligner leurs pratiques sur les imp\u00e9ratifs \u00e9conomiques de la France.<\/p>\n<p>Objectifs du webinaire :<\/p>\n<ul>\n<li>Explorer les d\u00e9fis pos\u00e9s aux directeurs juridiques par la num\u00e9risation en France et les adaptations strat\u00e9giques induites.<\/li>\n<li>Comprendre le r\u00f4le des directeurs juridiques dans le paysage dynamique de la transformation num\u00e9rique.<\/li>\n<li>Analyser les aspects fondamentaux de la GRC dans un environnement commercial en \u00e9volution.<\/li>\n<li>Examiner la convergence des principes GRC avec les imp\u00e9ratifs commerciaux et le r\u00f4le des directions juridiques dans la garantie de la conformit\u00e9 r\u00e9glementaire en France.<\/li>\n<\/ul>\n","protected":false},"excerpt":{"rendered":"<p>Dans un pays profond\u00e9ment engag\u00e9 dans la r\u00e9volution num\u00e9rique, les Directeurs Juridiques fran\u00e7ais font face \u00e0 un d\u00e9fi d&#8217;adaptation strat\u00e9gique sans pr\u00e9c\u00e9dent. Notre webinaire ambitionne d\u2019explorer l\u2019intersection entre la transformation num\u00e9rique et les strat\u00e9gies de gouvernance, de gestion des risques et de conformit\u00e9 (GRC). Cet \u00e9v\u00e9nement incontournable est une opportunit\u00e9 unique pour les juristes qui &hellip; <\/p>\n<p class=\"link-more\"><a href=\"https:\/\/my.legal500.com\/events\/webinars-home\/strategies-de-digitalisation-et-de-grc-pour-les-directeurs-juridiques-francais\/\" class=\"more-link\">Continue reading<span class=\"screen-reader-text\"> &#8220;Strat\u00e9gies de Digitalisation et de GRC pour les Directeurs Juridiques Fran\u00e7ais&#8221;<\/span><\/a><\/p>\n","protected":false},"author":27682,"featured_media":169256,"parent":20789,"menu_order":0,"comment_status":"closed","ping_status":"closed","template":"","meta":{"footnotes":""},"class_list":["post-152908","page","type-page","status-publish","has-post-thumbnail","hentry"],"acf":[],"_links":{"self":[{"href":"https:\/\/my.legal500.com\/events\/wp-json\/wp\/v2\/pages\/152908","targetHints":{"allow":["GET"]}}],"collection":[{"href":"https:\/\/my.legal500.com\/events\/wp-json\/wp\/v2\/pages"}],"about":[{"href":"https:\/\/my.legal500.com\/events\/wp-json\/wp\/v2\/types\/page"}],"author":[{"embeddable":true,"href":"https:\/\/my.legal500.com\/events\/wp-json\/wp\/v2\/users\/27682"}],"replies":[{"embeddable":true,"href":"https:\/\/my.legal500.com\/events\/wp-json\/wp\/v2\/comments?post=152908"}],"version-history":[{"count":1,"href":"https:\/\/my.legal500.com\/events\/wp-json\/wp\/v2\/pages\/152908\/revisions"}],"predecessor-version":[{"id":171022,"href":"https:\/\/my.legal500.com\/events\/wp-json\/wp\/v2\/pages\/152908\/revisions\/171022"}],"up":[{"embeddable":true,"href":"https:\/\/my.legal500.com\/events\/wp-json\/wp\/v2\/pages\/20789"}],"wp:featuredmedia":[{"embeddable":true,"href":"https:\/\/my.legal500.com\/events\/wp-json\/wp\/v2\/media\/169256"}],"wp:attachment":[{"href":"https:\/\/my.legal500.com\/events\/wp-json\/wp\/v2\/media?parent=152908"}],"curies":[{"name":"wp","href":"https:\/\/api.w.org\/{rel}","templated":true}]}}