{"id":146314,"date":"2023-12-07T12:03:26","date_gmt":"2023-12-07T12:03:26","guid":{"rendered":"https:\/\/www.legal500.com\/events\/?page_id=146314"},"modified":"2025-02-07T17:30:02","modified_gmt":"2025-02-07T17:30:02","slug":"shortlist","status":"publish","type":"page","link":"https:\/\/my.legal500.com\/events\/germany-awards\/shortlist\/","title":{"rendered":"Shortlist"},"content":{"rendered":"<h4><strong>Antitrust<\/strong><\/h4>\n<p><em><strong>Antitrust Lawyer of the Year<\/strong><\/em><br \/>\nPetra Linsmeier, Gleiss Lutz<br \/>\nJ\u00f6rg Karenfort, Dentons<br \/>\nAnna Blume Huttenlauch, Blomstein<br \/>\nAndreas Hahn, Oppenl\u00e4nder<br \/>\nTilman Kuhn, White &amp; Case<br \/>\nNicolas Kredel, Baker McKenzie<br \/>\nKathrin Westermann, Noerr<br \/>\nAlbrecht Bach, Oppenl\u00e4nder<\/p>\n<p><em><strong>Antitrust Team of the Year<\/strong><\/em><br \/>\nWhite &amp; Case<br \/>\nOppenl\u00e4nder<br \/>\nDentons<br \/>\nLuther<br \/>\nBaker McKenzie<br \/>\nGleiss Lutz<br \/>\nHogan Lovells<br \/>\nBlomstein<br \/>\nRocan<br \/>\nHengeler Mueller<br \/>\nLatham &amp; Watkins<\/p>\n<h4><strong>Banking and Finance<\/strong><\/h4>\n<p><em><strong>Banking and Finance Lawyer of the Year<br \/>\n<\/strong><\/em>Christian Schmies, Hengeler Mueller<br \/>\nAlexandra Hagel\u00fcken, Latham &amp; Watkins<br \/>\nMarco Simonis, Clifford Chance<br \/>\nWinfried Carli, Goodwin<br \/>\nOlaf Meisen, A&amp;O Shearman<br \/>\nSusanne Groh\u00e9, Annerton<br \/>\nThomas Weitkamp, Latham &amp; Watkins<br \/>\nCarla Luh, Hogan Lovells<br \/>\nClaudia Hard, Greenberg Traurig<br \/>\nPeter Bujotzek, POELLATH<\/p>\n<p><em><strong>Banking and Finance Team of the Year<br \/>\n<\/strong><\/em>A&amp;O Shearman<br \/>\nClifford Chance<br \/>\nHengeler Mueller<br \/>\nLatham &amp; Watkins<br \/>\nAnnerton<br \/>\nLinklaters<br \/>\nWhite &amp; Case<br \/>\nJones Day<\/p>\n<h4><strong>Capital Markets<\/strong><\/h4>\n<p><em><strong>Capital Markets Lawyer of the Year<\/strong><\/em><br \/>\nAlexander Schlee, Linklaters<br \/>\nOliver Seiler, Latham &amp; Watkins<br \/>\nMarco Carbonare, Linklaters<br \/>\nGeorge Hacket, Clifford Chance<br \/>\nDirk Bliesener, Hengeler Mueller<br \/>\nOliver Kronat, Clifford Chance<br \/>\nKarsten W\u00f6ckener, White &amp; Case<br \/>\nMartin Scharnke, A&amp;O Shearman<br \/>\nR\u00fcdiger Malaun, Latham &amp; Watkins<br \/>\nBarbara Lauer, Linklaters<br \/>\nPeter Waltz, Linklaters<br \/>\nDavid Rath, Latham &amp; Watkins<\/p>\n<p><em><strong>Capital Markets Team of the Year<\/strong><\/em><br \/>\nWhite &amp; Case<br \/>\nLinklaters<br \/>\nClifford Chance<br \/>\nAshurst<br \/>\nHeuking<br \/>\nJones Day<br \/>\nHogan Lovells<br \/>\nHengeler Mueller<br \/>\nLatham &amp; Watkins<\/p>\n<h4><strong>Compliance<\/strong><\/h4>\n<p><em><strong>Compliance Lawyer of the Year<\/strong><\/em><br \/>\nC\u00e4cilie L\u00fcneborg, SZA Schilling, Zutt &amp; Ansch\u00fctz Rechtsanwaltsgesellschaft mbH<br \/>\nEike Bicker, Gleiss Lutz<br \/>\nJan Kappel, AGS Legal<br \/>\nSebastian Lach, Hogan Lovells<br \/>\nNicole Willms, Pohlmann &amp; Company<br \/>\nHeiner Hugger, Clifford Chance<br \/>\nBenno Schwarz, Gibson Dunn<br \/>\nJulia Baedorff, Clifford Chance<\/p>\n<p><em><strong>Compliance Team of the Year<\/strong><\/em><br \/>\nDLA Piper<br \/>\nGleiss Lutz<br \/>\nHengeler Mueller<br \/>\nHogan Lovells<br \/>\nA&amp;O Shearman<br \/>\nBaker McKenzie<br \/>\nPohlmann &amp; Company<br \/>\nClifford Chance<br \/>\nDentons<\/p>\n<h4><strong>Corporate and M&amp;A<\/strong><\/h4>\n<p><em><strong>Corporate and M&amp;A Lawyer of the Year<\/strong><\/em><br \/>\nMaximilian Schiessl, Hengeler Mueller<br \/>\nChristian Cascante, Gleiss Lutz<br \/>\nKristina Klaa\u00dfen-Kaiser, Linklaters<br \/>\nOda Christiane Goetzke, Hengeler Mueller<br \/>\nThomas Krecek, Clifford Chance<br \/>\nHans Diekmann, A&amp;O Shearman<br \/>\nMichael Brellochs, Noerr<br \/>\nMichael Arnold, Gleiss Lutz<br \/>\nAlexander Kiefner, White &amp; Case<br \/>\nRainer Traugott, Latham &amp; Watkins<\/p>\n<p><em><strong>Corporate and M&amp;A Team of the Year<\/strong><\/em><br \/>\nLinklaters<br \/>\nHengeler Mueller<br \/>\nGleiss Lutz<br \/>\nLatham &amp; Watkins<br \/>\nCMS<br \/>\nClifford Chance<br \/>\nA&amp;O Shearman<br \/>\nNoerr<\/p>\n<h4><strong>Dispute Resolution: Arbitration<\/strong><\/h4>\n<p><em><strong>Dispute Resolution: Arbitration Lawyer of the Year<\/strong><\/em><br \/>\nDaniel Busse, Busse Disputes<br \/>\nKlaus Sachs, CMS<br \/>\nKarl P\u00f6rnbacher, Hogan Lovells<br \/>\nHeiko Haller, Baker McKenzie<br \/>\nAnke Meier, Noerr<br \/>\nJulia Grothaus, Linklaters<br \/>\nMoritz Keller, Clifford Chance<br \/>\nRichard Happ, Luther<\/p>\n<p><em><strong>Dispute Resolution: Arbitration Team of the Year<\/strong><\/em><br \/>\nBaker McKenzie<br \/>\nLatham &amp; Watkins<br \/>\nClifford Chance<br \/>\nLinklaters<br \/>\nWach und Meckes<br \/>\nLuther<br \/>\nCMS<br \/>\nBusse Disputes<br \/>\nHogan Lovells<br \/>\nNoerr<\/p>\n<h4><strong>Dispute Resolution: Litigation<\/strong><\/h4>\n<p><em><strong>Dispute Resolution: Litigation Lawyer of the Year<\/strong><\/em><br \/>\nThomas G\u00e4dtke, DLA Piper<br \/>\nDetlef Ha\u00df, Hogan Lovells<br \/>\nChristoph Baus, Latham &amp; Watkins<br \/>\nStefan R\u00fctzel, Gleiss Lutz<br \/>\nRupert Bellinghausen, Linklaters<br \/>\nTobias H\u00f6fling, Baker McKenzie<br \/>\nMichael Molitoris, SZA Schilling, Zutt &amp; Ansch\u00fctz Rechtsanwaltsgesellschaft mbH<br \/>\nMichael Kremer, Clifford Chance<\/p>\n<p><em><strong>Dispute Resolution: Litigation Team of the Year<\/strong><\/em><br \/>\nHogan Lovells<br \/>\nGleiss Lutz<br \/>\nWach und Meckes<br \/>\nLinklaters<br \/>\nHengeler Mueller<br \/>\nWilmer Hale<br \/>\nClifford Chance<\/p>\n<h4><strong>Energy<\/strong><\/h4>\n<p><em><strong>Energy Lawyer of the Year<\/strong><\/em><br \/>\nCarla Luh, Hogan Lovells<br \/>\nHolger Kraft, CMS<br \/>\nSebastian Schneider, Hengeler Mueller<br \/>\nTibor Fedke, Noerr<br \/>\nThomas Schulz, Linklaters<br \/>\nMatthias Hirschmann, Hogan Lovells<br \/>\nThomas Burmeister, White &amp; Case<br \/>\nMathias Elspa\u00df, Clifford Chance<br \/>\nHolger Stappert, Luther<br \/>\nFritz von Hammerstein, CMS<\/p>\n<p><em><strong>Energy Team of the Year<\/strong><\/em><br \/>\nOsborne Clarke<br \/>\nHogan Lovells<br \/>\nCMS<br \/>\nHengeler Mueller<br \/>\nClifford Chance<br \/>\nGleiss Lutz<br \/>\nLinklaters<br \/>\nWhite &amp; Case<br \/>\nA&amp;O Shearman<\/p>\n<h4><strong>Healthcare<\/strong><\/h4>\n<p><em><strong>Healthcare Lawyer of the Year<\/strong><\/em><br \/>\nChristian Dierks, Dierks+Company<br \/>\nAdem Koyuncu, Covington<br \/>\nThilo R\u00e4pple, Baker McKenzie<br \/>\nUlrich Reese, Clifford Chance<br \/>\nPeter von Czettritz, Preu Bohlig &amp; Partner<br \/>\nTanja Eisenbl\u00e4tter, Hogan Lovells<br \/>\nMichael Tsambikakis, Tsambikakis &amp; Partner<br \/>\nGunnar Sachs, Clifford Chance<\/p>\n<p><em><strong>Healthcare Team of the Year<\/strong><\/em><br \/>\nHogan Lovells<br \/>\nClifford Chance<br \/>\nA&amp;O Shearman<br \/>\nDierks+Company<br \/>\nNovacos<br \/>\nMcDermott<br \/>\nTaylor Wessing<br \/>\nDLA Piper<\/p>\n<h4><strong>Intellectual Property<\/strong><\/h4>\n<p><em><strong>Intellectual Property Lawyer of the Year<\/strong><\/em><br \/>\nMichael Goldmann, Harte-Bavendamm<br \/>\nFrederik Thiering, Bird &amp; Bird<br \/>\nTilman M\u00fcller-Stoy, Bardehle Pagenberg<br \/>\nArwed Burrichter, Cohausz &amp; Florack<br \/>\nHolger Gauss, Gr\u00fcnecker<br \/>\nAndreas Bothe, Hogan Lovells<br \/>\nChristian Harmsen, Bird &amp; Bird<br \/>\nCath\u00e9rine Elkemann, Harte-Bavendamm<br \/>\nRalf Hackbarth, KLAKA<br \/>\nMarcus Grosch, Quinn Emanuel Urquhart &amp; Sullivan<br \/>\nAndreas von Falck, Hogan Lovells<\/p>\n<p><em><strong>Intellectual Property Team of the Year<\/strong><\/em><br \/>\nBardehle Pagenberg<br \/>\nBird &amp; Bird<br \/>\nCohausz &amp; Florack<br \/>\nHogan Lovells<br \/>\nGr\u00fcnecker<br \/>\nKLAKA<br \/>\nVossius &amp; Partner<br \/>\nD\u00f6rries Frank-Molnia &amp; Pohlmann<br \/>\nCBH Rechtsanw\u00e4lte<br \/>\nNORDEMANN<\/p>\n<h4><strong>Labour and Employment<\/strong><\/h4>\n<p><em><strong>Labour and Employment Lawyer of the Year<\/strong><\/em><br \/>\nBj\u00f6rn Gaul, CMS<br \/>\nGerlind Wisskirchen, CMS<br \/>\nFrauke Biester-Junker, Littler<br \/>\nSteffen Krieger, Gleiss Lutz<br \/>\nTobias Pusch, Pusch Wahlig Workplace Law<br \/>\nBarbara Reinhard, Kliemt<br \/>\nHans-Peter L\u00f6w, DLA Piper<br \/>\nMichael Kliemt, Kliemt<br \/>\nWolfgang Lipinski, Seitz<br \/>\nEva Maria R\u00fctz, Luther<br \/>\nStefan Seitz, Seitz<\/p>\n<p><em><strong>Labour and Employment Team of the Year<\/strong><\/em><br \/>\nKliemt<br \/>\nSeitz<br \/>\nPusch Wahlig Workplace Law<br \/>\nLittler<br \/>\nCMS<br \/>\nDLA Piper<br \/>\nG\u00f6rg<br \/>\nHogan Lovells<br \/>\nLuther<br \/>\nTaylor Wessing<br \/>\nNoerr<\/p>\n<h4><strong>Private Equity and Venture Capital<\/strong><\/h4>\n<p><em><strong>Private Equity and Venture Capital Lawyer of the Year<\/strong><\/em><br \/>\nBenjamin Ullrich, YPOG<br \/>\nBenjamin Leyendecker, Kirkland &amp; Ellis<br \/>\nOliver Felsenstein, Latham &amp; Watkins<br \/>\nElizabeth Kreuzer, Hengeler Mueller<br \/>\nNorbert Rieger, Milbank<br \/>\nNorman R\u00f6chert, Taylor Wessing<br \/>\nHans-J\u00f6rg Ziegenhain, Hengeler Mueller<br \/>\nChristian T\u00f6nies, POELLATH<br \/>\nFrank Vogel, Vogel Heerma Waitz<\/p>\n<p><em><strong>Private Equity and Venture Capital Team of the Year<\/strong><\/em><br \/>\nMilbank<br \/>\nKirkland &amp; Ellis<br \/>\nTaylor Wessing<br \/>\nHengeler Mueller<br \/>\nLatham &amp; Watkins<br \/>\nYPOG<br \/>\nCMS<br \/>\nOsborne Clarke<br \/>\nVogel Heerma Waitz<br \/>\nPOELLATH<\/p>\n<h4><strong>Public Law<\/strong><\/h4>\n<p><em><strong>Public Law Lawyer of the Year<\/strong><\/em><br \/>\nUte Jasper, Heuking<br \/>\nWolf Spieth, POSSER SPIETH WOLFERS<br \/>\nUlrich Soltesz, Gleiss Lutz<br \/>\nChristiane Kappes, CMS<br \/>\nThomas Mayen, Dolde Mayen &amp; Partner<br \/>\nAndreas Rosenfeld, Redeker Sellner Dahs<br \/>\nBenedikt Wolfers, POSSER SPIETH WOLFERS<br \/>\nRoland Stein, Blomstein<\/p>\n<p><em><strong>Public Law Team of the Year<\/strong><\/em><br \/>\nPOSSER SPIETH WOLFERS<br \/>\nRedeker Sellner Dahs<br \/>\nLuther<br \/>\nCMS<br \/>\nClifford Chance<br \/>\nGleiss Lutz<br \/>\nDolde Mayen &amp; Partner<br \/>\nBlomstein<br \/>\nChatham Partners<\/p>\n<h4><strong>Real Estate and Construction<\/strong><\/h4>\n<p><em><strong>Real Estate and Construction Lawyer of the Year<\/strong><\/em><br \/>\nMartin Krause, CMS<br \/>\nWolfgang Abel, LUTZ | ABEL<br \/>\nTim Weber, Gleiss Lutz<br \/>\nDirk Debald, Hogan Lovells<br \/>\nKlaus Eschenbruch, Kapellmann und Partner<br \/>\nChristian Schede, Greenberg Traurig<br \/>\nFlorian R\u00f6sch, Greenberg Traurig<br \/>\nWolfgang Breyer, Breyer Rechtsanw\u00e4lte<\/p>\n<p><em><strong>Real Estate and Construction Team of the Year<\/strong><\/em><br \/>\nHogan Lovells<br \/>\nLUTZ | ABEL<br \/>\nGreenberg Traurig<br \/>\nDentons<br \/>\nCMS<br \/>\nClifford Chance<br \/>\nGleiss Lutz<br \/>\nBREYER RECHTSANW\u00c4LTE<br \/>\nGSK Stockmann<br \/>\nKapellmann und Partner<br \/>\navocado rechtsanw\u00e4lte<\/p>\n<h4><strong>Restructuring<\/strong><\/h4>\n<p><em><strong>Restructuring Lawyer of the Year<\/strong><\/em><br \/>\nMathias Eisen, Milbank<br \/>\nStefan Sax, Clifford Chance<br \/>\nFranz Bernhard Herding, A&amp;O Shearman<br \/>\nAndreas Ziegenhagen, Dentons<br \/>\nAndreas Spahlinger, Gleiss Lutz<br \/>\nGeorg Streit, Heuking<br \/>\nAlexandra Schluck-Amend, CMS<br \/>\nCristina Weidner, Kirkland &amp; Ellis<br \/>\nSylwia Maria Bea-Pulverich, Norton Rose Fulbright<\/p>\n<p><em><strong>Restructuring Team of the Year<\/strong><\/em><br \/>\nDentons<br \/>\nA&amp;O Shearman<br \/>\nCMS<br \/>\nWhite &amp; Case<br \/>\nSimmons &amp; Simmons<br \/>\nGleiss Lutz<br \/>\nClifford Chance<br \/>\nMilbank<br \/>\nNorton Rose Fulbright<\/p>\n<h4><strong>Tax<\/strong><\/h4>\n<p><em><strong>Tax Lawyer of the Year<\/strong><\/em><br \/>\nOliver Rosenberg, Linklaters<br \/>\nJens Blumenberg, Linklaters<br \/>\nThomas Kleinheisterkamp, Milbank<br \/>\nFelix M\u00fchlh\u00e4user, Clifford Chance<br \/>\nMarkus Ernst, Hengeler Mueller<br \/>\nStefan S\u00fc\u00df, Latham &amp; Watkins<br \/>\nHeike Weber, A&amp;O Shearman<br \/>\nFlorian Lechner, A&amp;O Shearman<br \/>\nDominik Engl, Clifford Chance<\/p>\n<p><em><strong>Tax Team of the Year<\/strong><\/em><br \/>\nFlick Gocke Schaumburg<br \/>\nLinklaters<br \/>\nA&amp;O Shearman<br \/>\nClifford Chance<br \/>\nGleiss Lutz<br \/>\nHengeler Mueller<br \/>\nMilbank<br \/>\nNoerr<\/p>\n<h4><strong>Tech and Media<\/strong><\/h4>\n<p><em><strong>Tech and Media Lawyer of the Year<\/strong><\/em><br \/>\nJan Hegemann, Raue<br \/>\nPietro Graf Fringuelli, CMS<br \/>\nAndreas Lober, ADVANT Beiten<br \/>\nChristoph Wagner, Morrison Foerster<br \/>\nTim Wybitul, Latham &amp; Watkins<br \/>\nMartin Braun, Wilmer Hale<br \/>\nDetlev Gabel, White &amp; Case<br \/>\nFabian Niemann, Bird &amp; Bird<br \/>\nPeter Br\u00e4utigam, Noerr<br \/>\nRoger Mann, Damm &amp; Mann<\/p>\n<p><em><strong>Tech and Media Team of the Year<\/strong><\/em><br \/>\nBird &amp; Bird<br \/>\nCMS<br \/>\nLausen Rechtsanw\u00e4lte<br \/>\nRaue<br \/>\nDamm &amp; Mann<br \/>\nGreenberg Traurig<br \/>\nMorrison Foerster<br \/>\nLatham &amp; Watkins<br \/>\nNoerr<\/p>\n<h4><strong>Trade and Distribution<\/strong><\/h4>\n<p><em><strong>Trade and Distribution Lawyer of the Year<\/strong><\/em><br \/>\nPatrick Ayad, Hogan Lovells<br \/>\nKatharina Spenner, Baker McKenzie<br \/>\nFlorian Unseld, Hogan Lovells<br \/>\nEric Wagner, Gleiss Lutz<br \/>\nSylvia Ebersberger, DLA Piper<br \/>\nSteffen Gaber, Luther<br \/>\nB\u00e4rbel Sachs, Noerr<br \/>\nRaimond Emde, GvW Graf von Westphalen<\/p>\n<p><em><strong>Trade and Distribution Team of the Year<\/strong><\/em><br \/>\nCMS<br \/>\nHogan Lovells<br \/>\nNoerr<br \/>\nBlomstein<br \/>\nGvW Graf von Westphalen<br \/>\nLuther<br \/>\nTaylor Wessing<br \/>\nDentons<\/p>\n<hr \/>\n<h4><strong>Boutique Firm of the Year<\/strong><\/h4>\n<p>Sch\u00fcrmann Rosenthal Dreyer<br \/>\nBusse Disputes<br \/>\nWach und Meckes<br \/>\nLausen Rechtsanw\u00e4lte<br \/>\nBBG und Partner<br \/>\nFLEET HAMBURG<br \/>\nAnnerton<br \/>\nBardehle Pagenberg<br \/>\nK\u00f6chling &amp; Krahnefeld<\/p>\n<h4><strong>Deal of the Year<\/strong><\/h4>\n<p>Hengeler Mueller<br \/>\nTaylor Wessing<br \/>\nLatham &amp; Watkins<br \/>\nLinklaters<br \/>\nKirkland &amp; Ellis<br \/>\nClifford Chance<br \/>\nSZA Schilling, Zutt &amp; Ansch\u00fctz Rechtsanwaltsgesellschaft mbH<\/p>\n<h4><strong>Deutschland Firm of the Year<\/strong><\/h4>\n<p>YPOG<br \/>\nNoerr<br \/>\nHengeler Mueller<br \/>\nLuther<br \/>\nSKW Schwarz<br \/>\nLUTZ | ABEL<br \/>\nGleiss Lutz<br \/>\nAnnerton<br \/>\nRaue<br \/>\nLoschelder<br \/>\nOppenhoff<\/p>\n<h4><strong>ESG Firm of the Year<\/strong><\/h4>\n<p>Hogan Lovells<br \/>\nARQIS<br \/>\nLindenpartners<br \/>\nA&amp;O Shearman<br \/>\nLinklaters<br \/>\nLuther<br \/>\nDLA Piper<br \/>\nCMS<\/p>\n<h4><strong>In-house Lawyer of the Year<\/strong><\/h4>\n<p>Dr. Lena Wallenhorst, Zalando<br \/>\nNora Klug, Bosch<br \/>\nMatthew Lepore, BASF<br \/>\nGabriel Harnier, SAP<br \/>\nAndreas Liepe, BMW<\/p>\n<h4><strong>In-house Rising Star of the Year<\/strong><\/h4>\n<p>Dr. Maximilian Hoffmann, ATOSS Software<br \/>\nDr. Ivo Frohmueller, Deutsche B\u00f6rse<br \/>\nDr. Matthias D\u00f6ll, Deutsche Beteiligungs<br \/>\nAnne Febvre, Delivery Hero<br \/>\nJannicke Keller, Mundipharma<\/p>\n<h4><strong>In-house Team of the Year<\/strong><\/h4>\n<p>HUGO BOSS<br \/>\nING Deutschland<br \/>\nRWE<br \/>\nMainova<br \/>\nDeutsche Bank<\/p>\n<h4><strong>International Firm of the Year<\/strong><\/h4>\n<p>CMS<br \/>\nBird &amp; Bird<br \/>\nHogan Lovells<br \/>\nOsborne Clarke<br \/>\nWhite &amp; Case<br \/>\nA&amp;O Shearman<br \/>\nClifford Chance<br \/>\nLinklaters<br \/>\nTaylor Wessing<br \/>\nBaker McKenzie<\/p>\n<h4><strong>Lawyer of the Year<\/strong><\/h4>\n<p>Sven-Holger Undritz, White &amp; Case<br \/>\nPietro Graf Fringuelli, CMS<br \/>\nBarbara Reinhard, Kliemt<br \/>\nMarco Carbonare, Linklaters<br \/>\nDaniela B\u00f6ning, Hengeler Mueller<br \/>\nBenedikt Hohaus, POELLATH<br \/>\nAdem Koyuncu, Covington<br \/>\nChristian Cascante, Gleiss Lutz<br \/>\nTim Wybitul, Latham &amp; Watkins<\/p>\n<h4><strong>Marketing Team of the Year<\/strong><\/h4>\n<p>Gibson Dunn<br \/>\nJones Day<br \/>\nHogan Lovells<br \/>\nAshurst<br \/>\nLuther<br \/>\nNoerr<br \/>\nKrohn Rechtsanw\u00e4lte<br \/>\nACT Legal<\/p>\n<h4><strong>Most Innovative In-house Team of the Year<\/strong><\/h4>\n<p>Merck Gruppe<br \/>\nMercedes-Benz<br \/>\nPuma<br \/>\nVodafone<br \/>\nCovestro<\/p>\n<h4><strong>Next Generation Partner of the Year<\/strong><\/h4>\n<p>Woldemar H\u00e4ring, White &amp; Case<br \/>\nMaximilian B\u00fclau, Hengeler Mueller<br \/>\nDavid Rath, Latham &amp; Watkins<br \/>\nHenning Hilke, Hengeler Mueller<br \/>\nC\u00e4cilie L\u00fcneborg, SZA Schilling, Zutt &amp; Ansch\u00fctz Rechtsanwaltsgesellschaft mbH<br \/>\nTorsten Kraul, Noerr<br \/>\nCath\u00e9rine Elkemann, Harte-Bavendamm<br \/>\nKathrin Dingemann, Redeker Sellner Dahs<br \/>\nLisa Feuerhake, ZENK <span data-olk-copy-source=\"MessageBody\">Rechtsanw\u00e4lte<\/span><\/p>\n<h4><strong>Senior Partner of the Year<\/strong><\/h4>\n<p>Jan Dreyer, Arnecke Sibeth Dabelstein<br \/>\nRomina Polley, Cleary Gottlieb<br \/>\nGordian Hasselblatt, CMS<br \/>\nMatthias Terlau, G\u00f6rg<br \/>\nUte Jasper, Heuking<br \/>\nPatricia Volhard, Debevoise &amp; Plimpton<br \/>\nRalph Wollburg, Linklaters<br \/>\nChristian von Oertzen, Flick Gocke Schaumburg<br \/>\nRolf F\u00fcger, Milbank<\/p>\n<h4><strong>Up-and-coming Young Firm of the Year<\/strong><\/h4>\n<p>Aitava<br \/>\nc.r.p. law. partnerschaft mbb<br \/>\nOrbit<br \/>\nAntweilerLiebschwagerNieberding Rechtsanw\u00e4lte<br \/>\nSkaling<br \/>\nELP<br \/>\nRocan<br \/>\nDreyenberg<br \/>\nARKTIK<\/p>\n","protected":false},"excerpt":{"rendered":"<p>Antitrust Antitrust Lawyer of the Year Petra Linsmeier, Gleiss Lutz J\u00f6rg Karenfort, Dentons Anna Blume Huttenlauch, Blomstein Andreas Hahn, Oppenl\u00e4nder Tilman Kuhn, White &amp; Case Nicolas Kredel, Baker McKenzie Kathrin Westermann, Noerr Albrecht Bach, Oppenl\u00e4nder Antitrust Team of the Year White &amp; Case Oppenl\u00e4nder Dentons Luther Baker McKenzie Gleiss Lutz Hogan Lovells Blomstein Rocan Hengeler &hellip; <\/p>\n<p class=\"link-more\"><a href=\"https:\/\/my.legal500.com\/events\/germany-awards\/shortlist\/\" class=\"more-link\">Continue reading<span class=\"screen-reader-text\"> &#8220;Shortlist&#8221;<\/span><\/a><\/p>\n","protected":false},"author":27682,"featured_media":0,"parent":113040,"menu_order":0,"comment_status":"closed","ping_status":"closed","template":"","meta":{"footnotes":""},"class_list":["post-146314","page","type-page","status-publish","hentry"],"acf":[],"_links":{"self":[{"href":"https:\/\/my.legal500.com\/events\/wp-json\/wp\/v2\/pages\/146314","targetHints":{"allow":["GET"]}}],"collection":[{"href":"https:\/\/my.legal500.com\/events\/wp-json\/wp\/v2\/pages"}],"about":[{"href":"https:\/\/my.legal500.com\/events\/wp-json\/wp\/v2\/types\/page"}],"author":[{"embeddable":true,"href":"https:\/\/my.legal500.com\/events\/wp-json\/wp\/v2\/users\/27682"}],"replies":[{"embeddable":true,"href":"https:\/\/my.legal500.com\/events\/wp-json\/wp\/v2\/comments?post=146314"}],"version-history":[{"count":1,"href":"https:\/\/my.legal500.com\/events\/wp-json\/wp\/v2\/pages\/146314\/revisions"}],"predecessor-version":[{"id":205194,"href":"https:\/\/my.legal500.com\/events\/wp-json\/wp\/v2\/pages\/146314\/revisions\/205194"}],"up":[{"embeddable":true,"href":"https:\/\/my.legal500.com\/events\/wp-json\/wp\/v2\/pages\/113040"}],"wp:attachment":[{"href":"https:\/\/my.legal500.com\/events\/wp-json\/wp\/v2\/media?parent=146314"}],"curies":[{"name":"wp","href":"https:\/\/api.w.org\/{rel}","templated":true}]}}