{"id":135100,"date":"2023-11-09T09:00:18","date_gmt":"2023-11-09T09:00:18","guid":{"rendered":"https:\/\/www.legal500.com\/events\/?page_id=135100"},"modified":"2025-08-06T13:45:32","modified_gmt":"2025-08-06T13:45:32","slug":"winners","status":"publish","type":"page","link":"https:\/\/my.legal500.com\/events\/chile-awards\/winners\/","title":{"rendered":"Winners 2024"},"content":{"rendered":"<h4><strong>Banking and Finance<\/strong><\/h4>\n<p><strong><em>Firm of the Year<\/em><\/strong><br \/>\nClaro &amp; C\u00eda<\/p>\n<p><strong><em>Lawyer of the Year<\/em><\/strong><br \/>\nMiguel Coddou (Guerrero Olivos)<\/p>\n<p><strong><em>Rising Star of the Year<\/em><\/strong><br \/>\nIsabel Monge (Prieto Abogados)<\/p>\n<h4><strong>Bankruptcy and Restructuring<\/strong><\/h4>\n<p><strong><em>Firm of the Year<\/em><\/strong><br \/>\nCarey<\/p>\n<p><strong><em>Lawyer of the Year<\/em><\/strong><br \/>\nRicardo Reveco (Carey)<\/p>\n<p><strong><em>Rising Star of the Year<\/em><\/strong><br \/>\nAndr\u00e9s Lafuente<\/p>\n<h4><strong>Capital Markets<\/strong><\/h4>\n<p><strong><em> Firm of the Year<\/em><\/strong><br \/>\nCarey<\/p>\n<p><strong><em>Lawyer of the Year<\/em><\/strong><br \/>\nPedro Garc\u00eda (Garrigues Chile)<\/p>\n<p><strong><em>Rising Star of the Year<\/em><\/strong><br \/>\nNicol\u00e1s Garcia (HD Legal)<\/p>\n<h4><strong>Competition and Antitrust<\/strong><\/h4>\n<p><strong><em>Firm of the Year<\/em><\/strong><br \/>\nClaro &amp; Cia<\/p>\n<p><strong><em>Lawyer of the Year<\/em><\/strong><br \/>\nJuan Crist\u00f3bal Gumucio (Cariola D\u00edez P\u00e9rez-Cotapos)<\/p>\n<p><strong><em>Rising Star of the Year<\/em><\/strong><br \/>\nAndrea Von Chrismar (Prieto Abogados)<\/p>\n<h4><strong>Compliance<\/strong><\/h4>\n<p><strong><em> Firm of the Year<\/em><\/strong><br \/>\nBCP Abogados<\/p>\n<p><strong><em>Lawyer of the Year<\/em><\/strong><br \/>\nJorge Boldt (Cariola D\u00edez P\u00e9rez-Cotapos)<\/p>\n<p><strong><em>Rising Star of the Year<\/em><\/strong><br \/>\nDiego Madariaga (Prieto Abogados)<\/p>\n<h4><strong>Corporate and M&amp;A (mid-market)<\/strong><\/h4>\n<p><strong><em> Firm of the Year<\/em><\/strong><br \/>\nGarrigues Chile<\/p>\n<p><strong><em>Lawyer of the Year<\/em><\/strong><br \/>\n\u00c1lvaro Rosenblut (Albagli Zaliasnik)<\/p>\n<p><strong><em>Rising Star of the Year<\/em><\/strong><br \/>\nRoberto Carrillo (FerradaNehme)<\/p>\n<h4><strong>Corporate and M&amp;A (high-end)<\/strong><\/h4>\n<p><strong><em>Firm of the Year<\/em><\/strong><br \/>\nCarey<\/p>\n<p><strong><em>Lawyer of the Year<\/em><\/strong><br \/>\nJuan Tagle (Prieto Abogados)<\/p>\n<p><strong><em>Rising Star of the Year<\/em><\/strong><br \/>\nAntonia Ballacey (Bofill Mir Abogados)<\/p>\n<h4><strong>Dispute Resolution: Arbitration<\/strong><\/h4>\n<p><strong><em>Firm of the Year<\/em><\/strong><br \/>\nClaro &amp; Cia.<\/p>\n<p><strong><em>Lawyer of the Year<br \/>\n<\/em><\/strong>Andr\u00e9s Jana (Jana &amp; Gil Dispute Resolution)<\/p>\n<p><strong><em>Rising Star of the Year<\/em><\/strong><br \/>\nJos\u00e9 Joaqu\u00edn Verdugo (Garrigues Chile)<\/p>\n<h4><strong>Dispute Resolution: Litigation<\/strong><\/h4>\n<p><strong><em> Firm of the Year<\/em><\/strong><br \/>\nOrt\u00fazar, Vergara &amp; Boetsch Abogados<\/p>\n<p><strong><em>Lawyer of the Year<\/em><\/strong><br \/>\nJos\u00e9 Miguel Huerta (Claro &amp; Cia)<\/p>\n<p><strong><em>Rising Star of the Year<\/em><\/strong><br \/>\nManuela Cross (Philippi Prietocarrizosa Ferrero DU &amp; Ur\u00eda)<\/p>\n<h4><strong>Dispute Resolution: White Collar<\/strong><\/h4>\n<p><strong><em>Firm of the Year<\/em><\/strong><br \/>\nBofill Escobar Silva Abogados<\/p>\n<p><strong><em>Lawyer of the Year<\/em><\/strong><br \/>\nGabriel Zaliasnik (Albagli Zaliasnik)<\/p>\n<p><strong><em>Rising Star of the Year<\/em><\/strong><br \/>\nEduardo Alca\u00edno (Carey)<\/p>\n<h4><strong>Energy &amp; Natural Resources: Electricity &amp; Gas<\/strong><\/h4>\n<p><strong><em> Firm of the Year<\/em><\/strong><br \/>\nPrieto Abogados<\/p>\n<p><strong><em>Lawyer of the Year<\/em><\/strong><br \/>\nCrist\u00f3bal Morand\u00e9 (Larrain y Asociados Abogados)<\/p>\n<p><strong><em>Rising Star of the Year<\/em><\/strong><br \/>\nDiego Miranda (Allende Bascu\u00f1\u00e1n &amp; C\u00eda)<\/p>\n<h4><strong>Energy &amp; Natural Resources: Mining<\/strong><\/h4>\n<p><strong><em>Firm of the Year<\/em><\/strong><br \/>\nGuerrero Olivos<\/p>\n<p><strong><em>Lawyer of the Year<\/em><\/strong><br \/>\nPablo Mir (Bofill Mir Abogados)<\/p>\n<p><strong><em>Rising Star of the Year<\/em><\/strong><br \/>\nFelipe Ossa P (Philippi Prietocarrizosa Ferrero DU &amp; Ur\u00ed)<\/p>\n<h4><strong>Environment<\/strong><\/h4>\n<p><strong><em> Firm of the Year<\/em><\/strong><br \/>\nVergara Galindo Correa Abogados<\/p>\n<p><strong><em>Lawyer of the Year<br \/>\n<\/em><\/strong> Patricio Leyton (FerradaNehme)<\/p>\n<p><strong><em>Rising Star of the Year<\/em><\/strong><br \/>\nMara Angelini (Barros &amp; Err\u00e1zuriz)<\/p>\n<h4><strong>Insurance<\/strong><\/h4>\n<p><strong><em> Firm of the Year<\/em><\/strong><br \/>\nCarey<\/p>\n<p><strong><em>Lawyer of the Year<\/em><\/strong><br \/>\nAlejandro Acu\u00f1a (Acu\u00f1a &amp; Compa\u00f1\u00eda Abogados)<\/p>\n<p><strong><em>Rising Star of the Year<\/em><\/strong><br \/>\nJorge Soto (Carey)<\/p>\n<h4><strong>Intellectual Property<\/strong><\/h4>\n<p><strong><em>Firm of the Year<\/em><\/strong><br \/>\nSilva<\/p>\n<p><strong><em>Lawyer of the Year<\/em><\/strong><br \/>\nFelipe Claro (Claro &amp; Cia)<\/p>\n<p><strong><em>Rising Star of the Year<\/em><\/strong><br \/>\nDiego Morand\u00e9 (Guerrero Olivos)<\/p>\n<h4><strong>Labour and Employment<\/strong><\/h4>\n<p><strong><em>Firm of the Year<\/em><\/strong><br \/>\nMunita &amp; Olavarr\u00eda<\/p>\n<p><strong><em>Lawyer of the Year<\/em><\/strong><br \/>\nPaulina Miranda (Philippi Prietocarrizosa Ferrero DU &amp; Ur\u00eda)<\/p>\n<p><strong><em>Rising Star of the Year<\/em><\/strong><br \/>\nGonzalo Aravena (PAGBAM Schwencke Chile)#<\/p>\n<h4><strong>Projects and Infrastructure<\/strong><\/h4>\n<p><strong><em> Firm of the Year<\/em><\/strong><br \/>\nMorales &amp; Besa<\/p>\n<p><strong><em>Lawyer of the Year<\/em><\/strong><br \/>\nHern\u00e1n Fleischmann Chadwick (Fleischmann &amp; Rom\u00e1n Abogados)<\/p>\n<p><strong><em>Rising Star of the Year<\/em><\/strong><br \/>\nPedro Pablo Valenzuela (Philippi Prietocarrizosa Ferrero DU &amp; Ur\u00eda)<\/p>\n<h4><strong>Public Law<\/strong><\/h4>\n<p><strong><em> Firm of the Year<\/em><\/strong><br \/>\nEstudio Fermandois<\/p>\n<p><strong><em>Lawyer of the Year<\/em><\/strong><br \/>\nDavid Cademartori (Barros &amp; Err\u00e1zuriz)<\/p>\n<p><strong><em>Rising Star of the Year<\/em><\/strong><br \/>\nPablo Nogueira (Bofill Mir)<\/p>\n<h4><strong>Real Estate<\/strong><\/h4>\n<p><strong><em> Firm of the Year<\/em><\/strong><br \/>\nBarros &amp; Err\u00e1zuriz<\/p>\n<p><strong><em>Lawyer of the Year<\/em><\/strong><br \/>\nJuan Carlos Bulnes (Larrain y Asociados Abogados)<\/p>\n<p><strong><em>Rising Star of the Year<\/em><\/strong><br \/>\nFrancisca Rodr\u00edguez (MBC Abogados)<\/p>\n<h4><strong>Tax<\/strong><\/h4>\n<p><strong><em> Firm of the Year<\/em><\/strong><br \/>\nKPMG Chile<\/p>\n<p><strong><em>Lawyer of the Year<\/em><\/strong><br \/>\nCarola Trucco (Barros &amp; Err\u00e1zuriz)<\/p>\n<p><strong><em>Rising Star of the Year<\/em><\/strong><br \/>\nJos\u00e9 Miguel Gazitua (Cuatrecasas)<\/p>\n<h4><strong>TMT<\/strong><\/h4>\n<p><strong><em> Firm of the Year<\/em><\/strong><br \/>\nCarey<\/p>\n<p><strong><em>Lawyer of the Year<\/em><\/strong><br \/>\nClaudio Magliona (Magliona Abogados)<\/p>\n<p><strong><em>Rising Star of the Year<\/em><\/strong><br \/>\nAlejandra Leiton (Guerrero Olivos)<\/p>\n<h4><strong>Venture Capital<\/strong><\/h4>\n<p><strong><em> Firm of the Year<\/em><\/strong><br \/>\nDLA Piper<\/p>\n<p><strong><em>Lawyer of the Year<\/em><\/strong><br \/>\nPedro Lyon (Guerrero Olivos)<\/p>\n<p><strong><em>Rising Star of the Year<\/em><\/strong><br \/>\nJos\u00e9 Ignacio Mar\u00edn (DLA Piper Chile)<\/p>\n<h4><strong>Water Law<\/strong><\/h4>\n<p><strong><em> Firm of the Year<\/em><\/strong><br \/>\nPhilippi Prietocarrizosa Ferrero DU &amp; Ur\u00eda<\/p>\n<p><strong><em>Lawyer of the Year<\/em><\/strong><br \/>\nMat\u00edas Desmadryl (Philippi Prietocarrizosa Ferrero DU &amp; Ur\u00eda)<\/p>\n<p><strong><em>Rising Star of the Year<\/em><\/strong><br \/>\nFrancisca Pellegrini (Guerrero Olivos)<\/p>\n<h4><strong>Deal of the Year: Mining<\/strong><\/h4>\n<p>Carey<br \/>\nBorden Ladner Gervais<br \/>\nSkadden Arps Slate Meagher &amp; Flom<br \/>\nUrenda Rencoret Orrego &amp; D\u00f6rr<br \/>\nCassels Brock<br \/>\nPaul Weiss Rifkind Wharton &amp; Garrison LLP<\/p>\n<h4><strong>Deal of the Year: M&amp;A<\/strong><\/h4>\n<p>Carey<br \/>\nCuatrecasas<br \/>\nProskauer Rose<br \/>\nClaro &amp; C\u00eda<br \/>\nVinson &amp; Elkins<br \/>\nCMS<br \/>\nSkadden, Arps, Slate, Meagher &amp; Flom LLP<br \/>\nPaul Hastings LLP<\/p>\n<h4><strong>Deal of the Year: Finance<\/strong><\/h4>\n<p>Claro &amp; C\u00eda<br \/>\nShearman &amp; Sterling<br \/>\nWhite &amp; Case<br \/>\nMorales &amp; Besa<br \/>\nGuerrero Olivos<br \/>\nClifford Chance<br \/>\nHinckley Allen<br \/>\nKunstmann Spiess<br \/>\nClifford Chance<\/p>\n<h4><strong>International Firm of the Year<\/strong><\/h4>\n<p>Milbank<\/p>\n<h4><strong>In-house Rising Star of the Year<\/strong><\/h4>\n<p>Jorge Arab Massuh<\/p>\n<h4><strong>Marketing Team of the Year<\/strong><\/h4>\n<p>Cariola D\u00edez P\u00e9rez-Cotapos<\/p>\n<h4><strong>In-house Sustainability Team of the Year<\/strong><\/h4>\n<p>AES Andes<\/p>\n<h4><strong>DE&amp;I Law Firm Initiative<\/strong><\/h4>\n<p>FerradaNehme<\/p>\n<h4><strong>In-house Diversity Team of the Year<\/strong><\/h4>\n<p>J.P. Morgan Chase &amp; Co<\/p>\n<h4><strong>Rising Star Associate of the Year<\/strong><\/h4>\n<p>Francisca Pellegrini<\/p>\n<h4><strong>Next Generation Partner of the Year<\/strong><\/h4>\n<p>Josefina Y\u00e1var<\/p>\n<h4><strong>Boutique Firm of the Year<\/strong><\/h4>\n<p>Coz &amp; Blavi<\/p>\n<h4><strong>Up-and-Coming Firm of the Year<\/strong><\/h4>\n<p>ACU Abogados<\/p>\n<h4><strong>In-house Lawyer of the Year<\/strong><\/h4>\n<p>Gonzalo Smith<\/p>\n<h4><strong>Lawyer of the Year<\/strong><\/h4>\n<p>Mat\u00edas Zegers<\/p>\n<h4><strong>Senior partner of the Year<\/strong><\/h4>\n<p>Fernando Barros<\/p>\n<h4><strong>In-house Team of the Year<\/strong><\/h4>\n<p>LATAM Airlines<\/p>\n<h4><strong>Chile Law Firm of the Year<\/strong><\/h4>\n<p>Claro &amp; C\u00eda<\/p>\n","protected":false},"excerpt":{"rendered":"<p>Banking and Finance Firm of the Year Claro &amp; C\u00eda Lawyer of the Year Miguel Coddou (Guerrero Olivos) Rising Star of the Year Isabel Monge (Prieto Abogados) Bankruptcy and Restructuring Firm of the Year Carey Lawyer of the Year Ricardo Reveco (Carey) Rising Star of the Year Andr\u00e9s Lafuente Capital Markets Firm of the Year &hellip; <\/p>\n<p class=\"link-more\"><a href=\"https:\/\/my.legal500.com\/events\/chile-awards\/winners\/\" class=\"more-link\">Continue reading<span class=\"screen-reader-text\"> &#8220;Winners 2024&#8221;<\/span><\/a><\/p>\n","protected":false},"author":27682,"featured_media":0,"parent":111320,"menu_order":0,"comment_status":"closed","ping_status":"closed","template":"","meta":{"footnotes":""},"class_list":["post-135100","page","type-page","status-publish","hentry"],"acf":[],"_links":{"self":[{"href":"https:\/\/my.legal500.com\/events\/wp-json\/wp\/v2\/pages\/135100","targetHints":{"allow":["GET"]}}],"collection":[{"href":"https:\/\/my.legal500.com\/events\/wp-json\/wp\/v2\/pages"}],"about":[{"href":"https:\/\/my.legal500.com\/events\/wp-json\/wp\/v2\/types\/page"}],"author":[{"embeddable":true,"href":"https:\/\/my.legal500.com\/events\/wp-json\/wp\/v2\/users\/27682"}],"replies":[{"embeddable":true,"href":"https:\/\/my.legal500.com\/events\/wp-json\/wp\/v2\/comments?post=135100"}],"version-history":[{"count":4,"href":"https:\/\/my.legal500.com\/events\/wp-json\/wp\/v2\/pages\/135100\/revisions"}],"predecessor-version":[{"id":224644,"href":"https:\/\/my.legal500.com\/events\/wp-json\/wp\/v2\/pages\/135100\/revisions\/224644"}],"up":[{"embeddable":true,"href":"https:\/\/my.legal500.com\/events\/wp-json\/wp\/v2\/pages\/111320"}],"wp:attachment":[{"href":"https:\/\/my.legal500.com\/events\/wp-json\/wp\/v2\/media?parent=135100"}],"curies":[{"name":"wp","href":"https:\/\/api.w.org\/{rel}","templated":true}]}}